{"id":9662,"date":"2019-03-13T18:07:10","date_gmt":"2019-03-13T16:07:10","guid":{"rendered":"https:\/\/cutismedical.com\/et\/product\/stylage-m\/"},"modified":"2025-11-26T12:51:52","modified_gmt":"2025-11-26T10:51:52","slug":"stylage-m","status":"publish","type":"product","link":"https:\/\/cutismedical.shop\/et\/shop-es\/fillerid-et\/stylage-m\/","title":{"rendered":"Stylage Bi-Soft M (2*1ml)"},"content":{"rendered":"<p>STYLAGE<sup>\u00ae<\/sup> S (lid ja ilma): peenikeste kuni keskmiste kortsude jaoks, perioraalse piirkonna ja niisutuse jaoks. STYLAGE<sup>\u00ae<\/sup> M (lid ja ilma): keskmiste kuni s\u00fcgavate kortsude jaoks (dermis). STYLAGE<sup>\u00ae<\/sup> L (lid ja ilma): s\u00fcgavate kuni v\u00e4ga s\u00fcgavate kortsude jaoks (dermis) ja mahu taastamiseks k\u00e4eselja piirkonnas (nahaalune kiht).<\/p>\n<p><a href=\"https:\/\/cutismedical.com\/wp-content\/uploads\/2019\/03\/or7eihbscqg-1.jpg\"><img loading=\"lazy\" decoding=\"async\" class=\"alignnone size-full wp-image-34800\" src=\"https:\/\/cutismedical.com\/wp-content\/uploads\/2019\/03\/or7eihbscqg-1.jpg\" alt=\"\" width=\"1077\" height=\"526\" srcset=\"https:\/\/cutismedical.shop\/wp-content\/uploads\/2019\/03\/or7eihbscqg-1.jpg 1077w, https:\/\/cutismedical.shop\/wp-content\/uploads\/2019\/03\/or7eihbscqg-1-150x73.jpg 150w, https:\/\/cutismedical.shop\/wp-content\/uploads\/2019\/03\/or7eihbscqg-1-592x289.jpg 592w, https:\/\/cutismedical.shop\/wp-content\/uploads\/2019\/03\/or7eihbscqg-1-800x391.jpg 800w, https:\/\/cutismedical.shop\/wp-content\/uploads\/2019\/03\/or7eihbscqg-1-768x375.jpg 768w, https:\/\/cutismedical.shop\/wp-content\/uploads\/2019\/03\/or7eihbscqg-1-510x249.jpg 510w\" sizes=\"auto, (max-width: 1077px) 100vw, 1077px\" \/><\/a><\/p>\n","protected":false},"excerpt":{"rendered":"<p><span style=\"color: #d83131;\"><strong>Ei ole mu\u0308u\u0308giks ELis!<\/strong><\/span><\/p>\n<p>STYLAGE<sup>\u00ae<\/sup> h\u00fcaluroonhappe geel t\u00e4idab kortse ja muudab naha pinna n\u00e4htavalt siledamaks. P\u00e4rast n\u00e4idustuse m\u00e4\u00e4ramist valib spetsialist sobiva STYLAGE<sup>\u00ae<\/sup> ravi vastavalt patsiendi naha seisundile, vanusele, kortsude s\u00fcgavusele ja soovitud efektile: STYLAGE<sup>\u00ae<\/sup> S, M v\u00f5i L.<\/p>\n","protected":false},"featured_media":34816,"template":"","meta":{"_seopress_robots_primary_cat":"none","_seopress_titles_title":"","_seopress_titles_desc":"","_seopress_robots_index":""},"item":[1679],"product_cat":[154],"product_tag":[],"class_list":{"0":"post-9662","1":"product","2":"type-product","3":"status-publish","4":"has-post-thumbnail","6":"item-stylage-et","7":"product_cat-fillerid-et","9":"first","10":"instock","11":"taxable","12":"shipping-taxable","13":"purchasable","14":"product-type-variable"},"_links":{"self":[{"href":"https:\/\/cutismedical.shop\/et\/wp-json\/wp\/v2\/product\/9662","targetHints":{"allow":["GET"]}}],"collection":[{"href":"https:\/\/cutismedical.shop\/et\/wp-json\/wp\/v2\/product"}],"about":[{"href":"https:\/\/cutismedical.shop\/et\/wp-json\/wp\/v2\/types\/product"}],"wp:featuredmedia":[{"embeddable":true,"href":"https:\/\/cutismedical.shop\/et\/wp-json\/wp\/v2\/media\/34816"}],"wp:attachment":[{"href":"https:\/\/cutismedical.shop\/et\/wp-json\/wp\/v2\/media?parent=9662"}],"wp:term":[{"taxonomy":"item","embeddable":true,"href":"https:\/\/cutismedical.shop\/et\/wp-json\/wp\/v2\/item?post=9662"},{"taxonomy":"product_cat","embeddable":true,"href":"https:\/\/cutismedical.shop\/et\/wp-json\/wp\/v2\/product_cat?post=9662"},{"taxonomy":"product_tag","embeddable":true,"href":"https:\/\/cutismedical.shop\/et\/wp-json\/wp\/v2\/product_tag?post=9662"}],"curies":[{"name":"wp","href":"https:\/\/api.w.org\/{rel}","templated":true}]}}