{"id":9571,"date":"2019-03-06T23:19:25","date_gmt":"2019-03-06T21:19:25","guid":{"rendered":"https:\/\/cutismedical.com\/et\/toode\/pqage-evolution-14pcs-box-copy\/"},"modified":"2025-03-10T13:57:41","modified_gmt":"2025-03-10T11:57:41","slug":"pqage-evolution-1-box-14-pcs-copy","status":"publish","type":"product","link":"https:\/\/cutismedical.shop\/et\/shop-es\/keemilised-piilingud-et\/pqage-evolution-1-box-14-pcs-copy\/","title":{"rendered":"Promoitalia. PQAge Evolution PLUS 1 pakk (14tk*3ml)"},"content":{"rendered":"<p>Komponendid<\/p>\n<p>Trikloro\u00e4\u00e4dikhape on toode, mis on esteetilises meditsiinis juba tuntud. Avastatud 1920ndate alguses, kasutatakse seda laialdaselt koorimisvahendina, mis suudab esile kutsuda tugeva epidermise koorumise ja dermise intensiivse stimuleerimise, eriti fibroblastide ja kollageeni. (kontsentratsioon vahemikus 30\u201335%)<\/p>\n<p>Karbamiidperoksiid on tahke \u00fchend, mis sisaldab v\u00f5rdses koguses vesinikperoksiidi ja karbamiidi. See valge kristalne aine lahustub vees, moodustades vaba vesinikperoksiidi. Hambaravis tuntakse seda sageli karbamiidperoksiidina ja kasutatakse valgendamiseks ja desinfitseerimiseks. (kontsentratsioon vahemikus 2\u20135%)<\/p>\n<p>Koens\u00fc\u00fcm Q10, v\u00f5i ubikinoon, on oluline element mitokondrite korrektseks funktsioneerimiseks \u2013 raku sees olev organell, mis t\u00f6\u00f6tab &#8220;elektrijaamana&#8221;. Koens\u00fc\u00fcm Q10 soodustab hapniku juuresolekul ATP tootmist, olles h\u00e4davajalik f\u00fc\u00fcsilise efektiivsuse s\u00e4ilitamiseks. (kontsentratsioon vahemikus 1\u20135%)<\/p>\n<p>Kojiinhape on aine, mis on tuntud oma erakordsete valgendavate omaduste poolest. Kojiinhappe toimemehhanism on \u00fcsna keeruline: aine toimib melaniini \u2013 peamise naha v\u00e4rvuse m\u00e4\u00e4rava pigmendi \u2013 bios\u00fcnteesi p\u00e4rssimise kaudu. Lisaks tuntud depigmenteerivatele omadustele on kojiinhappel ka antioks\u00fcdantsed, antibakteriaalsed ja seenevastased omadused. (kontsentratsioon vahemikus 5\u201310%)<\/p>\n<p><span style=\"color: #333399;\"><a style=\"color: #333399;\" href=\"https:\/\/fex.net\/ru\/s\/vlbolb1\">KASUTUSPROTOKOLL<\/a><\/span><\/p>\n","protected":false},"excerpt":{"rendered":"<p><span style=\"color: #ed1c24;\"><strong>Ei ole mu\u0308u\u0308giks ELis!<\/strong><\/span><\/p>\n<p>PAGE EVOLUTION PLUS: Mitteinvasiivse koorimise uuenduslik ja pinguldav evolutsioon. Uus, rikkalikum ja v\u00f5imsam valem ainulaadse kasvufaktorite koostisega, mis sarnaneb PRP-toimele ja millel on kosmeetilise meigi efekt. Unikaalne hooldus, mis revolutsioneerib koorimise kontseptsiooni. Kohene pinguldus ja s\u00fcgav regeneratsioon ilma tavap\u00e4raste koorimise k\u00f5rvaltoimeteta (koorumine ja p\u00f5letus). Page Evolution on m\u00f5eldud paikseks kasutamiseks ja tal ei ole turul konkurente!<\/p>\n","protected":false},"featured_media":12741,"template":"","meta":{"_seopress_robots_primary_cat":"none","_seopress_titles_title":"","_seopress_titles_desc":"","_seopress_robots_index":""},"item":[1194],"product_cat":[153],"product_tag":[1897],"class_list":{"0":"post-9571","1":"product","2":"type-product","3":"status-publish","4":"has-post-thumbnail","6":"item-promoitalia-et-2","7":"product_cat-keemilised-piilingud-et","8":"product_tag-pigmendilaigud","9":"pa_product_main_cat-professionaalne-hooldus","11":"first","12":"instock","13":"taxable","14":"shipping-taxable","15":"purchasable","16":"product-type-variable"},"_links":{"self":[{"href":"https:\/\/cutismedical.shop\/et\/wp-json\/wp\/v2\/product\/9571","targetHints":{"allow":["GET"]}}],"collection":[{"href":"https:\/\/cutismedical.shop\/et\/wp-json\/wp\/v2\/product"}],"about":[{"href":"https:\/\/cutismedical.shop\/et\/wp-json\/wp\/v2\/types\/product"}],"wp:featuredmedia":[{"embeddable":true,"href":"https:\/\/cutismedical.shop\/et\/wp-json\/wp\/v2\/media\/12741"}],"wp:attachment":[{"href":"https:\/\/cutismedical.shop\/et\/wp-json\/wp\/v2\/media?parent=9571"}],"wp:term":[{"taxonomy":"item","embeddable":true,"href":"https:\/\/cutismedical.shop\/et\/wp-json\/wp\/v2\/item?post=9571"},{"taxonomy":"product_cat","embeddable":true,"href":"https:\/\/cutismedical.shop\/et\/wp-json\/wp\/v2\/product_cat?post=9571"},{"taxonomy":"product_tag","embeddable":true,"href":"https:\/\/cutismedical.shop\/et\/wp-json\/wp\/v2\/product_tag?post=9571"}],"curies":[{"name":"wp","href":"https:\/\/api.w.org\/{rel}","templated":true}]}}