{"id":9553,"date":"2019-03-06T23:10:23","date_gmt":"2019-03-06T21:10:23","guid":{"rendered":"https:\/\/cutismedical.com\/et\/toode\/pink-intimate-system-14pcs-box-copy-2\/"},"modified":"2025-03-10T18:13:10","modified_gmt":"2025-03-10T16:13:10","slug":"__trashed","status":"publish","type":"product","link":"https:\/\/cutismedical.shop\/et\/shop-es\/keemilised-piilingud-et\/__trashed\/","title":{"rendered":"Promoitalia. Pink Intimate System 1 karp (14 tk * 3 ml) \/ Valgendamine"},"content":{"rendered":"<p>T\u00f5stmist ja heledust soodustavad koostisosad:<\/p>\n<ul>\n<li>Moduleeritud kloro\u00e4\u00e4dikhape<\/li>\n<li>Karbamiidperoksiid<\/li>\n<li>Kojiinhape<\/li>\n<li>Rutsinol<\/li>\n<li>Glutatioon<\/li>\n<\/ul>\n<p>Taastavad, biostimuleerivad ja rahustavad koostisosad:<\/p>\n<ul>\n<li>Papa\u00efnaas<\/li>\n<li>Genisteiin<\/li>\n<li>Retinool<\/li>\n<li>Bisabolool<\/li>\n<li>Lagritsaekstrakt<\/li>\n<\/ul>\n","protected":false},"excerpt":{"rendered":"<h4><span style=\"color: #ed1c24;\"><strong>Ei ole mu\u0308u\u0308giks ELis!<\/strong><\/span><\/h4>\n<p><strong>Pink Intimate System<\/strong> on ideaalne mitteinvasiivne lahendus intiimsete piirkondade nooruslikkuse ja tugevuse taastamiseks, mis on aastate jooksul kaduma l\u00e4inud.<\/p>\n<p>See uuenduslik s\u00fcsteem on esimene koorimine, mis t\u00f5stab, valgendab ja noorendab intiimpiirkondi, v\u00f5imaldades igal naisel tunda end oma kehas positiivsemalt, parandades mitte ainult enesekindlust, vaid ka intiimsust seksuaalvahekorra ajal.<\/p>\n<p>Ilma epidermise kihi h\u00e4irimiseta. Sobib igal aastaajal kasutamiseks, atraumaatiline ja mugav. Sobib nii naistele kui ka meestele.<\/p>\n","protected":false},"featured_media":4903,"template":"","meta":{"_seopress_robots_primary_cat":"none","_seopress_titles_title":"","_seopress_titles_desc":"","_seopress_robots_index":""},"item":[1194],"product_cat":[153],"product_tag":[1897],"class_list":{"0":"post-9553","1":"product","2":"type-product","3":"status-publish","4":"has-post-thumbnail","6":"item-promoitalia-et-2","7":"product_cat-keemilised-piilingud-et","8":"product_tag-pigmendilaigud","10":"first","11":"instock","12":"taxable","13":"shipping-taxable","14":"purchasable","15":"product-type-variable"},"_links":{"self":[{"href":"https:\/\/cutismedical.shop\/et\/wp-json\/wp\/v2\/product\/9553","targetHints":{"allow":["GET"]}}],"collection":[{"href":"https:\/\/cutismedical.shop\/et\/wp-json\/wp\/v2\/product"}],"about":[{"href":"https:\/\/cutismedical.shop\/et\/wp-json\/wp\/v2\/types\/product"}],"wp:featuredmedia":[{"embeddable":true,"href":"https:\/\/cutismedical.shop\/et\/wp-json\/wp\/v2\/media\/4903"}],"wp:attachment":[{"href":"https:\/\/cutismedical.shop\/et\/wp-json\/wp\/v2\/media?parent=9553"}],"wp:term":[{"taxonomy":"item","embeddable":true,"href":"https:\/\/cutismedical.shop\/et\/wp-json\/wp\/v2\/item?post=9553"},{"taxonomy":"product_cat","embeddable":true,"href":"https:\/\/cutismedical.shop\/et\/wp-json\/wp\/v2\/product_cat?post=9553"},{"taxonomy":"product_tag","embeddable":true,"href":"https:\/\/cutismedical.shop\/et\/wp-json\/wp\/v2\/product_tag?post=9553"}],"curies":[{"name":"wp","href":"https:\/\/api.w.org\/{rel}","templated":true}]}}