{"id":9514,"date":"2019-03-06T21:46:53","date_gmt":"2019-03-06T19:46:53","guid":{"rendered":"https:\/\/cutismedical.com\/et\/product\/teosyal-kiss-2\/"},"modified":"2024-11-14T02:12:04","modified_gmt":"2024-11-14T00:12:04","slug":"teosyal-kiss-2","status":"publish","type":"product","link":"https:\/\/cutismedical.shop\/et\/shop-es\/fillerid-et\/teosyal-kiss-2\/","title":{"rendered":"TEOSYAL Kiss 1tk\u04451ml (2 tk pakendis)"},"content":{"rendered":"<p>Teosyal Kiss 1 ml on m\u00f5eldud huulte kontuuri ja mahu harmoniseerimiseks. Teosyal Kiss PureSense on spetsiaalselt kohandatud huulte liikuvusele. T\u00e4nu optimaalsele kohesiivsusele ja ideaalsele elastsusprofiilile tagab see sujuvama s\u00fcstimise optimaalse kontrolliga, et saavutada loomulik ja pikaajaline tulemus. Sisaldab lidokaiini, mis on tugev anesteetikum mugavaks s\u00fcstimiseks.<\/p>\n<p>Teosyal on \u0160veitsi kaubam\u00e4rk, mida toodetakse \u0160veitsis. See on ohutu, t\u00f5hus ja pikaajaline h\u00fcaluroonhappel p\u00f5hinev toode, mis ei sisalda loomset p\u00e4ritolu komponente. Patsientidel on v\u00f5imalus saavutada koheseid tulemusi t\u00e4nu Teosyali suurep\u00e4rastele niisutus- ja elastsusomadustele. Teosyali patenteeritud valem sobib tundlikule nahale, kuna see sisaldab v\u00e4hem valke ja bakteriendotoksiine.<\/p>\n<p>Teosyal n\u00f5uab v\u00e4hem j\u00f5udu s\u00fcstimisel t\u00e4nu 25G n\u00f5elale, mis muudab protseduuri patsiendile v\u00e4hem valulikuks. Naha sisse tungimine on v\u00e4ga efektiivne t\u00e4nu m\u00e4\u00e4rdeainega kaetud kahekordse kaldservaga n\u00f5eltele.<\/p>\n<p><strong>Mis on karbis?<\/strong><\/p>\n<ul>\n<li>(27G) 25 mg\/ml h\u00fcaluroonhapet<\/li>\n<li>2 s\u00fcstalt 1 ml kohta pakendis<\/li>\n<\/ul>\n<p><strong>Teosyal Kiss k\u00f5rge viskoossusega sobib:<\/strong><\/p>\n<ul>\n<li>Huulte mahu suurendamiseks<\/li>\n<li>Huulte kuju korrigeerimiseks<\/li>\n<li>Suu \u00fcmbruse kortsude t\u00e4itmiseks<\/li>\n<\/ul>\n","protected":false},"excerpt":{"rendered":"<p><span style=\"color: #d83131;\"><strong>Ei ole mu\u0308u\u0308giks ELis!<\/strong><\/span><\/p>\n<p>Teosyal Kiss on m\u00f5eldud huulte kontuuri ja mahu harmoniseerimiseks.<\/p>\n","protected":false},"featured_media":9506,"template":"","meta":{"_seopress_robots_primary_cat":"none","_seopress_titles_title":"","_seopress_titles_desc":"","_seopress_robots_index":""},"item":[1466],"product_cat":[154],"product_tag":[],"class_list":{"0":"post-9514","1":"product","2":"type-product","3":"status-publish","4":"has-post-thumbnail","6":"item-teosyal-ru-2","7":"product_cat-fillerid-et","8":"pa_product_main_cat-professionaalne-hooldus","10":"first","11":"instock","12":"taxable","13":"shipping-taxable","14":"purchasable","15":"product-type-simple"},"_links":{"self":[{"href":"https:\/\/cutismedical.shop\/et\/wp-json\/wp\/v2\/product\/9514","targetHints":{"allow":["GET"]}}],"collection":[{"href":"https:\/\/cutismedical.shop\/et\/wp-json\/wp\/v2\/product"}],"about":[{"href":"https:\/\/cutismedical.shop\/et\/wp-json\/wp\/v2\/types\/product"}],"wp:featuredmedia":[{"embeddable":true,"href":"https:\/\/cutismedical.shop\/et\/wp-json\/wp\/v2\/media\/9506"}],"wp:attachment":[{"href":"https:\/\/cutismedical.shop\/et\/wp-json\/wp\/v2\/media?parent=9514"}],"wp:term":[{"taxonomy":"item","embeddable":true,"href":"https:\/\/cutismedical.shop\/et\/wp-json\/wp\/v2\/item?post=9514"},{"taxonomy":"product_cat","embeddable":true,"href":"https:\/\/cutismedical.shop\/et\/wp-json\/wp\/v2\/product_cat?post=9514"},{"taxonomy":"product_tag","embeddable":true,"href":"https:\/\/cutismedical.shop\/et\/wp-json\/wp\/v2\/product_tag?post=9514"}],"curies":[{"name":"wp","href":"https:\/\/api.w.org\/{rel}","templated":true}]}}