{"id":92110,"date":"2025-06-26T15:04:46","date_gmt":"2025-06-26T13:04:46","guid":{"rendered":"https:\/\/cutismedical.com\/shop\/maaratlemata\/skinclinic-massage-anti-cellulite-cream-1000ml\/"},"modified":"2025-06-26T15:04:46","modified_gmt":"2025-06-26T13:04:46","slug":"skinclinic-massage-anti-cellulite-cream-1000ml","status":"publish","type":"product","link":"https:\/\/cutismedical.shop\/et\/shop-es\/nahahooldus\/keha-et-prof\/skinclinic-massage-anti-cellulite-cream-1000ml\/","title":{"rendered":"SkinClinic | Massaa\u017e. Tselluliidivastane kreem 1000 ml."},"content":{"rendered":"<p>Sellel on kolmekordne toime: tselluliidi vastane, v\u00e4hendav ja drenaa\u017e.<\/p>\n<p>&nbsp;<\/p>\n<p><strong>Eelised<\/strong><\/p>\n<ul>\n<li>Tselluliidi kosmeetiline hooldus.<\/li>\n<li>Kasutada koos spetsiaalse kreemitekstuuriga seadmega.<\/li>\n<li>Parandab veepeetust ja rasva kogunemist.<\/li>\n<li>Drenaa\u017e ja lipol\u00fc\u00fctiline toime.<\/li>\n<li>Kohalike rasvade ladestumise v\u00e4hendamine.<\/li>\n<\/ul>\n<p>&nbsp;<\/p>\n<p><strong>Kuidas kasutada?<\/strong><\/p>\n<p>Kanna ravile vajalikule alale ja kasuta seej\u00e4rel sobivat seadmet.<\/p>\n<p>&nbsp;<\/p>\n<p><strong>Koostisained<\/strong><\/p>\n<p>Karnitiin, kofeiin, fukus, luuderohi, hobukastan, ruscus, kofeiin, L-karnitiin.<\/p>\n","protected":false},"excerpt":{"rendered":"<p>Tselluliidivastane kreem on kosmeetikatoode professionaalseks kasutamiseks tselluliidivastastes hooldustes, kasutades spetsiaalset kreemi ja massaa\u017eitehnikaid.<\/p>\n","protected":false},"featured_media":92106,"template":"","meta":{"_seopress_robots_primary_cat":"","_seopress_titles_title":"","_seopress_titles_desc":"","_seopress_robots_index":""},"item":[2243],"product_cat":[1813,366,1910,1940,1849,1860],"product_tag":[1906],"class_list":{"0":"post-92110","1":"product","2":"type-product","3":"status-publish","4":"has-post-thumbnail","6":"item-skinclinic-et","7":"product_cat-otstarve","8":"product_cat-keha-et","9":"product_cat-nahahooldus","10":"product_cat-keha-et-prof","11":"product_cat-nahahooldus-nahatuubi-jargi","12":"product_cat-tselluliit","13":"product_tag-tselluliit","14":"pa_register_only-register_price","16":"first","17":"instock","18":"taxable","19":"shipping-taxable","20":"purchasable","21":"product-type-simple"},"_links":{"self":[{"href":"https:\/\/cutismedical.shop\/et\/wp-json\/wp\/v2\/product\/92110","targetHints":{"allow":["GET"]}}],"collection":[{"href":"https:\/\/cutismedical.shop\/et\/wp-json\/wp\/v2\/product"}],"about":[{"href":"https:\/\/cutismedical.shop\/et\/wp-json\/wp\/v2\/types\/product"}],"wp:featuredmedia":[{"embeddable":true,"href":"https:\/\/cutismedical.shop\/et\/wp-json\/wp\/v2\/media\/92106"}],"wp:attachment":[{"href":"https:\/\/cutismedical.shop\/et\/wp-json\/wp\/v2\/media?parent=92110"}],"wp:term":[{"taxonomy":"item","embeddable":true,"href":"https:\/\/cutismedical.shop\/et\/wp-json\/wp\/v2\/item?post=92110"},{"taxonomy":"product_cat","embeddable":true,"href":"https:\/\/cutismedical.shop\/et\/wp-json\/wp\/v2\/product_cat?post=92110"},{"taxonomy":"product_tag","embeddable":true,"href":"https:\/\/cutismedical.shop\/et\/wp-json\/wp\/v2\/product_tag?post=92110"}],"curies":[{"name":"wp","href":"https:\/\/api.w.org\/{rel}","templated":true}]}}