{"id":91976,"date":"2025-06-25T14:37:54","date_gmt":"2025-06-25T12:37:54","guid":{"rendered":"https:\/\/cutismedical.com\/shop\/maaratlemata\/skinclinic-mask-refresh-face-mask-1-box-5pcs\/"},"modified":"2025-06-25T14:37:54","modified_gmt":"2025-06-25T12:37:54","slug":"skinclinic-mask-refresh-face-mask-1-box-5pcs","status":"publish","type":"product","link":"https:\/\/cutismedical.shop\/et\/shop-es\/nahahooldus\/maskid-et-prof\/skinclinic-mask-refresh-face-mask-1-box-5pcs\/","title":{"rendered":"SkinClinic | Mask. Refresh n\u00e4omask 1 karp* 5 tk."},"content":{"rendered":"<p>See annab nahale kohese heaolutunde. T\u00e4nu oma toimeainetele parandab see ka naha optimaalset niisutust.<\/p>\n<p>&nbsp;<\/p>\n<p><strong>Eelised<\/strong><\/p>\n<ul>\n<li>Ideaalne stressis v\u00f5i \u00e4rritunud naha rahustamiseks.<\/li>\n<li>Nahahooldus ja niisutamine p\u00e4rast ravi.<\/li>\n<\/ul>\n<p>&nbsp;<\/p>\n<p><strong>Kuidas kasutada?<\/strong><\/p>\n<p>V\u00f5tke n\u00e4omask kotist v\u00e4lja ja levitage see h\u00e4sti \u00fcle kogu n\u00e4o ja kaela. Kotti j\u00e4\u00e4nud toote v\u00f5ib j\u00e4rk-j\u00e4rgult n\u00e4omaskile kanda. Mask on silmade, suu ja kaela kujuline, mist\u00f5ttu on seda v\u00e4ga lihtne kasutada. Laske maskil m\u00f5juda umbes 10\u201325 minutit. Seej\u00e4rel eemaldage n\u00e4omask n\u00e4olt ja kaelalt ning masseerige \u00f5rnalt, kuni toode on t\u00e4ielikult imendunud. Seej\u00e4rel kandke peale oma tavaline kreem.<\/p>\n<p>&nbsp;<\/p>\n<p><strong>Koostisained<\/strong><\/p>\n<p>Aloe vera, saialille, h\u00fcaluroonhape<\/p>\n","protected":false},"excerpt":{"rendered":"<p>Rahustava toimega n\u00e4o- ja kaelahooldusmask.<\/p>\n<p>See rahustab ja v\u00e4hendab naha stressi t\u00e4nu looduslike toimeainete kombinatsioonile ja maski valmistamiseks kasutatud kangale, mis aitab parandada toimeainete imendumist.<\/p>\n","protected":false},"featured_media":91972,"template":"","meta":{"_seopress_robots_primary_cat":"","_seopress_titles_title":"","_seopress_titles_desc":"","_seopress_robots_index":""},"item":[2243],"product_cat":[1813,152,1910,1919,1849,1854],"product_tag":[1888],"class_list":{"0":"post-91976","1":"product","2":"type-product","3":"status-publish","4":"has-post-thumbnail","6":"item-skinclinic-et","7":"product_cat-otstarve","8":"product_cat-maskid-et","9":"product_cat-nahahooldus","10":"product_cat-maskid-et-prof","11":"product_cat-nahahooldus-nahatuubi-jargi","12":"product_cat-tundlik-nahk","13":"product_tag-tundlik-nahk","14":"pa_product_main_cat-kodune-hooldus","15":"pa_product_main_cat-professionaalne-hooldus","16":"pa_register_only-register_price","17":"pa_register_only-new_regular_price","19":"first","20":"instock","21":"taxable","22":"shipping-taxable","23":"product-type-simple"},"_links":{"self":[{"href":"https:\/\/cutismedical.shop\/et\/wp-json\/wp\/v2\/product\/91976","targetHints":{"allow":["GET"]}}],"collection":[{"href":"https:\/\/cutismedical.shop\/et\/wp-json\/wp\/v2\/product"}],"about":[{"href":"https:\/\/cutismedical.shop\/et\/wp-json\/wp\/v2\/types\/product"}],"wp:featuredmedia":[{"embeddable":true,"href":"https:\/\/cutismedical.shop\/et\/wp-json\/wp\/v2\/media\/91972"}],"wp:attachment":[{"href":"https:\/\/cutismedical.shop\/et\/wp-json\/wp\/v2\/media?parent=91976"}],"wp:term":[{"taxonomy":"item","embeddable":true,"href":"https:\/\/cutismedical.shop\/et\/wp-json\/wp\/v2\/item?post=91976"},{"taxonomy":"product_cat","embeddable":true,"href":"https:\/\/cutismedical.shop\/et\/wp-json\/wp\/v2\/product_cat?post=91976"},{"taxonomy":"product_tag","embeddable":true,"href":"https:\/\/cutismedical.shop\/et\/wp-json\/wp\/v2\/product_tag?post=91976"}],"curies":[{"name":"wp","href":"https:\/\/api.w.org\/{rel}","templated":true}]}}