{"id":91960,"date":"2025-06-25T14:14:10","date_gmt":"2025-06-25T12:14:10","guid":{"rendered":"https:\/\/cutismedical.com\/shop\/maaratlemata\/skinclinic-mask-biocelmask-calm-effect-1pc\/"},"modified":"2025-06-25T14:14:10","modified_gmt":"2025-06-25T12:14:10","slug":"skinclinic-mask-biocelmask-calm-effect-1pc","status":"publish","type":"product","link":"https:\/\/cutismedical.shop\/et\/shop-es\/nahahooldus\/maskid-et-prof\/skinclinic-mask-biocelmask-calm-effect-1pc\/","title":{"rendered":"SkinClinic | Mask. BiocelMask rahustav toime 1 tk."},"content":{"rendered":"<p>See on spetsiaalselt m\u00f5eldud tundlikule v\u00f5i \u00fclitundlikule nahale v\u00f5i roosatseaga nahale.<\/p>\n<p>T\u00e4nu rahustavatele ja taastavatele toimeainetele niisutab ja parandab see kahjustatud v\u00f5i rikutud nahka.<\/p>\n<p>&nbsp;<\/p>\n<p><strong>Eelised<\/strong><\/p>\n<ul>\n<li>Rahustav ja v\u00e4rskendav toime p\u00e4rast meditsiinilisi esteetilisi protseduure.<\/li>\n<li>Nahka taastav.<\/li>\n<li>Epiteelistav toime.<\/li>\n<li>Intensiivne niisutamine.<\/li>\n<li>Taastav toime p\u00e4rast v\u00e4liste m\u00f5jurite kahjustusi.<\/li>\n<li>Sobib k\u00f5ikidele nahat\u00fc\u00fcpidele, ka tundlikule nahale.<\/li>\n<\/ul>\n<p>&nbsp;<\/p>\n<p><strong>Kuidas kasutada?<\/strong><\/p>\n<ul>\n<li>Eemalda \u00fcks kaitsekile maski \u00fchelt poolt.<\/li>\n<li>Aseta mask eelnevalt puhastatud nahale, kuhu kaitsekile ei ole.<\/li>\n<li>Eemalda teine kaitsekile.<\/li>\n<li>Kujundage ja kohandage mask. Koputage s\u00f5rmeotstega, et seerum imenduks nahka.<\/li>\n<li>Eemaldage 15\u201330 minuti p\u00e4rast. Masseerige, kuni seerum on t\u00e4ielikult imendunud. \u00c4rge loputage veega.<\/li>\n<\/ul>\n<p>&nbsp;<\/p>\n<p><strong>Koostisained<\/strong><\/p>\n<p>Ferulhape, h\u00fcaluroonhape<\/p>\n","protected":false},"excerpt":{"rendered":"<p>Rahustav ja v\u00e4rskendav toime.<\/p>\n<p>BiocelMASK Calm Effect on biotselluloosist mask, mis on loodud rahustava ja v\u00e4rskendava toime saavutamiseks p\u00e4rast mis tahes hooldust salongis v\u00f5i kodus.<\/p>\n","protected":false},"featured_media":91956,"template":"","meta":{"_seopress_robots_primary_cat":"","_seopress_titles_title":"","_seopress_titles_desc":"","_seopress_robots_index":""},"item":[2243],"product_cat":[1813,152,1910,1919,1849,1854,1855],"product_tag":[1891,1888],"class_list":{"0":"post-91960","1":"product","2":"type-product","3":"status-publish","4":"has-post-thumbnail","6":"item-skinclinic-et","7":"product_cat-otstarve","8":"product_cat-maskid-et","9":"product_cat-nahahooldus","10":"product_cat-maskid-et-prof","11":"product_cat-nahahooldus-nahatuubi-jargi","12":"product_cat-tundlik-nahk","13":"product_cat-kuperoos-ja-rosaatsea","14":"product_tag-kuperoos-ja-rosaatsea","15":"product_tag-tundlik-nahk","16":"pa_product_main_cat-kodune-hooldus","17":"pa_product_main_cat-professionaalne-hooldus","18":"pa_register_only-register_price","20":"pa_register_only-new_regular_price","23":"first","24":"instock","25":"taxable","26":"shipping-taxable","27":"purchasable","28":"product-type-simple"},"_links":{"self":[{"href":"https:\/\/cutismedical.shop\/et\/wp-json\/wp\/v2\/product\/91960","targetHints":{"allow":["GET"]}}],"collection":[{"href":"https:\/\/cutismedical.shop\/et\/wp-json\/wp\/v2\/product"}],"about":[{"href":"https:\/\/cutismedical.shop\/et\/wp-json\/wp\/v2\/types\/product"}],"wp:featuredmedia":[{"embeddable":true,"href":"https:\/\/cutismedical.shop\/et\/wp-json\/wp\/v2\/media\/91956"}],"wp:attachment":[{"href":"https:\/\/cutismedical.shop\/et\/wp-json\/wp\/v2\/media?parent=91960"}],"wp:term":[{"taxonomy":"item","embeddable":true,"href":"https:\/\/cutismedical.shop\/et\/wp-json\/wp\/v2\/item?post=91960"},{"taxonomy":"product_cat","embeddable":true,"href":"https:\/\/cutismedical.shop\/et\/wp-json\/wp\/v2\/product_cat?post=91960"},{"taxonomy":"product_tag","embeddable":true,"href":"https:\/\/cutismedical.shop\/et\/wp-json\/wp\/v2\/product_tag?post=91960"}],"curies":[{"name":"wp","href":"https:\/\/api.w.org\/{rel}","templated":true}]}}