{"id":91815,"date":"2025-06-24T16:18:37","date_gmt":"2025-06-24T14:18:37","guid":{"rendered":"https:\/\/cutismedical.com\/shop\/maaratlemata\/skinclinic-firming-anticellulite-celunight-200ml\/"},"modified":"2025-06-24T16:18:37","modified_gmt":"2025-06-24T14:18:37","slug":"skinclinic-firming-anticellulite-celunight-200ml","status":"publish","type":"product","link":"https:\/\/cutismedical.shop\/et\/shop-es\/nahahooldus\/keha-et-prof\/skinclinic-firming-anticellulite-celunight-200ml\/","title":{"rendered":"SkinClinic | K\u00f5vastav ja tselluliidivastane. Celunight 200 ml."},"content":{"rendered":"<p>See sisaldab Nocturshape\u00ae-i, mis t\u00f5hustab salendavat ja tselluliidivastast toimet \u00f6\u00f6p\u00e4evase r\u00fctmi abil, suurendades \u00f6ist tselluliidivastast aktiivsust. Samuti sisaldab see Actigym\u00ae-i, mis parandab lihastoonust. Rhodysterol\u00ae ja Sculptosane\u00ae on t\u00f5husad toimeained, millel on t\u00f5estatud salendav toime.<\/p>\n<p><strong>Eelised<\/strong><\/p>\n<ul>\n<li>K\u00f5igi tselluliidit\u00fc\u00fcpide ravi.<\/li>\n<li>Meditsiinilis-esteetilise kehahoolduse tulemuste ennetamine ja s\u00e4ilitamine.<\/li>\n<li>Oluliselt v\u00e4hendab \u201eapelsinikoort\u201d.<\/li>\n<li>Drenaa\u017e ja lipol\u00fc\u00fctiline toime.<\/li>\n<li>Reguleerib rasvkoe laienemist, ennetades uue tselluliidi tekkimist.<\/li>\n<li>Pinguldav ja v\u00e4hendav toime.<\/li>\n<li>Rasva kogunemise ennetamine.<\/li>\n<li>Kohalike rasvade ladestumise v\u00e4hendamine.<\/li>\n<\/ul>\n<p>&nbsp;<\/p>\n<p><strong>Kuidas kasutada?<\/strong><\/p>\n<p>Kanna kaks korda p\u00e4evas \u00f5rnalt masseerides hooldatavatele piirkondadele (k\u00f5ht, puusad, reied ja k\u00e4sivarred).<\/p>\n","protected":false},"excerpt":{"rendered":"<p>Intensiivne tselluliidi v\u00e4hendaja.<\/p>\n<p>Celunight on tselluliidi vastane kreem, mis on spetsiaalselt m\u00f5eldud k\u00f5ige vastupidavamale ja lokaalsele tselluliidile ning millel on kolmekordne toime: tselluliidi vastane, pinguldav ja v\u00e4hendav.<\/p>\n","protected":false},"featured_media":91808,"template":"","meta":{"_seopress_robots_primary_cat":"","_seopress_titles_title":"","_seopress_titles_desc":"","_seopress_robots_index":""},"item":[2243],"product_cat":[1813,366,1910,1940,1849,1860],"product_tag":[],"class_list":{"0":"post-91815","1":"product","2":"type-product","3":"status-publish","4":"has-post-thumbnail","6":"item-skinclinic-et","7":"product_cat-otstarve","8":"product_cat-keha-et","9":"product_cat-nahahooldus","10":"product_cat-keha-et-prof","11":"product_cat-nahahooldus-nahatuubi-jargi","12":"product_cat-tselluliit","13":"pa_product_main_cat-kodune-hooldus","14":"pa_product_main_cat-professionaalne-hooldus","15":"pa_register_only-register_price","17":"pa_register_only-new_regular_price","20":"first","21":"instock","22":"taxable","23":"shipping-taxable","24":"purchasable","25":"product-type-simple"},"_links":{"self":[{"href":"https:\/\/cutismedical.shop\/et\/wp-json\/wp\/v2\/product\/91815","targetHints":{"allow":["GET"]}}],"collection":[{"href":"https:\/\/cutismedical.shop\/et\/wp-json\/wp\/v2\/product"}],"about":[{"href":"https:\/\/cutismedical.shop\/et\/wp-json\/wp\/v2\/types\/product"}],"wp:featuredmedia":[{"embeddable":true,"href":"https:\/\/cutismedical.shop\/et\/wp-json\/wp\/v2\/media\/91808"}],"wp:attachment":[{"href":"https:\/\/cutismedical.shop\/et\/wp-json\/wp\/v2\/media?parent=91815"}],"wp:term":[{"taxonomy":"item","embeddable":true,"href":"https:\/\/cutismedical.shop\/et\/wp-json\/wp\/v2\/item?post=91815"},{"taxonomy":"product_cat","embeddable":true,"href":"https:\/\/cutismedical.shop\/et\/wp-json\/wp\/v2\/product_cat?post=91815"},{"taxonomy":"product_tag","embeddable":true,"href":"https:\/\/cutismedical.shop\/et\/wp-json\/wp\/v2\/product_tag?post=91815"}],"curies":[{"name":"wp","href":"https:\/\/api.w.org\/{rel}","templated":true}]}}