{"id":91801,"date":"2025-06-24T16:01:26","date_gmt":"2025-06-24T14:01:26","guid":{"rendered":"https:\/\/cutismedical.com\/shop\/maaratlemata\/skinclinic-firming-anticellulite-anti-cellulite-cream-500ml\/"},"modified":"2025-06-24T16:01:26","modified_gmt":"2025-06-24T14:01:26","slug":"skinclinic-firming-anticellulite-anti-cellulite-cream-500ml","status":"publish","type":"product","link":"https:\/\/cutismedical.shop\/et\/shop-es\/nahahooldus\/keha-et-prof\/skinclinic-firming-anticellulite-anti-cellulite-cream-500ml\/","title":{"rendered":"SkinClinic | Pinguldav ja tselluliidivastane. Tselluliidivastane kreem 500 ml."},"content":{"rendered":"<p>Sellel on kolmekordne toime: tselluliidi vastane, v\u00e4hendav ja drenaa\u017e.<\/p>\n<p>&nbsp;<\/p>\n<p><strong>Eelised<\/strong><\/p>\n<ul>\n<li>Tselluliidi kosmeetiline hooldus.<\/li>\n<li>Kasutada koos spetsiaalse kreemitekstuuriga seadmega.<\/li>\n<li>Parandab veepeetust ja rasva kogunemist.<\/li>\n<li>Drenaa\u017e ja lipol\u00fc\u00fctiline toime.<\/li>\n<li>Kohalike rasvade ladestumise v\u00e4hendamine.<\/li>\n<\/ul>\n<p>&nbsp;<\/p>\n<p><strong>Kuidas kasutada?<\/strong><\/p>\n<p>Kanna ravile vajalikule alale ja kasuta seej\u00e4rel sobivat seadmet.<\/p>\n<p>&nbsp;<\/p>\n<p><strong>Koostisained<\/strong><\/p>\n<p>Fucus, luuderohi, hobukastan, ruscus, kofeiin, L-karnitiin.<\/p>\n","protected":false},"excerpt":{"rendered":"<p>Salendav ja vedelikku eemaldav<\/p>\n<p>Anti-tselluliitkreem on professionaalseks kasutamiseks m\u00f5eldud kosmeetikatoode, mida kasutatakse tselluliidi vastases ravis spetsiaalse kreemi ja massaa\u017eitekstuuriga seadmetega.<\/p>\n","protected":false},"featured_media":91794,"template":"","meta":{"_seopress_robots_primary_cat":"","_seopress_titles_title":"","_seopress_titles_desc":"","_seopress_robots_index":""},"item":[2243],"product_cat":[1813,366,1910,1940,1849,1858,1860],"product_tag":[1900,1906],"class_list":{"0":"post-91801","1":"product","2":"type-product","3":"status-publish","4":"has-post-thumbnail","6":"item-skinclinic-et","7":"product_cat-otstarve","8":"product_cat-keha-et","9":"product_cat-nahahooldus","10":"product_cat-keha-et-prof","11":"product_cat-nahahooldus-nahatuubi-jargi","12":"product_cat-lotvunud-nahk","13":"product_cat-tselluliit","14":"product_tag-lotvunud-nahk","15":"product_tag-tselluliit","16":"pa_product_main_cat-kodune-hooldus","17":"pa_product_main_cat-professionaalne-hooldus","18":"pa_register_only-register_price","20":"pa_register_only-new_regular_price","23":"first","24":"instock","25":"taxable","26":"shipping-taxable","27":"purchasable","28":"product-type-simple"},"_links":{"self":[{"href":"https:\/\/cutismedical.shop\/et\/wp-json\/wp\/v2\/product\/91801","targetHints":{"allow":["GET"]}}],"collection":[{"href":"https:\/\/cutismedical.shop\/et\/wp-json\/wp\/v2\/product"}],"about":[{"href":"https:\/\/cutismedical.shop\/et\/wp-json\/wp\/v2\/types\/product"}],"wp:featuredmedia":[{"embeddable":true,"href":"https:\/\/cutismedical.shop\/et\/wp-json\/wp\/v2\/media\/91794"}],"wp:attachment":[{"href":"https:\/\/cutismedical.shop\/et\/wp-json\/wp\/v2\/media?parent=91801"}],"wp:term":[{"taxonomy":"item","embeddable":true,"href":"https:\/\/cutismedical.shop\/et\/wp-json\/wp\/v2\/item?post=91801"},{"taxonomy":"product_cat","embeddable":true,"href":"https:\/\/cutismedical.shop\/et\/wp-json\/wp\/v2\/product_cat?post=91801"},{"taxonomy":"product_tag","embeddable":true,"href":"https:\/\/cutismedical.shop\/et\/wp-json\/wp\/v2\/product_tag?post=91801"}],"curies":[{"name":"wp","href":"https:\/\/api.w.org\/{rel}","templated":true}]}}