{"id":91787,"date":"2025-06-24T15:43:19","date_gmt":"2025-06-24T13:43:19","guid":{"rendered":"https:\/\/cutismedical.com\/shop\/maaratlemata\/skinclinic-firming-anticellulite-500ml\/"},"modified":"2025-06-24T15:43:19","modified_gmt":"2025-06-24T13:43:19","slug":"skinclinic-firming-anticellulite-500ml","status":"publish","type":"product","link":"https:\/\/cutismedical.shop\/et\/shop-es\/nahahooldus\/keha-et-prof\/skinclinic-firming-anticellulite-500ml\/","title":{"rendered":"SkinClinic | Pinguldav ja tselluliidivastane. Pinguldav kreem 500 ml."},"content":{"rendered":"<p>T\u00e4nu aktiivsete koostisosade suurele kontsentratsioonile tugevdatakse naha elastsust ja pinguldust tagavaid struktuure, tagades naha pinguluse ja niisutuse.<\/p>\n<p>&nbsp;<\/p>\n<p><strong>Eelised<\/strong><\/p>\n<ul>\n<li>Keha pinguldamine.<\/li>\n<li>Skulptureeritud keha.<\/li>\n<li>Keha l\u00f5tvuse ennetamine ja hooldus.<\/li>\n<li>Konkreetsete pinguldavate hoolduste tulemuste s\u00e4ilitamine.<\/li>\n<li>Naha toonuse kadu kaalukaotuse, raseduse v\u00f5i vananemise t\u00f5ttu.<\/li>\n<\/ul>\n<p>&nbsp;<\/p>\n<p><strong>Kuidas kasutada?<\/strong><\/p>\n<p>Kanna nahale \u00f5rnalt ringjate liigutustega, et soodustada vereringet.<\/p>\n<p>&nbsp;<\/p>\n<p><strong>Koostisained<\/strong><\/p>\n<p>Looduslik kollageen, DMAE, pantenool, Centella Asiatica, \u017een\u0161en, luuderohi, mimoos, elastiin, uurea, nisuidud\u00f5li, kaer, mandli\u00f5li, gl\u00fctserool.<\/p>\n","protected":false},"excerpt":{"rendered":"<p>Keha pinguldamine.<\/p>\n<p>Pinguldava kreemi igap\u00e4evane kasutamine k\u00e4tel, k\u00f5hul, tuharatel ja reitel kiirendab tulemuste saavutamist.<\/p>\n","protected":false},"featured_media":91775,"template":"","meta":{"_seopress_robots_primary_cat":"none","_seopress_titles_title":"","_seopress_titles_desc":"","_seopress_robots_index":""},"item":[2243],"product_cat":[1813,366,1910,1940,1849,1858],"product_tag":[1900],"class_list":{"0":"post-91787","1":"product","2":"type-product","3":"status-publish","4":"has-post-thumbnail","6":"item-skinclinic-et","7":"product_cat-otstarve","8":"product_cat-keha-et","9":"product_cat-nahahooldus","10":"product_cat-keha-et-prof","11":"product_cat-nahahooldus-nahatuubi-jargi","12":"product_cat-lotvunud-nahk","13":"product_tag-lotvunud-nahk","14":"pa_register_only-register_price","15":"pa_register_only-new_regular_price","17":"first","18":"instock","19":"taxable","20":"shipping-taxable","21":"purchasable","22":"product-type-simple"},"_links":{"self":[{"href":"https:\/\/cutismedical.shop\/et\/wp-json\/wp\/v2\/product\/91787","targetHints":{"allow":["GET"]}}],"collection":[{"href":"https:\/\/cutismedical.shop\/et\/wp-json\/wp\/v2\/product"}],"about":[{"href":"https:\/\/cutismedical.shop\/et\/wp-json\/wp\/v2\/types\/product"}],"wp:featuredmedia":[{"embeddable":true,"href":"https:\/\/cutismedical.shop\/et\/wp-json\/wp\/v2\/media\/91775"}],"wp:attachment":[{"href":"https:\/\/cutismedical.shop\/et\/wp-json\/wp\/v2\/media?parent=91787"}],"wp:term":[{"taxonomy":"item","embeddable":true,"href":"https:\/\/cutismedical.shop\/et\/wp-json\/wp\/v2\/item?post=91787"},{"taxonomy":"product_cat","embeddable":true,"href":"https:\/\/cutismedical.shop\/et\/wp-json\/wp\/v2\/product_cat?post=91787"},{"taxonomy":"product_tag","embeddable":true,"href":"https:\/\/cutismedical.shop\/et\/wp-json\/wp\/v2\/product_tag?post=91787"}],"curies":[{"name":"wp","href":"https:\/\/api.w.org\/{rel}","templated":true}]}}