{"id":91765,"date":"2025-06-24T14:38:43","date_gmt":"2025-06-24T12:38:43","guid":{"rendered":"https:\/\/cutismedical.com\/shop\/maaratlemata\/skinclinic-body-care-tired-legs-gel-200ml\/"},"modified":"2025-06-24T14:38:43","modified_gmt":"2025-06-24T12:38:43","slug":"skinclinic-body-care-tired-legs-gel-200ml","status":"publish","type":"product","link":"https:\/\/cutismedical.shop\/et\/shop-es\/nahahooldus\/keha-et-prof\/skinclinic-body-care-tired-legs-gel-200ml\/","title":{"rendered":"SkinClinic | Keha hooldus. V\u00e4sinud jalgade geel 200 ml."},"content":{"rendered":"<p>V\u00e4sinud jalgade geel on spetsiaalne geel jalgade raskustunde leevendamiseks. Selle t\u00e4ielik koostis aktiveerib, rahustab ja toniseerib jalgu ja s\u00e4\u00e4ri, andes heaolu- ja mugavustunde.<\/p>\n<p>&nbsp;<\/p>\n<p><strong>Eelised<\/strong><\/p>\n<ul>\n<li>Geel v\u00e4sinud jalgadele.<\/li>\n<li>Aktiveerib, rahustab ja toniseerib.<\/li>\n<li>Leevendab jalgade raskustunnet.<\/li>\n<li>Taastab veenide tagasivoolu massaa\u017eiga.<\/li>\n<li>Parandab vedeliku kogunemist alaj\u00e4semetes massaa\u017ei abil.<\/li>\n<\/ul>\n<p>&nbsp;<\/p>\n<p><strong>Kuidas kasutada?<\/strong><\/p>\n<p>Kanna geeli \u00fcks v\u00f5i kaks korda p\u00e4evas kerge \u00fclespoole suunatud massaa\u017eiga jalgadelt jalgadele m\u00f5neks minutiks, kuni see on t\u00e4ielikult imendunud. Jahutava efekti saavutamiseks v\u00f5ib geeli hoida k\u00fclmkapis.<\/p>\n<p>&nbsp;<\/p>\n<p><strong>Koostisained<\/strong><\/p>\n<p>Hobukastan, punane viinapuu, ruscus, h\u00f5lmikpuu, hamamelis, gl\u00fctserool, mentool, kamfer, alfa-bisabolool.<\/p>\n","protected":false},"excerpt":{"rendered":"<p>Spetsiaalne geel jalgade raskustunde leevendamiseks.<\/p>\n","protected":false},"featured_media":91754,"template":"","meta":{"_seopress_robots_primary_cat":"","_seopress_titles_title":"","_seopress_titles_desc":"","_seopress_robots_index":""},"item":[2243],"product_cat":[1813,366,1910,1940],"product_tag":[],"class_list":{"0":"post-91765","1":"product","2":"type-product","3":"status-publish","4":"has-post-thumbnail","6":"item-skinclinic-et","7":"product_cat-otstarve","8":"product_cat-keha-et","9":"product_cat-nahahooldus","10":"product_cat-keha-et-prof","11":"pa_product_main_cat-kodune-hooldus","12":"pa_product_main_cat-professionaalne-hooldus","13":"pa_register_only-register_price","14":"pa_register_only-new_regular_price","16":"first","17":"instock","18":"taxable","19":"shipping-taxable","20":"purchasable","21":"product-type-simple"},"_links":{"self":[{"href":"https:\/\/cutismedical.shop\/et\/wp-json\/wp\/v2\/product\/91765","targetHints":{"allow":["GET"]}}],"collection":[{"href":"https:\/\/cutismedical.shop\/et\/wp-json\/wp\/v2\/product"}],"about":[{"href":"https:\/\/cutismedical.shop\/et\/wp-json\/wp\/v2\/types\/product"}],"wp:featuredmedia":[{"embeddable":true,"href":"https:\/\/cutismedical.shop\/et\/wp-json\/wp\/v2\/media\/91754"}],"wp:attachment":[{"href":"https:\/\/cutismedical.shop\/et\/wp-json\/wp\/v2\/media?parent=91765"}],"wp:term":[{"taxonomy":"item","embeddable":true,"href":"https:\/\/cutismedical.shop\/et\/wp-json\/wp\/v2\/item?post=91765"},{"taxonomy":"product_cat","embeddable":true,"href":"https:\/\/cutismedical.shop\/et\/wp-json\/wp\/v2\/product_cat?post=91765"},{"taxonomy":"product_tag","embeddable":true,"href":"https:\/\/cutismedical.shop\/et\/wp-json\/wp\/v2\/product_tag?post=91765"}],"curies":[{"name":"wp","href":"https:\/\/api.w.org\/{rel}","templated":true}]}}