{"id":91571,"date":"2025-06-23T15:22:20","date_gmt":"2025-06-23T13:22:21","guid":{"rendered":"https:\/\/cutismedical.com\/?post_type=product&#038;p=91571"},"modified":"2025-06-23T15:31:14","modified_gmt":"2025-06-23T13:31:14","slug":"skinclinic-kehahooldus-glukoolhappe-kehakreem-200-ml-copy","status":"publish","type":"product","link":"https:\/\/cutismedical.shop\/et\/shop-es\/nahahooldus\/keha-et-prof\/skinclinic-kehahooldus-glukoolhappe-kehakreem-200-ml-copy\/","title":{"rendered":"SkinClinic | Kehahooldus. Gl\u00fckoolhappe kehakreem 500 ml."},"content":{"rendered":"<p>Kohene ja kauakestev niisutus. Eriti sobiv v\u00e4ga kuivale nahale. Taastab naha h\u00fcdrolipiidkihi. \u00d5rn kooriv toime surnud naharakkudele, soodustades rakkude uuenemist.<\/p>\n<p><strong>Aktiivsed koostisosad:<\/strong><\/p>\n<p>Gl\u00fckoolhape, gl\u00fctserool, kaer, mandli- ja saialille\u00f5li, sheav\u00f5i ja E-vitamiin.<\/p>\n","protected":false},"excerpt":{"rendered":"<p>INTENSIIVNE NIISUTUS JA NAHA UUENEMINE.<\/p>\n","protected":false},"featured_media":42521,"template":"","meta":{"_seopress_robots_primary_cat":"none","_seopress_titles_title":"","_seopress_titles_desc":"","_seopress_robots_index":""},"item":[2243],"product_cat":[1813,366,1910,1940,1849,1852],"product_tag":[1882],"class_list":{"0":"post-91571","1":"product","2":"type-product","3":"status-publish","4":"has-post-thumbnail","6":"item-skinclinic-et","7":"product_cat-otstarve","8":"product_cat-keha-et","9":"product_cat-nahahooldus","10":"product_cat-keha-et-prof","11":"product_cat-nahahooldus-nahatuubi-jargi","12":"product_cat-kuiv-veetustunud-nahk","13":"product_tag-kuiv-veetustunud-nahk","14":"pa_product_main_cat-kodune-hooldus","15":"pa_product_main_cat-professionaalne-hooldus","16":"pa_register_only-register_price","18":"pa_register_only-new_regular_price","21":"first","22":"instock","23":"taxable","24":"shipping-taxable","25":"purchasable","26":"product-type-simple"},"_links":{"self":[{"href":"https:\/\/cutismedical.shop\/et\/wp-json\/wp\/v2\/product\/91571","targetHints":{"allow":["GET"]}}],"collection":[{"href":"https:\/\/cutismedical.shop\/et\/wp-json\/wp\/v2\/product"}],"about":[{"href":"https:\/\/cutismedical.shop\/et\/wp-json\/wp\/v2\/types\/product"}],"wp:featuredmedia":[{"embeddable":true,"href":"https:\/\/cutismedical.shop\/et\/wp-json\/wp\/v2\/media\/42521"}],"wp:attachment":[{"href":"https:\/\/cutismedical.shop\/et\/wp-json\/wp\/v2\/media?parent=91571"}],"wp:term":[{"taxonomy":"item","embeddable":true,"href":"https:\/\/cutismedical.shop\/et\/wp-json\/wp\/v2\/item?post=91571"},{"taxonomy":"product_cat","embeddable":true,"href":"https:\/\/cutismedical.shop\/et\/wp-json\/wp\/v2\/product_cat?post=91571"},{"taxonomy":"product_tag","embeddable":true,"href":"https:\/\/cutismedical.shop\/et\/wp-json\/wp\/v2\/product_tag?post=91571"}],"curies":[{"name":"wp","href":"https:\/\/api.w.org\/{rel}","templated":true}]}}