{"id":89225,"date":"2025-06-13T19:02:06","date_gmt":"2025-06-13T17:02:06","guid":{"rendered":"https:\/\/cutismedical.com\/shop\/maaratlemata\/skinclinic-hair-care-anti-hair-loss-shampoo-300ml\/"},"modified":"2025-06-13T19:02:06","modified_gmt":"2025-06-13T17:02:06","slug":"skinclinic-hair-care-anti-hair-loss-shampoo-300ml","status":"publish","type":"product","link":"https:\/\/cutismedical.shop\/et\/shop-es\/nahahooldus\/juuksehooldus-prof\/skinclinic-hair-care-anti-hair-loss-shampoo-300ml\/","title":{"rendered":"SkinClinic | Juuksehooldus. Juuste v\u00e4ljalangemist takistav \u0161ampoon 300 ml."},"content":{"rendered":"<p><strong>Eelised<\/strong><\/p>\n<ul>\n<li>Juuste pesemine liigse juuste v\u00e4ljalangemise korral.<\/li>\n<li>T\u00e4iendab teisi ravishampoone.<\/li>\n<li>Tugevdab juukseid.<\/li>\n<li>Annab juustele mahu ja loomuliku v\u00e4limuse.<\/li>\n<\/ul>\n<p><strong>Kasutamine<\/strong><\/p>\n<p>Kanna niisketele juustele, masseeri \u00f5rnalt, kuni tekib rikkalik vaht, ja j\u00e4ta m\u00f5neks minutiks m\u00f5juma. Kui juuksed on m\u00e4\u00e4rdunud, korda protseduuri. V\u00f5ib kasutada igap\u00e4evaselt v\u00f5i teiste ravishampoonide t\u00e4iendusena.<\/p>\n<p>&nbsp;<\/p>\n<p><strong>Koostisained<\/strong><\/p>\n<p>Pantenool, hobukastan, salvei, punapeedist saadud toimeaine, \u017een\u0161en, kollageen, vitamiin B6, kiniin.<\/p>\n","protected":false},"excerpt":{"rendered":"<p>Juuste v\u00e4ljalangemise vastane \u0161ampoon on spetsiaalselt v\u00e4lja t\u00f6\u00f6tatud aktiivsetest koostisosadest, mis tugevdavad juukseid juurest alates ja aitavad aeglustada juuste n\u00f5rgenemist. Selle koostis taastab liigse juuste v\u00e4ljalangemise kalduvusega juuste tasakaalu, aidates saavutada l\u00e4ikivamad ja hoolitsetud juuksed.<\/p>\n","protected":false},"featured_media":89217,"template":"","meta":{"_seopress_robots_primary_cat":"none","_seopress_titles_title":"","_seopress_titles_desc":"","_seopress_robots_index":""},"item":[2243],"product_cat":[1813,1987,1910,1990],"product_tag":[],"class_list":{"0":"post-89225","1":"product","2":"type-product","3":"status-publish","4":"has-post-thumbnail","6":"item-skinclinic-et","7":"product_cat-otstarve","8":"product_cat-juuksehooldus","9":"product_cat-nahahooldus","10":"product_cat-juuksehooldus-prof","11":"pa_register_only-register_price","12":"pa_register_only-new_regular_price","14":"first","15":"instock","16":"taxable","17":"shipping-taxable","18":"purchasable","19":"product-type-simple"},"_links":{"self":[{"href":"https:\/\/cutismedical.shop\/et\/wp-json\/wp\/v2\/product\/89225","targetHints":{"allow":["GET"]}}],"collection":[{"href":"https:\/\/cutismedical.shop\/et\/wp-json\/wp\/v2\/product"}],"about":[{"href":"https:\/\/cutismedical.shop\/et\/wp-json\/wp\/v2\/types\/product"}],"wp:featuredmedia":[{"embeddable":true,"href":"https:\/\/cutismedical.shop\/et\/wp-json\/wp\/v2\/media\/89217"}],"wp:attachment":[{"href":"https:\/\/cutismedical.shop\/et\/wp-json\/wp\/v2\/media?parent=89225"}],"wp:term":[{"taxonomy":"item","embeddable":true,"href":"https:\/\/cutismedical.shop\/et\/wp-json\/wp\/v2\/item?post=89225"},{"taxonomy":"product_cat","embeddable":true,"href":"https:\/\/cutismedical.shop\/et\/wp-json\/wp\/v2\/product_cat?post=89225"},{"taxonomy":"product_tag","embeddable":true,"href":"https:\/\/cutismedical.shop\/et\/wp-json\/wp\/v2\/product_tag?post=89225"}],"curies":[{"name":"wp","href":"https:\/\/api.w.org\/{rel}","templated":true}]}}