{"id":89071,"date":"2025-06-12T17:51:46","date_gmt":"2025-06-12T15:51:46","guid":{"rendered":"https:\/\/cutismedical.com\/shop\/maaratlemata\/skinclinic-serums-ferulast-30ml\/"},"modified":"2025-06-12T17:51:46","modified_gmt":"2025-06-12T15:51:46","slug":"skinclinic-serums-ferulast-30ml","status":"publish","type":"product","link":"https:\/\/cutismedical.shop\/et\/shop-es\/nahahooldus\/seerum-et-prof\/skinclinic-serums-ferulast-30ml\/","title":{"rendered":"SkinClinic | Seerumid. Ferulast 30ml."},"content":{"rendered":"<p><strong>Eelised<\/strong><\/p>\n<p>Antioks\u00fcdantne toime, mis kaitseb nahka vabade radikaalide kahjuliku m\u00f5ju eest.<\/p>\n<p>Hoolitseb fotovananenud ja tuhmi naha eest ning parandab selle v\u00e4limust, niisutades, toites ja elustades nahka.<\/p>\n<p>Vananemisvastane toime. V\u00e4hendab kortse ja miimikajooni. Pehendab naha mikrostruktuuri.<\/p>\n<p>Aitab v\u00f5idelda naha s\u00e4ra, pehmuse, tooni, elastsuse ja pinguluse puudumisega.<\/p>\n<p>Booster-efekt, mis aitab nahal igap\u00e4evast n\u00e4ovee\/kreemi paremini ja kiiremini imenduda, muutes selle rikkamaks ja tugevdades selle toimet.<\/p>\n<p><strong>Kuidas kasutada?<\/strong><\/p>\n<p>Kanna peale \u00fcks v\u00f5i kaks korda p\u00e4evas, masseerides \u00f5rnalt. Seej\u00e4rel kanna peale tavaline n\u00e4ovee.<\/p>\n<p>&nbsp;<\/p>\n<p><strong>Koostisained<\/strong><\/p>\n<p>Ferulhape, astaksantiin, madala molekulmassiga h\u00fcaluroonhape, C-vitamiin, E-vitamiin.<\/p>\n","protected":false},"excerpt":{"rendered":"<p>Ferulast on intensiivne seerum, millel on fotovananemist ja nahka taastav toime. Peamine erinevus teistest seerumitest seisneb k\u00f5igi selle koostisosade s\u00fcnergias. Sobib k\u00f5ikidele nahat\u00fc\u00fcpidele, isegi k\u00f5ige tundlikumatele.<\/p>\n","protected":false},"featured_media":89064,"template":"","meta":{"_seopress_robots_primary_cat":"","_seopress_titles_title":"","_seopress_titles_desc":"","_seopress_robots_index":""},"item":[2243],"product_cat":[1813,363,1910,1931,1849,1853,1857,1858],"product_tag":[1885,1900,1897],"class_list":{"0":"post-89071","1":"product","2":"type-product","3":"status-publish","4":"has-post-thumbnail","6":"item-skinclinic-et","7":"product_cat-otstarve","8":"product_cat-seerum-et","9":"product_cat-nahahooldus","10":"product_cat-seerum-et-prof","11":"product_cat-nahahooldus-nahatuubi-jargi","12":"product_cat-kortsud","13":"product_cat-pigmendilaigud","14":"product_cat-lotvunud-nahk","15":"product_tag-kortsud","16":"product_tag-lotvunud-nahk","17":"product_tag-pigmendilaigud","18":"pa_register_only-register_price","19":"pa_register_only-new_regular_price","21":"first","22":"instock","23":"taxable","24":"shipping-taxable","25":"purchasable","26":"product-type-simple"},"_links":{"self":[{"href":"https:\/\/cutismedical.shop\/et\/wp-json\/wp\/v2\/product\/89071","targetHints":{"allow":["GET"]}}],"collection":[{"href":"https:\/\/cutismedical.shop\/et\/wp-json\/wp\/v2\/product"}],"about":[{"href":"https:\/\/cutismedical.shop\/et\/wp-json\/wp\/v2\/types\/product"}],"wp:featuredmedia":[{"embeddable":true,"href":"https:\/\/cutismedical.shop\/et\/wp-json\/wp\/v2\/media\/89064"}],"wp:attachment":[{"href":"https:\/\/cutismedical.shop\/et\/wp-json\/wp\/v2\/media?parent=89071"}],"wp:term":[{"taxonomy":"item","embeddable":true,"href":"https:\/\/cutismedical.shop\/et\/wp-json\/wp\/v2\/item?post=89071"},{"taxonomy":"product_cat","embeddable":true,"href":"https:\/\/cutismedical.shop\/et\/wp-json\/wp\/v2\/product_cat?post=89071"},{"taxonomy":"product_tag","embeddable":true,"href":"https:\/\/cutismedical.shop\/et\/wp-json\/wp\/v2\/product_tag?post=89071"}],"curies":[{"name":"wp","href":"https:\/\/api.w.org\/{rel}","templated":true}]}}