{"id":88803,"date":"2025-06-11T16:16:27","date_gmt":"2025-06-11T14:16:27","guid":{"rendered":"https:\/\/cutismedical.com\/shop\/maaratlemata\/skinclinic-intensive-care-newlip-15ml\/"},"modified":"2025-06-11T16:16:27","modified_gmt":"2025-06-11T14:16:27","slug":"skinclinic-intensive-care-newlip-15ml","status":"publish","type":"product","link":"https:\/\/cutismedical.shop\/et\/shop-es\/nahahooldus-nahatuubi-jargi\/tundlik-nahk\/skinclinic-intensive-care-newlip-15ml\/","title":{"rendered":"SkinClinic | Intensive Care. Newlip 15ml."},"content":{"rendered":"<p><strong>Kasu<\/strong><\/p>\n<ul>\n<li>\u00d5rnalt eemaldatakse surnud nahk huultelt.<\/li>\n<li>Parandab huulte karedust ja ebat\u00e4iuslikkust.<\/li>\n<li>Niisutamine.<\/li>\n<li>\u00dchtlustab huulte tooni.<\/li>\n<li>K\u00f5igile nahat\u00fc\u00fcpidele.<\/li>\n<\/ul>\n<p><strong>Kuidas kasutada?<\/strong><\/p>\n<p>Kandke eelnevalt niisutatud huultele v\u00e4ike kogus ringjate liigutustega 30 sekundi jooksul. J\u00e4ta kuni kolmeks minutiks peale ja eemalda veega. Seej\u00e4rel kanna peale meie CoraLip huulepalsam. Kandke kord n\u00e4dalas.<\/p>\n<p>&nbsp;<\/p>\n<p><strong>Koostisosad<\/strong><\/p>\n<p>Koorivad mineraalsed osakesed, Fillderm\u2122, Moringa Butter, Cupua\u00e7u Butter, Bromelain, Papain.<\/p>\n","protected":false},"excerpt":{"rendered":"<p>Newlip on igale nahat\u00fc\u00fcbile sobiv huulepalsam, mis soodustab huulte uuenemist t\u00e4nu \u00f5rnade ens\u00fcmaatiliste ja f\u00fc\u00fcsikaliste koorijate kombinatsioonile, j\u00e4ttes huuled pehmemaks ja siledamaks. T\u00e4nu Soft Focus&#8217;i efektile ning Cupua\u00e7\u00fa-v\u00f5i ja Moringa lipiidide sisaldusele parandavad need oluliselt huulte v\u00e4limust ja ebat\u00e4iuslikkust, \u00fchtlustavad toonust ja soodustavad intensiivsemat niisutust.<\/p>\n","protected":false},"featured_media":88795,"template":"","meta":{"_seopress_robots_primary_cat":"","_seopress_titles_title":"","_seopress_titles_desc":"","_seopress_robots_index":""},"item":[2243],"product_cat":[1813,1846,1849,1854],"product_tag":[],"class_list":{"0":"post-88803","1":"product","2":"type-product","3":"status-publish","4":"has-post-thumbnail","6":"item-skinclinic-et","7":"product_cat-otstarve","8":"product_cat-huulte-hooldus","9":"product_cat-nahahooldus-nahatuubi-jargi","10":"product_cat-tundlik-nahk","11":"pa_register_only-register_price","12":"pa_register_only-new_regular_price","14":"first","15":"instock","16":"taxable","17":"shipping-taxable","18":"purchasable","19":"product-type-simple"},"_links":{"self":[{"href":"https:\/\/cutismedical.shop\/et\/wp-json\/wp\/v2\/product\/88803","targetHints":{"allow":["GET"]}}],"collection":[{"href":"https:\/\/cutismedical.shop\/et\/wp-json\/wp\/v2\/product"}],"about":[{"href":"https:\/\/cutismedical.shop\/et\/wp-json\/wp\/v2\/types\/product"}],"wp:featuredmedia":[{"embeddable":true,"href":"https:\/\/cutismedical.shop\/et\/wp-json\/wp\/v2\/media\/88795"}],"wp:attachment":[{"href":"https:\/\/cutismedical.shop\/et\/wp-json\/wp\/v2\/media?parent=88803"}],"wp:term":[{"taxonomy":"item","embeddable":true,"href":"https:\/\/cutismedical.shop\/et\/wp-json\/wp\/v2\/item?post=88803"},{"taxonomy":"product_cat","embeddable":true,"href":"https:\/\/cutismedical.shop\/et\/wp-json\/wp\/v2\/product_cat?post=88803"},{"taxonomy":"product_tag","embeddable":true,"href":"https:\/\/cutismedical.shop\/et\/wp-json\/wp\/v2\/product_tag?post=88803"}],"curies":[{"name":"wp","href":"https:\/\/api.w.org\/{rel}","templated":true}]}}