{"id":88756,"date":"2025-06-11T14:08:47","date_gmt":"2025-06-11T12:08:47","guid":{"rendered":"https:\/\/cutismedical.com\/shop\/maaratlemata\/skinclinic-oil-free-hidrasyl-70ml\/"},"modified":"2025-06-11T14:08:47","modified_gmt":"2025-06-11T12:08:47","slug":"skinclinic-oil-free-hidrasyl-70ml","status":"publish","type":"product","link":"https:\/\/cutismedical.shop\/et\/shop-es\/nahahooldus\/kreem-et-prof\/skinclinic-oil-free-hidrasyl-70ml\/","title":{"rendered":"SkinClinic | OIL-FREE. Hidrasyl 70ml."},"content":{"rendered":"<p><strong>Kasu<\/strong><\/p>\n<ul>\n<li>Niisutamine ja naha pH reguleerimine.<\/li>\n<li>Ei ummista poore. \u00d5livaba.<\/li>\n<li>Reguleerib rasueritust ja takistab h\u00fcpersekretsiooni.<\/li>\n<li>Kontrollib mikrobiootikat.<\/li>\n<li>Kombineeritud kuni rasune nahk.<\/li>\n<\/ul>\n<p><strong>Kuidas kasutada?<\/strong><\/p>\n<p>Kandke kaks v\u00f5i enam korda p\u00e4evas \u00f5rna massaa\u017eiga.<\/p>\n<p>&nbsp;<\/p>\n<p>V\u00f5ib p\u00f5hjustada \u00e4rritust, kui seda kasutatakse seebi v\u00f5i alkohoolsete lahustega liigselt rasvatustatud nahale. Kombineeritav teiste kosmeetikatoodetega.<\/p>\n<p><strong>Koostisosad<\/strong><\/p>\n<p>Tamponeeritud gl\u00fckoolhape, looduslik niisutav faktor, mimoosa, alfa-bisabolooli, kalendula, avokaado derivaadid, aaloe vera.<\/p>\n","protected":false},"excerpt":{"rendered":"<p>Hidrasyl on \u00f5livaba niisutav kreem koos p\u00e4ikesekaitsega. Sobib ideaalselt igap\u00e4evaseks kreemiks noorele kombineeritud kuni rasusele nahale, mis vajab ainult niisutamist ilma poore ummistamata. Sebumit reguleeriv ja mitte-rasvane.<\/p>\n","protected":false},"featured_media":88751,"template":"","meta":{"_seopress_robots_primary_cat":"","_seopress_titles_title":"","_seopress_titles_desc":"","_seopress_robots_index":""},"item":[2243],"product_cat":[1813,151,1910,1928,1849,1851],"product_tag":[1879],"class_list":{"0":"post-88756","1":"product","2":"type-product","3":"status-publish","4":"has-post-thumbnail","6":"item-skinclinic-et","7":"product_cat-otstarve","8":"product_cat-kreem-et","9":"product_cat-nahahooldus","10":"product_cat-kreem-et-prof","11":"product_cat-nahahooldus-nahatuubi-jargi","12":"product_cat-rasune-ja-probleemne-nahk","13":"product_tag-rasune-ja-probleemne-nahk","14":"pa_register_only-register_price","15":"pa_register_only-new_regular_price","17":"first","18":"instock","19":"taxable","20":"shipping-taxable","21":"purchasable","22":"product-type-simple"},"_links":{"self":[{"href":"https:\/\/cutismedical.shop\/et\/wp-json\/wp\/v2\/product\/88756","targetHints":{"allow":["GET"]}}],"collection":[{"href":"https:\/\/cutismedical.shop\/et\/wp-json\/wp\/v2\/product"}],"about":[{"href":"https:\/\/cutismedical.shop\/et\/wp-json\/wp\/v2\/types\/product"}],"wp:featuredmedia":[{"embeddable":true,"href":"https:\/\/cutismedical.shop\/et\/wp-json\/wp\/v2\/media\/88751"}],"wp:attachment":[{"href":"https:\/\/cutismedical.shop\/et\/wp-json\/wp\/v2\/media?parent=88756"}],"wp:term":[{"taxonomy":"item","embeddable":true,"href":"https:\/\/cutismedical.shop\/et\/wp-json\/wp\/v2\/item?post=88756"},{"taxonomy":"product_cat","embeddable":true,"href":"https:\/\/cutismedical.shop\/et\/wp-json\/wp\/v2\/product_cat?post=88756"},{"taxonomy":"product_tag","embeddable":true,"href":"https:\/\/cutismedical.shop\/et\/wp-json\/wp\/v2\/product_tag?post=88756"}],"curies":[{"name":"wp","href":"https:\/\/api.w.org\/{rel}","templated":true}]}}