{"id":85855,"date":"2025-06-01T14:00:08","date_gmt":"2025-06-01T12:00:08","guid":{"rendered":"https:\/\/cutismedical.com\/shop\/maaratlemata\/mesoestetic-mesohyal-organic-silicon-10-vials-x-5ml\/"},"modified":"2025-06-01T14:00:08","modified_gmt":"2025-06-01T12:00:08","slug":"mesoestetic-mesohyal-organic-silicon-10-vials-x-5ml","status":"publish","type":"product","link":"https:\/\/cutismedical.shop\/et\/shop-es\/mesoteraapia-et\/post-akne-et\/mesoestetic-mesohyal-organic-silicon-10-vials-x-5ml\/","title":{"rendered":"Mesoestetic. Mesohyal Organic Silicon (10 viaali x 5 ml)"},"content":{"rendered":"<p>Nahka \u00fcmberkujundav intradermaalne ravi.<\/p>\n<p>Funktsionaalne koostisosa: h\u00fcaluroonhape (2,5 mg\/ml).<\/p>\n<p>&nbsp;<\/p>\n<p>Muud koostisosad: orgaaniline r\u00e4ni.<\/p>\n<p>Nahka \u00fcmberkujundav ravi, mis soodustab vananemise ja kortsude ennetamist, n\u00e4o- ja keha naha l\u00f5tvumist, venitusarmide esialgset faasi ja armide ravi.<\/p>\n","protected":false},"excerpt":{"rendered":"<p>Nahasisene ravi nahakoe \u00fcmberkujundamiseks.<\/p>\n","protected":false},"featured_media":85853,"template":"","meta":{"_seopress_robots_primary_cat":"","_seopress_titles_title":"","_seopress_titles_desc":"","_seopress_robots_index":""},"item":[1756],"product_cat":[155,1867],"product_tag":[],"class_list":{"0":"post-85855","1":"product","2":"type-product","3":"status-publish","4":"has-post-thumbnail","6":"item-mesoestetic-et","7":"product_cat-mesoteraapia-et","8":"product_cat-post-akne-et","10":"first","11":"instock","12":"taxable","13":"shipping-taxable","14":"purchasable","15":"product-type-simple"},"_links":{"self":[{"href":"https:\/\/cutismedical.shop\/et\/wp-json\/wp\/v2\/product\/85855","targetHints":{"allow":["GET"]}}],"collection":[{"href":"https:\/\/cutismedical.shop\/et\/wp-json\/wp\/v2\/product"}],"about":[{"href":"https:\/\/cutismedical.shop\/et\/wp-json\/wp\/v2\/types\/product"}],"wp:featuredmedia":[{"embeddable":true,"href":"https:\/\/cutismedical.shop\/et\/wp-json\/wp\/v2\/media\/85853"}],"wp:attachment":[{"href":"https:\/\/cutismedical.shop\/et\/wp-json\/wp\/v2\/media?parent=85855"}],"wp:term":[{"taxonomy":"item","embeddable":true,"href":"https:\/\/cutismedical.shop\/et\/wp-json\/wp\/v2\/item?post=85855"},{"taxonomy":"product_cat","embeddable":true,"href":"https:\/\/cutismedical.shop\/et\/wp-json\/wp\/v2\/product_cat?post=85855"},{"taxonomy":"product_tag","embeddable":true,"href":"https:\/\/cutismedical.shop\/et\/wp-json\/wp\/v2\/product_tag?post=85855"}],"curies":[{"name":"wp","href":"https:\/\/api.w.org\/{rel}","templated":true}]}}