{"id":85840,"date":"2025-06-01T13:08:39","date_gmt":"2025-06-01T11:08:39","guid":{"rendered":"https:\/\/cutismedical.com\/shop\/maaratlemata\/mesoestetic-proteoglycans-ampoules-10-ampoules-x-2ml\/"},"modified":"2025-06-01T13:08:39","modified_gmt":"2025-06-01T11:08:39","slug":"mesoestetic-proteoglycans-ampoules-10-ampoules-x-2ml","status":"publish","type":"product","link":"https:\/\/cutismedical.shop\/et\/shop-es\/nahahooldus\/seerum-et-prof\/mesoestetic-proteoglycans-ampoules-10-ampoules-x-2ml\/","title":{"rendered":"Mesoestetic. Proteoglycans Ampoules (10 ampulli x 2 ml)"},"content":{"rendered":"<p>Niisutav, toitev, taastav lahendus. Annab kudedele suurema pinguluse ja elastsuse ning ennetab kortsude tekkimist.<\/p>\n<p>&nbsp;<\/p>\n<p>Aktiivsed koostisosad:<\/p>\n<ul>\n<li>proteogl\u00fckaanid<\/li>\n<li>vitamiin C<\/li>\n<li>vitamiin F<\/li>\n<\/ul>\n<p>&nbsp;<\/p>\n<p>\u00fcks kord p\u00e4evas, aeg-ajalt, hommikul ja \u00f5htul.<\/p>\n<p>Soovitatav igap\u00e4evaseks kasutamiseks kuivale ja k\u00fcpsele nahale. Kui nahk on elutuks muutunud, kuiv v\u00f5i alatoidetud, kasutage aeg-ajalt \u0161okiravina.<\/p>\n","protected":false},"excerpt":{"rendered":"<p>Niisutav, toitev, taastav lahendus. Sisaldab 10 ampulli.<\/p>\n","protected":false},"featured_media":85836,"template":"","meta":{"_seopress_robots_primary_cat":"none","_seopress_titles_title":"","_seopress_titles_desc":"","_seopress_robots_index":""},"item":[1756],"product_cat":[1813,363,1910,1931,1849,1852,1853,1858],"product_tag":[1885,1882,1900],"class_list":{"0":"post-85840","1":"product","2":"type-product","3":"status-publish","4":"has-post-thumbnail","6":"item-mesoestetic-et","7":"product_cat-otstarve","8":"product_cat-seerum-et","9":"product_cat-nahahooldus","10":"product_cat-seerum-et-prof","11":"product_cat-nahahooldus-nahatuubi-jargi","12":"product_cat-kuiv-veetustunud-nahk","13":"product_cat-kortsud","14":"product_cat-lotvunud-nahk","15":"product_tag-kortsud","16":"product_tag-kuiv-veetustunud-nahk","17":"product_tag-lotvunud-nahk","18":"pa_register_only-register_price","19":"pa_register_only-new_regular_price","21":"first","22":"instock","23":"taxable","24":"shipping-taxable","25":"purchasable","26":"product-type-simple"},"_links":{"self":[{"href":"https:\/\/cutismedical.shop\/et\/wp-json\/wp\/v2\/product\/85840","targetHints":{"allow":["GET"]}}],"collection":[{"href":"https:\/\/cutismedical.shop\/et\/wp-json\/wp\/v2\/product"}],"about":[{"href":"https:\/\/cutismedical.shop\/et\/wp-json\/wp\/v2\/types\/product"}],"wp:featuredmedia":[{"embeddable":true,"href":"https:\/\/cutismedical.shop\/et\/wp-json\/wp\/v2\/media\/85836"}],"wp:attachment":[{"href":"https:\/\/cutismedical.shop\/et\/wp-json\/wp\/v2\/media?parent=85840"}],"wp:term":[{"taxonomy":"item","embeddable":true,"href":"https:\/\/cutismedical.shop\/et\/wp-json\/wp\/v2\/item?post=85840"},{"taxonomy":"product_cat","embeddable":true,"href":"https:\/\/cutismedical.shop\/et\/wp-json\/wp\/v2\/product_cat?post=85840"},{"taxonomy":"product_tag","embeddable":true,"href":"https:\/\/cutismedical.shop\/et\/wp-json\/wp\/v2\/product_tag?post=85840"}],"curies":[{"name":"wp","href":"https:\/\/api.w.org\/{rel}","templated":true}]}}