{"id":85830,"date":"2025-06-01T12:52:48","date_gmt":"2025-06-01T10:52:48","guid":{"rendered":"https:\/\/cutismedical.com\/shop\/maaratlemata\/mesoestetic-mesopeel-melanostop-tranex-50ml\/"},"modified":"2025-06-01T12:52:48","modified_gmt":"2025-06-01T10:52:48","slug":"mesoestetic-mesopeel-melanostop-tranex-50ml","status":"publish","type":"product","link":"https:\/\/cutismedical.shop\/et\/shop-es\/keemilised-piilingud-et\/mesoestetic-mesopeel-melanostop-tranex-50ml\/","title":{"rendered":"Mesoestetic. Mesopeel Melanostop Tranex 50ml."},"content":{"rendered":"<p>See \u00f5rn, kuid t\u00f5hus koorimine parandab ka naha s\u00e4ra ja toetab pigmendiprobleemide ravi, j\u00e4ttes naha siledaks, s\u00e4ravaks ja elustatuks.<\/p>\n<p>Ainult paikseks kasutamiseks.<\/p>\n<p>&nbsp;<\/p>\n<p>Pakend sisaldab:<\/p>\n<p>1 pudel x 50 ml<\/p>\n<p>&nbsp;<\/p>\n<p>Peamised koostisosad:<\/p>\n<p>Aselaiinhape<\/p>\n<p>Resorcinool<\/p>\n<p>F\u00fctiinhape<\/p>\n<p>Traneksamiinhape<\/p>\n<p>&nbsp;<\/p>\n<p>Mesoestetic Mesopeel Melanostop Tranex 50 ml eelised:<\/p>\n<p>&nbsp;<\/p>\n<p>V\u00e4hendab melasmat, tumedaid laike ja eba\u00fchtlast pigmentatsiooni.<\/p>\n<p>Aitab saavutada s\u00e4ravama ja \u00fchtlasema nahatooni.<\/p>\n<p>V\u00f5ib stimuleerida epidermise uuenemist, parandades naha tekstuuri.<\/p>\n<p>V\u00f5ib suurendada s\u00e4ra, olles samas \u00f5rn tundlikule nahale.<\/p>\n<p>&nbsp;<\/p>\n<p>Toote kasutamine:<\/p>\n<p>&nbsp;<\/p>\n<p>Alustage naha p\u00f5hjalikust puhastamisest, et eemaldada k\u00f5ik mustus. J\u00e4tkake sobiva eelkoorimisvedelikuga, et rasvatustada piirkond ja valmistada nahk ette raviks. Kandke marli v\u00f5i harjaga \u00fchtlane kiht Mesopeel Melanostop Tranex koorimisvedelikku, keskendudes h\u00fcperpigmentatsiooniga piirkondadele. Laske koorimisvedelikul toimida kuni 5 minutit, j\u00e4lgides kogu protsessi v\u00e4ltel hoolikalt naha reaktsiooni. Kui aeg on m\u00f6\u00f6dunud, neutraliseerige koorimine veega v\u00f5i spetsiaalse koorimisj\u00e4rgse neutraliseeriva lahendusega. P\u00e4rast neutraliseerimist kandke nahale rahustav kreem, n\u00e4iteks taastav v\u00f5i stressivastane koostis, et nahka rahustada ja niisutada. L\u00f5petage alati laia spektriga p\u00e4ikesekaitsekreemiga (SPF 50+), et kaitsta ravitud piirkonda p\u00e4evasel ajal UV-kiirguse eest.<\/p>\n","protected":false},"excerpt":{"rendered":"<p>Mesoestetic Mesopeel Melanostop Tranex on spetsiaalne depigmenteeriv koorimine, mis on m\u00f5eldud p\u00fcsivate pigmentatsiooniprobleemide, nagu melasma ja p\u00f5letikulise h\u00fcperpigmentatsiooni raviks. Selle t\u00e4iustatud koostis \u00fchendab v\u00f5imsad koostisosad, mis parandavad rakkude uuenemist, v\u00e4hendavad melaniini kogunemist ja annavad heledama, \u00fchtlasema jume.<\/p>\n","protected":false},"featured_media":85827,"template":"","meta":{"_seopress_robots_primary_cat":"","_seopress_titles_title":"","_seopress_titles_desc":"","_seopress_robots_index":""},"item":[1756],"product_cat":[153],"product_tag":[],"class_list":{"0":"post-85830","1":"product","2":"type-product","3":"status-publish","4":"has-post-thumbnail","6":"item-mesoestetic-et","7":"product_cat-keemilised-piilingud-et","9":"first","10":"instock","11":"taxable","12":"shipping-taxable","13":"purchasable","14":"product-type-simple"},"_links":{"self":[{"href":"https:\/\/cutismedical.shop\/et\/wp-json\/wp\/v2\/product\/85830","targetHints":{"allow":["GET"]}}],"collection":[{"href":"https:\/\/cutismedical.shop\/et\/wp-json\/wp\/v2\/product"}],"about":[{"href":"https:\/\/cutismedical.shop\/et\/wp-json\/wp\/v2\/types\/product"}],"wp:featuredmedia":[{"embeddable":true,"href":"https:\/\/cutismedical.shop\/et\/wp-json\/wp\/v2\/media\/85827"}],"wp:attachment":[{"href":"https:\/\/cutismedical.shop\/et\/wp-json\/wp\/v2\/media?parent=85830"}],"wp:term":[{"taxonomy":"item","embeddable":true,"href":"https:\/\/cutismedical.shop\/et\/wp-json\/wp\/v2\/item?post=85830"},{"taxonomy":"product_cat","embeddable":true,"href":"https:\/\/cutismedical.shop\/et\/wp-json\/wp\/v2\/product_cat?post=85830"},{"taxonomy":"product_tag","embeddable":true,"href":"https:\/\/cutismedical.shop\/et\/wp-json\/wp\/v2\/product_tag?post=85830"}],"curies":[{"name":"wp","href":"https:\/\/api.w.org\/{rel}","templated":true}]}}