{"id":85817,"date":"2025-06-01T12:15:08","date_gmt":"2025-06-01T10:15:08","guid":{"rendered":"https:\/\/cutismedical.com\/shop\/maaratlemata\/mesoestetic-mesohyal-dmae-20-vials-x-5-ml\/"},"modified":"2025-06-01T12:15:08","modified_gmt":"2025-06-01T10:15:08","slug":"mesoestetic-mesohyal-dmae-20-vials-x-5-ml","status":"publish","type":"product","link":"https:\/\/cutismedical.shop\/et\/shop-es\/mesoteraapia-et\/nagu-et\/mesoestetic-mesohyal-dmae-20-vials-x-5-ml\/","title":{"rendered":"Mesoestetic. Mesohyal DMAE (20 viaali x 5 ml)"},"content":{"rendered":"<p>Funktsionaalne koostisosa: h\u00fcaluroonhape (2,5 mg\/ml).<\/p>\n<p>Muud koostisosad: dimet\u00fc\u00fclaminoetanool (DMAE).<\/p>\n<p>&nbsp;<\/p>\n","protected":false},"excerpt":{"rendered":"<p>Nahaalune ravi kudede pinguldamiseks ja l\u00f5tvumise t\u00f5husaks v\u00e4hendamiseks.<\/p>\n","protected":false},"featured_media":85814,"template":"","meta":{"_seopress_robots_primary_cat":"none","_seopress_titles_title":"","_seopress_titles_desc":"","_seopress_robots_index":""},"item":[1756],"product_cat":[155,1188],"product_tag":[],"class_list":{"0":"post-85817","1":"product","2":"type-product","3":"status-publish","4":"has-post-thumbnail","6":"item-mesoestetic-et","7":"product_cat-mesoteraapia-et","8":"product_cat-nagu-et","10":"first","11":"instock","12":"taxable","13":"shipping-taxable","14":"purchasable","15":"product-type-simple"},"_links":{"self":[{"href":"https:\/\/cutismedical.shop\/et\/wp-json\/wp\/v2\/product\/85817","targetHints":{"allow":["GET"]}}],"collection":[{"href":"https:\/\/cutismedical.shop\/et\/wp-json\/wp\/v2\/product"}],"about":[{"href":"https:\/\/cutismedical.shop\/et\/wp-json\/wp\/v2\/types\/product"}],"wp:featuredmedia":[{"embeddable":true,"href":"https:\/\/cutismedical.shop\/et\/wp-json\/wp\/v2\/media\/85814"}],"wp:attachment":[{"href":"https:\/\/cutismedical.shop\/et\/wp-json\/wp\/v2\/media?parent=85817"}],"wp:term":[{"taxonomy":"item","embeddable":true,"href":"https:\/\/cutismedical.shop\/et\/wp-json\/wp\/v2\/item?post=85817"},{"taxonomy":"product_cat","embeddable":true,"href":"https:\/\/cutismedical.shop\/et\/wp-json\/wp\/v2\/product_cat?post=85817"},{"taxonomy":"product_tag","embeddable":true,"href":"https:\/\/cutismedical.shop\/et\/wp-json\/wp\/v2\/product_tag?post=85817"}],"curies":[{"name":"wp","href":"https:\/\/api.w.org\/{rel}","templated":true}]}}