{"id":72819,"date":"2025-05-04T11:04:40","date_gmt":"2025-05-04T09:04:40","guid":{"rendered":"https:\/\/cutismedical.com\/shop\/maaratlemata\/mesoestetic-age-element-firming-cream-50ml\/"},"modified":"2025-05-04T11:13:08","modified_gmt":"2025-05-04T09:13:08","slug":"mesoestetic-age-element-firming-cream-50ml","status":"publish","type":"product","link":"https:\/\/cutismedical.shop\/et\/shop-es\/nahahooldus\/kreem-et-prof\/mesoestetic-age-element-firming-cream-50ml\/","title":{"rendered":"Mesoestetic. Age element pinguldav kreem 50ml."},"content":{"rendered":"<p>Kreem laialt levinud l\u00f5tvuse raviks n\u00e4ol, kaelal ja dekolteel. Selle koostis suurendab kollageeni ja elastiini taset ning kaitseb naha struktuuri lagunemise eest, saavutades siledamat nahka ja n\u00e4htavalt paremini m\u00e4\u00e4ratletud n\u00e4ojooni.<\/p>\n<p>&nbsp;<\/p>\n<p>Toimeained:<\/p>\n<ul>\n<li>Lipopeptiid k\u00fcotorfiin<\/li>\n<li>lupiin<\/li>\n<li>[meso]epigen system\u2122<\/li>\n<li>peptiidid ja f\u00fctoaktiivsed pinguldavad koostisained<\/li>\n<\/ul>\n<p>&nbsp;<\/p>\n<p>kaks korda p\u00e4evas, hommikul ja \u00f5htul.<\/p>\n<p>&nbsp;<\/p>\n<p>Kandke puhtale, kuivale nahale. Kandke \u00f5rnalt masseerides \u00fchtlaselt \u00fcle kogu n\u00e4o, kuni see on t\u00e4ielikult imendunud. T\u00e4iendage oma rutiini t\u00e4ielikuks kaitseks foto vananemise eest p\u00e4ikesekaitse kandmisega.<\/p>\n<p>&nbsp;<\/p>\n<p>Sobib nahale, millel puudub elastsus ja pinguldatus ning n\u00e4o ovaaljoone m\u00e4\u00e4ratluse kadumine.<\/p>\n","protected":false},"excerpt":{"rendered":"<p>Kreem n\u00e4o l\u00f5tvumise raviks. See annab siledust ja elastsust, samal ajal defineerides uuesti n\u00e4o ovaali.<\/p>\n","protected":false},"featured_media":72815,"template":"","meta":{"_seopress_robots_primary_cat":"none","_seopress_titles_title":"","_seopress_titles_desc":"","_seopress_robots_index":""},"item":[1756],"product_cat":[1813,151,1910,1928,1849,1853,1858],"product_tag":[1885,1900],"class_list":{"0":"post-72819","1":"product","2":"type-product","3":"status-publish","4":"has-post-thumbnail","6":"item-mesoestetic-et","7":"product_cat-otstarve","8":"product_cat-kreem-et","9":"product_cat-nahahooldus","10":"product_cat-kreem-et-prof","11":"product_cat-nahahooldus-nahatuubi-jargi","12":"product_cat-kortsud","13":"product_cat-lotvunud-nahk","14":"product_tag-kortsud","15":"product_tag-lotvunud-nahk","17":"first","18":"instock","19":"taxable","20":"shipping-taxable","21":"purchasable","22":"product-type-simple"},"_links":{"self":[{"href":"https:\/\/cutismedical.shop\/et\/wp-json\/wp\/v2\/product\/72819","targetHints":{"allow":["GET"]}}],"collection":[{"href":"https:\/\/cutismedical.shop\/et\/wp-json\/wp\/v2\/product"}],"about":[{"href":"https:\/\/cutismedical.shop\/et\/wp-json\/wp\/v2\/types\/product"}],"wp:featuredmedia":[{"embeddable":true,"href":"https:\/\/cutismedical.shop\/et\/wp-json\/wp\/v2\/media\/72815"}],"wp:attachment":[{"href":"https:\/\/cutismedical.shop\/et\/wp-json\/wp\/v2\/media?parent=72819"}],"wp:term":[{"taxonomy":"item","embeddable":true,"href":"https:\/\/cutismedical.shop\/et\/wp-json\/wp\/v2\/item?post=72819"},{"taxonomy":"product_cat","embeddable":true,"href":"https:\/\/cutismedical.shop\/et\/wp-json\/wp\/v2\/product_cat?post=72819"},{"taxonomy":"product_tag","embeddable":true,"href":"https:\/\/cutismedical.shop\/et\/wp-json\/wp\/v2\/product_tag?post=72819"}],"curies":[{"name":"wp","href":"https:\/\/api.w.org\/{rel}","templated":true}]}}