{"id":71577,"date":"2025-05-03T14:19:31","date_gmt":"2025-05-03T12:19:31","guid":{"rendered":"https:\/\/cutismedical.com\/shop\/maaratlemata\/mesoestetic-age-element-anti-wrinkle-concentrate-30ml\/"},"modified":"2025-05-03T14:25:46","modified_gmt":"2025-05-03T12:25:46","slug":"mesoestetic-age-element-anti-wrinkle-concentrate-30ml","status":"publish","type":"product","link":"https:\/\/cutismedical.shop\/et\/shop-es\/nahahooldus\/seerum-et-prof\/mesoestetic-age-element-anti-wrinkle-concentrate-30ml\/","title":{"rendered":"Mesoestetic. Age element kortsudevastane kontsentraat 30ml."},"content":{"rendered":"<p>Kontsentreeritud seerum, mis ravib intensiivselt m\u00e4rgatavaid kortse. Stimuleerib endogeense kollageeni tootmist, uuendades kiudusid ja siludes intensiivselt kortse. H\u00fcaluroonhappega rikastatud koostis, mis t\u00e4idab ilmejooned, retexturiseerides n\u00e4gu ja taastades selle noorema v\u00e4ljan\u00e4gemise.<\/p>\n<p>&nbsp;<\/p>\n<p><strong>Aktiivsed koostisosad:<\/strong><\/p>\n<ul>\n<li>biopeptiidid<\/li>\n<li>[meso]epigen system\u2122<\/li>\n<li>taimep\u00f5hine retinool<\/li>\n<li>tetrapeptiid-72<\/li>\n<\/ul>\n<p>&nbsp;<\/p>\n<p>kaks korda p\u00e4evas, hommikul ja \u00f5htul.<\/p>\n<p>&nbsp;<\/p>\n<p>&#8211; Kandke 3-4 tilka puhtale ja kuivale nahale. Kandke \u00f5rnalt masseerides \u00fchtlaselt kogu n\u00e4ole, kuni see on t\u00e4ielikult imendunud. &#8211; Kandke \u00fcksinda v\u00f5i koos m\u00f5ne teise vanuseelemendi kontsentraattootega, enne hoolduskreemi. &#8211; Kandke enne tavalist hoolduskreemi ja\/v\u00f5i p\u00e4ikesekaitsekreemi.<\/p>\n<p>Sobib kortsude ja ilmejoonte intensiivseks raviks.<\/p>\n","protected":false},"excerpt":{"rendered":"<p>Kontsentreeritud seerum, millel on intensiivne regenereeriv toime kortsude ja ilmejoonte puhul.<\/p>\n","protected":false},"featured_media":71573,"template":"","meta":{"_seopress_robots_primary_cat":"none","_seopress_titles_title":"","_seopress_titles_desc":"","_seopress_robots_index":""},"item":[1756],"product_cat":[1813,363,1910,1931,1849,1853,1858],"product_tag":[1885,1900],"class_list":{"0":"post-71577","1":"product","2":"type-product","3":"status-publish","4":"has-post-thumbnail","6":"item-mesoestetic-et","7":"product_cat-otstarve","8":"product_cat-seerum-et","9":"product_cat-nahahooldus","10":"product_cat-seerum-et-prof","11":"product_cat-nahahooldus-nahatuubi-jargi","12":"product_cat-kortsud","13":"product_cat-lotvunud-nahk","14":"product_tag-kortsud","15":"product_tag-lotvunud-nahk","17":"first","18":"instock","19":"taxable","20":"shipping-taxable","21":"purchasable","22":"product-type-simple"},"_links":{"self":[{"href":"https:\/\/cutismedical.shop\/et\/wp-json\/wp\/v2\/product\/71577","targetHints":{"allow":["GET"]}}],"collection":[{"href":"https:\/\/cutismedical.shop\/et\/wp-json\/wp\/v2\/product"}],"about":[{"href":"https:\/\/cutismedical.shop\/et\/wp-json\/wp\/v2\/types\/product"}],"wp:featuredmedia":[{"embeddable":true,"href":"https:\/\/cutismedical.shop\/et\/wp-json\/wp\/v2\/media\/71573"}],"wp:attachment":[{"href":"https:\/\/cutismedical.shop\/et\/wp-json\/wp\/v2\/media?parent=71577"}],"wp:term":[{"taxonomy":"item","embeddable":true,"href":"https:\/\/cutismedical.shop\/et\/wp-json\/wp\/v2\/item?post=71577"},{"taxonomy":"product_cat","embeddable":true,"href":"https:\/\/cutismedical.shop\/et\/wp-json\/wp\/v2\/product_cat?post=71577"},{"taxonomy":"product_tag","embeddable":true,"href":"https:\/\/cutismedical.shop\/et\/wp-json\/wp\/v2\/product_tag?post=71577"}],"curies":[{"name":"wp","href":"https:\/\/api.w.org\/{rel}","templated":true}]}}