{"id":66620,"date":"2025-04-24T18:55:06","date_gmt":"2025-04-24T16:55:06","guid":{"rendered":"https:\/\/cutismedical.com\/shop\/maaratlemata\/mesoestetic-micellar-biphasic-150ml\/"},"modified":"2025-04-24T19:02:54","modified_gmt":"2025-04-24T17:02:54","slug":"mesoestetic-micellar-biphasic-150ml","status":"publish","type":"product","link":"https:\/\/cutismedical.shop\/et\/shop-es\/nahahooldus\/naopuhastus-et-prof\/mesoestetic-micellar-biphasic-150ml\/","title":{"rendered":"Mesoestetic. Micellar Biphasic 150ml."},"content":{"rendered":"<p>See \u00f5rn, kuid v\u00e4ga t\u00f5hus lahendus on loodud eemaldama isegi k\u00f5ige kangekaelne meik, sealhulgas veekindlad koostisained, ning tagab s\u00fcgavpuhastuse, ilma et j\u00e4\u00e4ksid \u00f5lised j\u00e4\u00e4gid. Kahefaasiline koostis kombineerib mikkelite puhastusv\u00f5ime ja p\u00e4evalilleseemne\u00f5li toitvad omadused, tagades sileda ja pehme l\u00f5pptulemuse p\u00e4rast iga kasutuskorda.<\/p>\n<p>&nbsp;<\/p>\n<p><strong>Pakend koosneb j\u00e4rgmistest osadest:<\/strong><\/p>\n<p>1 pudel x 150ml<\/p>\n<p>&nbsp;<\/p>\n<p><strong>P\u00f5hikoostisosad:<\/strong><\/p>\n<p>Mikelid<\/p>\n<p>P\u00e4evalilleseemne\u00f5li<\/p>\n<p>Lactobacillus Ferment<\/p>\n<p>Urban D-Tox<\/p>\n<p>&nbsp;<\/p>\n<p><strong>Mesoestetic Micellar Biphasic 150ml eelised:<\/strong><\/p>\n<p>M\u00f5eldud meigi, sealhulgas veekindlate koostisainete \u00f5rnaks eemaldamiseks ilma \u00e4rrituseta.<\/p>\n<p>Aitab s\u00e4ilitada naha tasakaalu t\u00e4nu oma bio-tasakaalustavale toimele<\/p>\n<p>V\u00f5ib kaitsta nahka keskkonnareostuse eest saastevastase tehnoloogiaga<\/p>\n<p>J\u00e4tab naha siledaks, pehmeks ja v\u00e4rskendavaks<\/p>\n<p>K\u00f5rge tolerantsusega, ideaalne tundlikule nahale, eriti silmade ja huulte \u00fcmbruses<\/p>\n<p>&nbsp;<\/p>\n<p><strong>Kuidas toodet kasutada:<\/strong><\/p>\n<p>Loksutage pudelit, et segada kaks koostisosa. Leotage vatipadi lahusega, seej\u00e4rel kandke see \u00f5rnalt silmadele ja huultele, tehes v\u00e4ljapoole suunatud liigutusi. See v\u00f5imaldab lahusel eemaldada meigi ja mustuse. Korrake protsessi vastavalt vajadusele, kuni kogu meik on eemaldatud. P\u00e4rast kasutamist ei ole vaja loputada &#8211; j\u00e4rgige lihtsalt oma tavap\u00e4rast nahahooldusrutiini, et saavutada sile ja v\u00e4rskendatud jume.<\/p>\n","protected":false},"excerpt":{"rendered":"<p><strong>Mesoestetic Micellar Biphasic<\/strong> on keerukas kahefaasiline meigieemaldaja, mis pakub erakordset hooldust tundlikule nahale, eriti silmade ja huulte \u00fcmbruses.<\/p>\n","protected":false},"featured_media":66614,"template":"","meta":{"_seopress_robots_primary_cat":"none","_seopress_titles_title":"","_seopress_titles_desc":"","_seopress_robots_index":""},"item":[1756],"product_cat":[1813,195,1910,1913,1849,1854],"product_tag":[1888],"class_list":{"0":"post-66620","1":"product","2":"type-product","3":"status-publish","4":"has-post-thumbnail","6":"item-mesoestetic-et","7":"product_cat-otstarve","8":"product_cat-naopuhastus-et","9":"product_cat-nahahooldus","10":"product_cat-naopuhastus-et-prof","11":"product_cat-nahahooldus-nahatuubi-jargi","12":"product_cat-tundlik-nahk","13":"product_tag-tundlik-nahk","15":"first","16":"instock","17":"taxable","18":"shipping-taxable","19":"purchasable","20":"product-type-simple"},"_links":{"self":[{"href":"https:\/\/cutismedical.shop\/et\/wp-json\/wp\/v2\/product\/66620","targetHints":{"allow":["GET"]}}],"collection":[{"href":"https:\/\/cutismedical.shop\/et\/wp-json\/wp\/v2\/product"}],"about":[{"href":"https:\/\/cutismedical.shop\/et\/wp-json\/wp\/v2\/types\/product"}],"wp:featuredmedia":[{"embeddable":true,"href":"https:\/\/cutismedical.shop\/et\/wp-json\/wp\/v2\/media\/66614"}],"wp:attachment":[{"href":"https:\/\/cutismedical.shop\/et\/wp-json\/wp\/v2\/media?parent=66620"}],"wp:term":[{"taxonomy":"item","embeddable":true,"href":"https:\/\/cutismedical.shop\/et\/wp-json\/wp\/v2\/item?post=66620"},{"taxonomy":"product_cat","embeddable":true,"href":"https:\/\/cutismedical.shop\/et\/wp-json\/wp\/v2\/product_cat?post=66620"},{"taxonomy":"product_tag","embeddable":true,"href":"https:\/\/cutismedical.shop\/et\/wp-json\/wp\/v2\/product_tag?post=66620"}],"curies":[{"name":"wp","href":"https:\/\/api.w.org\/{rel}","templated":true}]}}