{"id":66278,"date":"2025-04-23T18:08:40","date_gmt":"2025-04-23T16:08:40","guid":{"rendered":"https:\/\/cutismedical.com\/shop\/maaratlemata\/skinclinic-kit-zalyc-serum-30ml-nutrisyl-50ml\/"},"modified":"2025-04-23T18:36:13","modified_gmt":"2025-04-23T16:36:13","slug":"skinclinic-kit-zalyc-serum-30ml-nutrisyl-50ml","status":"publish","type":"product","link":"https:\/\/cutismedical.shop\/et\/shop-es\/nahahooldus\/kreem-et-prof\/skinclinic-kit-zalyc-serum-30ml-nutrisyl-50ml\/","title":{"rendered":"SkinClinic | KIT: Zalyc Serum 30ml. + Nutrisyl 50ml."},"content":{"rendered":"<p>Zalyc Serum on igap\u00e4evaseks kasutamiseks m\u00f5eldud vananemisvastane seerum ja ekstra rasuuregulaator, mis on m\u00f5eldud kombineeritud kuni rasusele ja\/v\u00f5i aknele kalduvale nahale. Kui j\u00e4tkate kasutamist nii hommikul kui ka \u00f6\u00f6sel enne meie tavalist kreemi, aitab see lisaks naha seisundi parandamisele, ebat\u00e4iuste ja pooride v\u00e4hendamisele ning naha mikrofloora tasakaalustamisele ennetada ja ravida peamisi vananemisilminguid.<\/p>\n<p>Kombineeritud kuni rasune ja\/v\u00f5i aknele kalduv nahk.<\/p>\n<p>&nbsp;<\/p>\n<p><strong>Kasu<\/strong><\/p>\n<p>Reguleerib naha rasu.<\/p>\n<p>Ennetab ja ravib peamisi vananemise m\u00e4rke.<\/p>\n<p>\u00dchtlustab nahatooni.<\/p>\n<p>Aitab v\u00e4hendada s\u00e4ra ja plekke.<\/p>\n<p>Ennetab pooride ummistumist.<\/p>\n<p>Aitab v\u00e4hendada ja parandada pooride suurust.<\/p>\n<p>&nbsp;<\/p>\n<p><strong>Kuidas kasutada?<\/strong><\/p>\n<p>Kandke mitu tilka puhtale n\u00e4ole \u00fcle kogu n\u00e4o (eelistatavalt rohkem rasvunud piirkondadesse) ja levitage.<\/p>\n<p>&nbsp;<\/p>\n<p><strong>Koostisosad<\/strong><\/p>\n<p>Salits\u00fc\u00fclhape, niatsiinamiid, Cytobiol\u2122 Iris A\u00b2, aselaiinhape.<\/p>\n<p>______________________________________________________________________________________________________________<\/p>\n<p>Nutrisyl on toitev &amp; kortsudevastane \u00f5livaba kreem, mis on spetsiaalselt m\u00f5eldud kombineeritud kuni rasusele nahale. Selle silikoonip\u00f5hi aitab nahal hingata ja ei ummista poore. Selle tasakaalustatud koostis, mis sisaldab suures koguses toitvaid, kortsudevastaseid ja rasu reguleerivaid toimeaineid, tekitab dermo-renoveeriva efekti juba esimesest pealekandmisest alates.<\/p>\n<p>&nbsp;<\/p>\n<p><strong>Kasu<\/strong><\/p>\n<p>Kortsude ja peenikeste joonte vastu.<\/p>\n<p>Niisutamine ja toitmine.<\/p>\n<p>Rasvumist reguleeriv toime.<\/p>\n<p>Kombineeritud kuni rasusele v\u00f5i aknele kalduvale nahale.<\/p>\n<p>P\u00e4ikesekaitse.<\/p>\n<p>&nbsp;<\/p>\n<p><strong>Kuidas kasutada?<\/strong><\/p>\n<p>Kandke \u00f5rna massaa\u017eiga n\u00e4ole ja kaelale hommikul ja \u00f5htul. Kombineeritav teiste kosmeetikatoodetega. Vaata kasutusjuhiseid.<\/p>\n<p>&nbsp;<\/p>\n<p><strong>Koostisosad<\/strong><\/p>\n<p>Argireline\u00ae, Mimosa, Looduslik niisutusfaktor, Bufereeritud gl\u00fckoolhape, Calendula, Avokaado Derived, Alpha-Bisabolol, Bioaktiivsed pol\u00fcpeptiidid, Aloe Vera.<\/p>\n","protected":false},"excerpt":{"rendered":"<p>Vananemisvastane ja rasueritust reguleeriv seerum + kortsude ja ilmejoonte vastane seerum.<\/p>\n","protected":false},"featured_media":66275,"template":"","meta":{"_seopress_robots_primary_cat":"none","_seopress_titles_title":"","_seopress_titles_desc":"","_seopress_robots_index":""},"item":[2243],"product_cat":[1813,151,363,1910,1928,1931,1849,1853,1858],"product_tag":[],"class_list":{"0":"post-66278","1":"product","2":"type-product","3":"status-publish","4":"has-post-thumbnail","6":"item-skinclinic-et","7":"product_cat-otstarve","8":"product_cat-kreem-et","9":"product_cat-seerum-et","10":"product_cat-nahahooldus","11":"product_cat-kreem-et-prof","12":"product_cat-seerum-et-prof","13":"product_cat-nahahooldus-nahatuubi-jargi","14":"product_cat-kortsud","15":"product_cat-lotvunud-nahk","17":"first","18":"instock","19":"taxable","20":"shipping-taxable","21":"purchasable","22":"product-type-simple"},"_links":{"self":[{"href":"https:\/\/cutismedical.shop\/et\/wp-json\/wp\/v2\/product\/66278","targetHints":{"allow":["GET"]}}],"collection":[{"href":"https:\/\/cutismedical.shop\/et\/wp-json\/wp\/v2\/product"}],"about":[{"href":"https:\/\/cutismedical.shop\/et\/wp-json\/wp\/v2\/types\/product"}],"wp:featuredmedia":[{"embeddable":true,"href":"https:\/\/cutismedical.shop\/et\/wp-json\/wp\/v2\/media\/66275"}],"wp:attachment":[{"href":"https:\/\/cutismedical.shop\/et\/wp-json\/wp\/v2\/media?parent=66278"}],"wp:term":[{"taxonomy":"item","embeddable":true,"href":"https:\/\/cutismedical.shop\/et\/wp-json\/wp\/v2\/item?post=66278"},{"taxonomy":"product_cat","embeddable":true,"href":"https:\/\/cutismedical.shop\/et\/wp-json\/wp\/v2\/product_cat?post=66278"},{"taxonomy":"product_tag","embeddable":true,"href":"https:\/\/cutismedical.shop\/et\/wp-json\/wp\/v2\/product_tag?post=66278"}],"curies":[{"name":"wp","href":"https:\/\/api.w.org\/{rel}","templated":true}]}}