{"id":4865,"date":"2017-04-25T13:23:30","date_gmt":"2017-04-25T11:23:30","guid":{"rendered":"https:\/\/cutismedical.com\/et\/product\/revital-tonic\/"},"modified":"2025-03-10T19:21:46","modified_gmt":"2025-03-10T17:21:46","slug":"revital-tonic","status":"publish","type":"product","link":"https:\/\/cutismedical.shop\/et\/shop-es\/mesoteraapia-et\/body-mesotherapy-et\/revital-tonic\/","title":{"rendered":"Promoitalia. Revital TONIC \/ 1 ampull x 10ml. (5 ampulli karbis) \/ Lipolityc \/ Antioks\u00fcdant"},"content":{"rendered":"<p><strong>Peamised komponendid<\/strong><\/p>\n<p><strong>K\u00c4\u00c4RITUD PAPAJA:<\/strong> K\u00e4\u00e4ritatud papaia on rikas antioks\u00fcdantide (A-, C- ja E-vitamiini) sisaldusega vitamiinide poolest. Neist alfa-tokoferool (E-vitamiin) on olulise t\u00e4htsusega, kuna see suudab kaitsta rakumembraane vananemisprotsessi ja kapillaare kahjustuste eest.<\/p>\n<p><strong>MELONI EKSTRAKTID:<\/strong> Vabad radikaalid on kehas aktiivsed juba s\u00fcnnist alates ja nende arv suureneb v\u00e4liste tegurite, n\u00e4iteks elektromagnetilise, keemilise ja keskkonnareostuse tagaj\u00e4rjel. Peamine meloniseemnetest ekstraheeritud komponent on superoksiiddismutaas, mis toimib otseselt antioks\u00fcdandina immuuns\u00fcsteemile.<\/p>\n<p><strong>LIPO\u00dcHAPU:<\/strong> peetakse \u00fcheks parimaks antioks\u00fcdandiks maailmas, kuna see suudab neutraliseerida vabu radikaale nii rakkude rasvases kui ka veesises piirkonnas.<\/p>\n<p><strong>N-AKET\u00dcLIK\u00dcSTEIN:<\/strong> Tuntud kui NAC, on tugeva antioks\u00fcdantse toimega mittetoksiline aine. Selle molekuli struktuur v\u00f5imaldab tal kergesti tungida rakumembraanidesse. N-atset\u00fc\u00fclts\u00fcsteiinil on v\u00f5tmeroll glutatiooni normaalse taseme s\u00e4ilitamisel.<\/p>\n<p>(GSH) taset rakkudes, kaitstes neid v\u00e4lism\u00f5jude ja nende toksilise toime eest.<\/p>\n","protected":false},"excerpt":{"rendered":"<p>See on eksklusiivne valem, mis koosneb fermenteeritud papaiast, meloni ekstraktidest, lipoehappest ja N-atset\u00fc\u00fclts\u00fcsteiinist. See on antioks\u00fcdantne ja pinguldav kehahooldus, mis annab nahale kohese siidise efekti.<\/p>\n","protected":false},"featured_media":4863,"template":"","meta":{"_seopress_robots_primary_cat":"none","_seopress_titles_title":"","_seopress_titles_desc":"","_seopress_robots_index":""},"item":[1194],"product_cat":[155,1864,1131],"product_tag":[1906],"class_list":{"0":"post-4865","1":"product","2":"type-product","3":"status-publish","4":"has-post-thumbnail","6":"item-promoitalia-et-2","7":"product_cat-mesoteraapia-et","8":"product_cat-antioksudandid","9":"product_cat-body-mesotherapy-et","10":"product_tag-tselluliit","11":"pa_product_main_cat-professionaalne-hooldus","13":"first","14":"instock","15":"taxable","16":"shipping-taxable","17":"purchasable","18":"product-type-simple"},"_links":{"self":[{"href":"https:\/\/cutismedical.shop\/et\/wp-json\/wp\/v2\/product\/4865","targetHints":{"allow":["GET"]}}],"collection":[{"href":"https:\/\/cutismedical.shop\/et\/wp-json\/wp\/v2\/product"}],"about":[{"href":"https:\/\/cutismedical.shop\/et\/wp-json\/wp\/v2\/types\/product"}],"wp:featuredmedia":[{"embeddable":true,"href":"https:\/\/cutismedical.shop\/et\/wp-json\/wp\/v2\/media\/4863"}],"wp:attachment":[{"href":"https:\/\/cutismedical.shop\/et\/wp-json\/wp\/v2\/media?parent=4865"}],"wp:term":[{"taxonomy":"item","embeddable":true,"href":"https:\/\/cutismedical.shop\/et\/wp-json\/wp\/v2\/item?post=4865"},{"taxonomy":"product_cat","embeddable":true,"href":"https:\/\/cutismedical.shop\/et\/wp-json\/wp\/v2\/product_cat?post=4865"},{"taxonomy":"product_tag","embeddable":true,"href":"https:\/\/cutismedical.shop\/et\/wp-json\/wp\/v2\/product_tag?post=4865"}],"curies":[{"name":"wp","href":"https:\/\/api.w.org\/{rel}","templated":true}]}}