{"id":4857,"date":"2017-04-25T13:11:07","date_gmt":"2017-04-25T11:11:07","guid":{"rendered":"https:\/\/cutismedical.com\/et\/product\/hair-plus\/"},"modified":"2024-10-25T18:40:27","modified_gmt":"2024-10-25T16:40:27","slug":"hair-plus","status":"publish","type":"product","link":"https:\/\/cutismedical.shop\/et\/shop-es\/mesoteraapia-et\/hair-et\/hair-plus\/","title":{"rendered":"Promoitalia. Hair Plus \/ 1 ampull x 10ml. (5 ampulli karbis)"},"content":{"rendered":"<p><strong>Peamised komponendid<\/strong><\/p>\n<p><strong>FOSFATIIDIIDHAPET:<\/strong> fosfatiinhape stimuleerib juuksesibulite epiteelirakkude kasvu ja proliferatsiooni, pikendades juuste kasvu anagene faasi katagene faasi asemel.<\/p>\n<p><strong>RIBOFLAVIIN (VITAMIIN B2):<\/strong> See on nii loomset kui ka taimset p\u00e4ritolu (taimed, maks, s\u00fcda, neerud ja piimasaadused). Sellel on kaitsev funktsioon juuste, silmade, naha, k\u00fc\u00fcnte ja lihaste jaoks. See on v\u00f5tmetegur m\u00f5nede rakkude (sealhulgas \u00f5hupirnide) energeetilise ainevahetuse oks\u00fcdatsiooni-reduktsioonireaktsioonides.<\/p>\n<p><strong>SUPEROKSIIDIDE DISMUTAAS:<\/strong> Vabad radikaalid on organismis aktiivsed juba s\u00fcnnist alates ja nende arv suureneb v\u00e4liste tegurite, n\u00e4iteks elektromagnetilise, keemilise ja keskkonnareostuse tagaj\u00e4rjel. Superoksiiddismutaas on meloniseemnetest ekstraheeritud komponent, mis m\u00f5jub immuuns\u00fcsteemile otseselt antioks\u00fcdandina.<\/p>\n<p><em><strong>Ravi sagedus:<\/strong><\/em><\/p>\n<p>Hoolduste arv s\u00f5ltub ravitava naha t\u00fc\u00fcbist. Tulemused on n\u00e4htavad p\u00e4rast esimest seanssi.<\/p>\n<p><em><strong>Koostis: Hooldusmeetodid: Hooldusmeetodid: Hooldusmeetodid: Hooldusmeetodid: Hooldusmeetodid: Hooldusmeetodid:<\/strong><\/em><\/p>\n<p>Toode, steriilne kosmeetiline lahus professionaalseks kasutamiseks, sisaldub 5 10ml viaalis, mida saab kasutada 5 &#8211; 10 seanssi.<\/p>\n<p><em><strong>S\u00e4ilitamine:<\/strong><\/em><\/p>\n<p>Toodet tuleb s\u00e4ilitada temperatuuril alla 25\u00b0C. \u00c4rge pange toodet otsese p\u00e4ikesevalguse k\u00e4tte.<\/p>\n","protected":false},"excerpt":{"rendered":"<h4><span style=\"color: #ed1c24;\"><strong>Ei ole mu\u0308u\u0308giks ELis!<\/strong><\/span><\/h4>\n<p>Taastav kokteil, mis sisaldab fosfatiinhapet, riboflaviini (B2-vitamiin), superoksiiddismutaasi ja aminohapete kompleksi, et stimuleerida ja korrigeerida mitmeid alopeetsia t\u00fc\u00fcpe.<\/p>\n<h4><em><strong>N\u00e4idustused:<\/strong><\/em><\/h4>\n<p>-naiste ja meeste kiilasp\u00e4isus<\/p>\n<p>-meeste frontaalne-parietaalne alopeetsia<\/p>\n<p>-UV-kiirguse, stressi, infektsioonide, alatoitumuse ja kohatise kiilasp\u00e4isuse korral.<\/p>\n<p>-rasedusj\u00e4rgne alopeetsia, alopeetsia menopausi ajal.<\/p>\n","protected":false},"featured_media":4855,"template":"","meta":{"_seopress_robots_primary_cat":"none","_seopress_titles_title":"","_seopress_titles_desc":"","_seopress_robots_index":""},"item":[1194],"product_cat":[155,1190],"product_tag":[],"class_list":{"0":"post-4857","1":"product","2":"type-product","3":"status-publish","4":"has-post-thumbnail","6":"item-promoitalia-et-2","7":"product_cat-mesoteraapia-et","8":"product_cat-hair-et","9":"pa_product_main_cat-professionaalne-hooldus","11":"first","12":"instock","13":"taxable","14":"shipping-taxable","15":"purchasable","16":"product-type-simple"},"_links":{"self":[{"href":"https:\/\/cutismedical.shop\/et\/wp-json\/wp\/v2\/product\/4857","targetHints":{"allow":["GET"]}}],"collection":[{"href":"https:\/\/cutismedical.shop\/et\/wp-json\/wp\/v2\/product"}],"about":[{"href":"https:\/\/cutismedical.shop\/et\/wp-json\/wp\/v2\/types\/product"}],"wp:featuredmedia":[{"embeddable":true,"href":"https:\/\/cutismedical.shop\/et\/wp-json\/wp\/v2\/media\/4855"}],"wp:attachment":[{"href":"https:\/\/cutismedical.shop\/et\/wp-json\/wp\/v2\/media?parent=4857"}],"wp:term":[{"taxonomy":"item","embeddable":true,"href":"https:\/\/cutismedical.shop\/et\/wp-json\/wp\/v2\/item?post=4857"},{"taxonomy":"product_cat","embeddable":true,"href":"https:\/\/cutismedical.shop\/et\/wp-json\/wp\/v2\/product_cat?post=4857"},{"taxonomy":"product_tag","embeddable":true,"href":"https:\/\/cutismedical.shop\/et\/wp-json\/wp\/v2\/product_tag?post=4857"}],"curies":[{"name":"wp","href":"https:\/\/api.w.org\/{rel}","templated":true}]}}