{"id":4842,"date":"2017-04-25T12:40:23","date_gmt":"2017-04-25T10:40:23","guid":{"rendered":"https:\/\/cutismedical.com\/et\/product\/white-in\/"},"modified":"2025-03-11T18:01:59","modified_gmt":"2025-03-11T16:01:59","slug":"white-in","status":"publish","type":"product","link":"https:\/\/cutismedical.shop\/et\/shop-es\/mesoteraapia-et\/nagu-et\/white-in\/","title":{"rendered":"Promoitalia. White IN \/ 1 ampull x 10ml. (3 ampulli karbis) \/ Valgendamine"},"content":{"rendered":"<p><strong>Peamised komponendid<\/strong><\/p>\n<p><strong>ARBUTIIN:<\/strong> Arbutiin on looduslik aine, mida saadakse ursiini viinamarjade ekstraheerimisel, sarnaselt h\u00fcdrokinooniga, kuid ilma sama toksilisuseta. Selle toime toimib melaniini s\u00fcnteesiprotsessi p\u00e4rssimise teel ja m\u00f5jub ens\u00fc\u00fcmile (t\u00fcrosiin), mis seda reaktsiooni katal\u00fc\u00fcsib. White In&#8217;is on arbutiinil suurem t\u00f5husus, sest see on kompleksselt seotud nanostruktuuridega, nagu \u00df-ts\u00fcklodekstriinid.<\/p>\n<p><strong>GLUTATHIONE:<\/strong> Glutatioon on k\u00f5ige v\u00f5imsam organismi toodetud antioks\u00fcdant. Sellel on v\u00e4ga aktiivne toime<\/p>\n<p>vabade radikaalide vastu. Hiljutised uuringud n\u00e4itavad, et glutatioon koos arbutiini ja teiste lahuses sisalduvate ainetega muudab depigmenteeriva toimemehhanismi t\u00f5husamaks, v\u00f5imaldades v\u00e4hendada raviaega, suurendades seel\u00e4bi ainete t\u00f5husust juba tuntud valgendavast toimest.<\/p>\n","protected":false},"excerpt":{"rendered":"<h4><span style=\"color: #ed1c24;\"><strong>Ei ole mu\u0308u\u0308giks ELis!<\/strong><\/span><\/h4>\n<p>White in on eksklusiivne arbutiinil ja glutatioonil p\u00f5hinev toode, mis suudab parandada naha v\u00e4rvimuutustest ja h\u00fcperkroomilisusest tingitud nahavigastusi.<\/p>\n","protected":false},"featured_media":4840,"template":"","meta":{"_seopress_robots_primary_cat":"none","_seopress_titles_title":"","_seopress_titles_desc":"","_seopress_robots_index":""},"item":[1194],"product_cat":[155,1188,1870],"product_tag":[1897],"class_list":{"0":"post-4842","1":"product","2":"type-product","3":"status-publish","4":"has-post-thumbnail","6":"item-promoitalia-et-2","7":"product_cat-mesoteraapia-et","8":"product_cat-nagu-et","9":"product_cat-pigmentatsioon","10":"product_tag-pigmendilaigud","11":"pa_product_main_cat-professionaalne-hooldus","13":"first","14":"instock","15":"taxable","16":"shipping-taxable","17":"purchasable","18":"product-type-simple"},"_links":{"self":[{"href":"https:\/\/cutismedical.shop\/et\/wp-json\/wp\/v2\/product\/4842","targetHints":{"allow":["GET"]}}],"collection":[{"href":"https:\/\/cutismedical.shop\/et\/wp-json\/wp\/v2\/product"}],"about":[{"href":"https:\/\/cutismedical.shop\/et\/wp-json\/wp\/v2\/types\/product"}],"wp:featuredmedia":[{"embeddable":true,"href":"https:\/\/cutismedical.shop\/et\/wp-json\/wp\/v2\/media\/4840"}],"wp:attachment":[{"href":"https:\/\/cutismedical.shop\/et\/wp-json\/wp\/v2\/media?parent=4842"}],"wp:term":[{"taxonomy":"item","embeddable":true,"href":"https:\/\/cutismedical.shop\/et\/wp-json\/wp\/v2\/item?post=4842"},{"taxonomy":"product_cat","embeddable":true,"href":"https:\/\/cutismedical.shop\/et\/wp-json\/wp\/v2\/product_cat?post=4842"},{"taxonomy":"product_tag","embeddable":true,"href":"https:\/\/cutismedical.shop\/et\/wp-json\/wp\/v2\/product_tag?post=4842"}],"curies":[{"name":"wp","href":"https:\/\/api.w.org\/{rel}","templated":true}]}}