{"id":4800,"date":"2017-04-21T08:29:26","date_gmt":"2017-04-21T06:29:26","guid":{"rendered":"https:\/\/cutismedical.com\/et\/product\/vitjal-revitalizing-mix\/"},"modified":"2024-10-21T21:10:34","modified_gmt":"2024-10-21T19:10:34","slug":"vitjal-revitalizing-mix","status":"publish","type":"product","link":"https:\/\/cutismedical.shop\/et\/shop-es\/mesoteraapia-et\/nagu-et\/vitjal-revitalizing-mix\/","title":{"rendered":"Promoitalia. VITJAL revitalizing mix (1 ampull x 10ml.) \/ Biorevitaliseerimine"},"content":{"rendered":"<p><b><strong>Peamised komponendid<\/strong><\/b><\/p>\n<p><b><em><strong>H\u00dcALURONIHAPU:<\/strong><\/em><\/b> See on \u00fcks peamisi sidekoe komponente, mis vastutab naha h\u00fcdratsiooni ja elastsuse eest.<\/p>\n<p><b><em><strong>COENZYMES:<\/strong><\/em> <\/b>Lipoic Acid peetakse \u00fcheks parimaks antioks\u00fcdandiks maailmas, kuna see neutraliseerib vabu radikaale nii rakkude rasvases kui ka veesises piirkonnas.<\/p>\n<p><b><em><strong>N-ACETYLCYSTEIN:<\/strong><\/em> <\/b>Tuntud kui NAC, on mittem\u00fcrgine aine, millel on tugev antioks\u00fcdantne j\u00f5ud. Selle molekuli struktuur v\u00f5imaldab tal kergesti tungida rakumembraanidesse. N-atset\u00fc\u00fclts\u00fcsteiinil on v\u00f5tmeroll glutatiooni (GSH) normaalse taseme s\u00e4ilitamisel rakkudes, kaitstes neid v\u00e4liste kahjulike ainete ja nende toksilise toime eest.<\/p>\n<p><b><em><strong>VITAMIINID:<\/strong><\/em><\/b><\/p>\n<p>&#8211;<em>D-vitamiin:<\/em> m\u00e4ngib aktiivset rolli rakkude ainevahetuses<em>.<\/em><\/p>\n<p>&#8211;<em>B-vitamiin:<\/em> sellel on elustav toime. Aktiivsed ained v\u00f5itlevad immuunpuudulikkuse vastu ja on olulised naha tasakaalustatud struktuuri jaoks. Parandab naha tervist ja v\u00e4limust, mille tulemuseks on noorem v\u00e4limus, isegi nahale, millel on esimesed vananemise tunnused.<\/p>\n","protected":false},"excerpt":{"rendered":"<h4><span style=\"color: #ed1c24;\"><strong>Ei ole mu\u0308u\u0308giks ELis!<\/strong><\/span><\/h4>\n<p>Vitamiinide, aminohapete ja h\u00fcaluroonhappe eriline kombinatsioon \u00fches tootes, mis aitab v\u00f5idelda naha vananemise p\u00f5hjuste ja tagaj\u00e4rgedega.<\/p>\n<p>&nbsp;<\/p>\n","protected":false},"featured_media":4798,"template":"","meta":{"_seopress_robots_primary_cat":"none","_seopress_titles_title":"","_seopress_titles_desc":"","_seopress_robots_index":""},"item":[1194],"product_cat":[155,1188],"product_tag":[],"class_list":{"0":"post-4800","1":"product","2":"type-product","3":"status-publish","4":"has-post-thumbnail","6":"item-promoitalia-et-2","7":"product_cat-mesoteraapia-et","8":"product_cat-nagu-et","9":"pa_product_main_cat-professionaalne-hooldus","11":"first","12":"instock","13":"taxable","14":"shipping-taxable","15":"purchasable","16":"product-type-simple"},"_links":{"self":[{"href":"https:\/\/cutismedical.shop\/et\/wp-json\/wp\/v2\/product\/4800","targetHints":{"allow":["GET"]}}],"collection":[{"href":"https:\/\/cutismedical.shop\/et\/wp-json\/wp\/v2\/product"}],"about":[{"href":"https:\/\/cutismedical.shop\/et\/wp-json\/wp\/v2\/types\/product"}],"wp:featuredmedia":[{"embeddable":true,"href":"https:\/\/cutismedical.shop\/et\/wp-json\/wp\/v2\/media\/4798"}],"wp:attachment":[{"href":"https:\/\/cutismedical.shop\/et\/wp-json\/wp\/v2\/media?parent=4800"}],"wp:term":[{"taxonomy":"item","embeddable":true,"href":"https:\/\/cutismedical.shop\/et\/wp-json\/wp\/v2\/item?post=4800"},{"taxonomy":"product_cat","embeddable":true,"href":"https:\/\/cutismedical.shop\/et\/wp-json\/wp\/v2\/product_cat?post=4800"},{"taxonomy":"product_tag","embeddable":true,"href":"https:\/\/cutismedical.shop\/et\/wp-json\/wp\/v2\/product_tag?post=4800"}],"curies":[{"name":"wp","href":"https:\/\/api.w.org\/{rel}","templated":true}]}}