{"id":46562,"date":"2025-03-12T19:14:16","date_gmt":"2025-03-12T17:14:16","guid":{"rendered":"https:\/\/cutismedical.com\/shop\/maaratlemata\/seduskin-hyladerm-2-5-vials-x-5-ml\/"},"modified":"2025-03-12T19:41:25","modified_gmt":"2025-03-12T17:41:25","slug":"seduskin-hyladerm-2-5-vials-x-5-ml","status":"publish","type":"product","link":"https:\/\/cutismedical.shop\/et\/shop-es\/biorevitalisant-et\/seduskin-hyladerm-2-5-vials-x-5-ml\/","title":{"rendered":"SeduSkin. Hyladerm 2% (5 viaali x 5 ml.)"},"content":{"rendered":"<div>\n<p>Hyladermil on v\u00f5ime ligi t\u00f5mmata ja s\u00e4ilitada kuni 100 korda rohkem vett kui tema kaal, moodustades elastse geeli, mis s\u00e4ilitab epidermise h\u00fcdratsiooni, pakkudes pinguldavat, t\u00e4itvat ja kortse siluvat efekti.<\/p>\n<ul>\n<li>Niisutamine ja niisutamine<\/li>\n<li>Kudede pinguldamine<\/li>\n<li>Parandab lipiidibarj\u00e4\u00e4ri<\/li>\n<li>V\u00e4hem n\u00e4htavad ilmejooned ja kortsud<\/li>\n<\/ul>\n<div><\/div>\n<\/div>\n","protected":false},"excerpt":{"rendered":"<p>Hyladerm on v\u00e4ga kontsentreeritud koostisega, mis sisaldab 2% keskmise molekulmassiga h\u00fcaluroonhapet. See kombinatsioon teeb sellest naha v\u00f5imsa niisutava, pinguldava ja niisutava aine. See m\u00f5jub epidermisele ja dermsile kohese ja pikaajalise tulemusega.<\/p>\n","protected":false},"featured_media":46556,"template":"","meta":{"_seopress_robots_primary_cat":"none","_seopress_titles_title":"","_seopress_titles_desc":"","_seopress_robots_index":""},"item":[2367],"product_cat":[315],"product_tag":[],"class_list":{"0":"post-46562","1":"product","2":"type-product","3":"status-publish","4":"has-post-thumbnail","6":"item-seduskin-et","7":"product_cat-biorevitalisant-et","9":"first","10":"instock","11":"taxable","12":"shipping-taxable","13":"purchasable","14":"product-type-simple"},"_links":{"self":[{"href":"https:\/\/cutismedical.shop\/et\/wp-json\/wp\/v2\/product\/46562","targetHints":{"allow":["GET"]}}],"collection":[{"href":"https:\/\/cutismedical.shop\/et\/wp-json\/wp\/v2\/product"}],"about":[{"href":"https:\/\/cutismedical.shop\/et\/wp-json\/wp\/v2\/types\/product"}],"wp:featuredmedia":[{"embeddable":true,"href":"https:\/\/cutismedical.shop\/et\/wp-json\/wp\/v2\/media\/46556"}],"wp:attachment":[{"href":"https:\/\/cutismedical.shop\/et\/wp-json\/wp\/v2\/media?parent=46562"}],"wp:term":[{"taxonomy":"item","embeddable":true,"href":"https:\/\/cutismedical.shop\/et\/wp-json\/wp\/v2\/item?post=46562"},{"taxonomy":"product_cat","embeddable":true,"href":"https:\/\/cutismedical.shop\/et\/wp-json\/wp\/v2\/product_cat?post=46562"},{"taxonomy":"product_tag","embeddable":true,"href":"https:\/\/cutismedical.shop\/et\/wp-json\/wp\/v2\/product_tag?post=46562"}],"curies":[{"name":"wp","href":"https:\/\/api.w.org\/{rel}","templated":true}]}}