{"id":46503,"date":"2024-04-08T22:52:42","date_gmt":"2024-04-08T20:52:42","guid":{"rendered":"https:\/\/cutismedical.com\/shop\/maaratlemata\/lemon-bottle-5pcs-10ml-lipolytic\/"},"modified":"2024-04-08T22:52:42","modified_gmt":"2024-04-08T20:52:42","slug":"lemon-bottle-5pcs-10ml-lipolytic","status":"publish","type":"product","link":"https:\/\/cutismedical.shop\/et\/shop-es\/mesoteraapia-et\/body-mesotherapy-et\/lemon-bottle-5pcs-10ml-lipolytic\/","title":{"rendered":"Lemon Bottle (5tk.*10ml.) \/ Lipol\u00fc\u00fctiline"},"content":{"rendered":"<div>Lahus ei sisalda ppc-d, hormoone ega naatriumdeoks\u00fckolaati, mis v\u00f5imaldab ravi j\u00e4\u00e4da valutuks, p\u00f5letuseta, ilma turse ja k\u00f5rvalm\u00f5judeta.<\/div>\n<div>B2-vitamiin<\/div>\n<div>Letitsiin<\/div>\n<div>Bromelaiin<\/div>\n<div><\/div>\n<div>Kohesed tulemused: Kiirendab lipol\u00fc\u00fcsi (rasva lagundamine)<\/div>\n<div><\/div>\n<div>Ohutu kasutamine: Kliiniliselt t\u00f5estatud ja heaks kiidetud ohutu kasutamine<\/div>\n<div><\/div>\n<div>Esmaklassilised koostisosad: Kvaliteetne riboflaviin (B2-vitamiin), bromelaiin, letsitiin.<\/div>\n<div><\/div>\n<div>K\u00f5rge kontsentratsiooniga: Kasutatavate koostisosade optimaalne annus<\/div>\n<div><\/div>\n<div>Translated with DeepL.com (free version)<\/div>\n<hr \/>\n<div><\/div>\n<div><a href=\"https:\/\/cutismedical.com\/wp-content\/uploads\/2024\/04\/lemon-bottle-1.jpg\"><img loading=\"lazy\" decoding=\"async\" class=\"alignnone size-full wp-image-42556\" src=\"https:\/\/cutismedical.com\/wp-content\/uploads\/2024\/04\/lemon-bottle-1.jpg\" alt=\"\" width=\"1181\" height=\"598\" srcset=\"https:\/\/cutismedical.shop\/wp-content\/uploads\/2024\/04\/lemon-bottle-1.jpg 1181w, https:\/\/cutismedical.shop\/wp-content\/uploads\/2024\/04\/lemon-bottle-1-150x76.jpg 150w, https:\/\/cutismedical.shop\/wp-content\/uploads\/2024\/04\/lemon-bottle-1-592x300.jpg 592w, https:\/\/cutismedical.shop\/wp-content\/uploads\/2024\/04\/lemon-bottle-1-790x400.jpg 790w, https:\/\/cutismedical.shop\/wp-content\/uploads\/2024\/04\/lemon-bottle-1-768x389.jpg 768w, https:\/\/cutismedical.shop\/wp-content\/uploads\/2024\/04\/lemon-bottle-1-510x258.jpg 510w\" sizes=\"auto, (max-width: 1181px) 100vw, 1181px\" \/><\/a><\/div>\n","protected":false},"excerpt":{"rendered":"<p>Looduslikest ja ohututest koostisosadest valmistatud Lemonbottle sisaldab t\u00e4iustatud elemente, mis t\u00f6\u00f6tavad samaaegselt koos, et stimuleerida rasva ainevahetust konkreetsetes sihtpiirkondades.<\/p>\n","protected":false},"featured_media":42552,"template":"","meta":{"_seopress_robots_primary_cat":"none","_seopress_titles_title":"","_seopress_titles_desc":"","_seopress_robots_index":""},"item":[2246],"product_cat":[155,1131],"product_tag":[],"class_list":{"0":"post-46503","1":"product","2":"type-product","3":"status-publish","4":"has-post-thumbnail","6":"item-lemon-bottle-et","7":"product_cat-mesoteraapia-et","8":"product_cat-body-mesotherapy-et","10":"first","11":"instock","12":"taxable","13":"shipping-taxable","14":"purchasable","15":"product-type-simple"},"_links":{"self":[{"href":"https:\/\/cutismedical.shop\/et\/wp-json\/wp\/v2\/product\/46503","targetHints":{"allow":["GET"]}}],"collection":[{"href":"https:\/\/cutismedical.shop\/et\/wp-json\/wp\/v2\/product"}],"about":[{"href":"https:\/\/cutismedical.shop\/et\/wp-json\/wp\/v2\/types\/product"}],"wp:featuredmedia":[{"embeddable":true,"href":"https:\/\/cutismedical.shop\/et\/wp-json\/wp\/v2\/media\/42552"}],"wp:attachment":[{"href":"https:\/\/cutismedical.shop\/et\/wp-json\/wp\/v2\/media?parent=46503"}],"wp:term":[{"taxonomy":"item","embeddable":true,"href":"https:\/\/cutismedical.shop\/et\/wp-json\/wp\/v2\/item?post=46503"},{"taxonomy":"product_cat","embeddable":true,"href":"https:\/\/cutismedical.shop\/et\/wp-json\/wp\/v2\/product_cat?post=46503"},{"taxonomy":"product_tag","embeddable":true,"href":"https:\/\/cutismedical.shop\/et\/wp-json\/wp\/v2\/product_tag?post=46503"}],"curies":[{"name":"wp","href":"https:\/\/api.w.org\/{rel}","templated":true}]}}