{"id":46146,"date":"2025-02-07T19:26:13","date_gmt":"2025-02-07T17:26:13","guid":{"rendered":"https:\/\/cutismedical.com\/shop\/maaratlemata\/mesoestetic-blemiderm-local-control-10ml\/"},"modified":"2025-02-07T19:33:35","modified_gmt":"2025-02-07T17:33:35","slug":"mesoestetic-blemiderm-local-control-10ml","status":"publish","type":"product","link":"https:\/\/cutismedical.shop\/et\/shop-es\/nahahooldus\/seerum-et-prof\/mesoestetic-blemiderm-local-control-10ml\/","title":{"rendered":"Mesoestetic. Blemiderm Local Control 10ml."},"content":{"rendered":"<p>See AHA-de ja BHA-de kontsentreeritud koostis vabastab ja puhastab poorid. Enoksolooni ja niatsinamiidi segu aitab v\u00e4hendada turset ja punetust, ennetades samal ajal p\u00f5letikuvastast h\u00fcperpigmentatsiooni. See toode on loodud \u00f5rnalt, kuid t\u00f5husalt, mist\u00f5ttu sobib see paljudele nahat\u00fc\u00fcpidele, sealhulgas tundlikule nahale. Selle mitte\u00e4rritav koostis tagab, et seda saab kasutada regulaarselt, ilma et see tekitaks kuivust v\u00f5i \u00e4rritust.<\/p>\n<p>&nbsp;<\/p>\n<p><strong>Pakend koosneb j\u00e4rgmistest osadest:<\/strong><\/p>\n<p>1 tuubi x 10ml<\/p>\n<p>&nbsp;<\/p>\n<p><strong>Peamised koostisained:<\/strong><\/p>\n<p>Gl\u00fckoolhape<\/p>\n<p>Mandelhape<\/p>\n<p>Salits\u00fc\u00fclhape<\/p>\n<p>Enoksoloon<\/p>\n<p>Niatsiinamiid<\/p>\n<p>&nbsp;<\/p>\n<p><strong>Mesoestetic Blemiderm Local Control 10ml eelised:<\/strong><\/p>\n<p>M\u00f5eldud v\u00e4ikeste, lokaliseeritud plekkide raviks.<\/p>\n<p>V\u00f5ib v\u00e4hendada laike ja mustpead<\/p>\n<p>Aitab v\u00e4hendada turset ja punetust<\/p>\n<p>V\u00f5ib ennetada p\u00f5letikuvastase h\u00fcperpigmentatsiooni ilmnemist<\/p>\n<p>&nbsp;<\/p>\n<p><strong>Kuidas toodet kasutada:<\/strong><\/p>\n<p>Kandke v\u00e4ike kogus Blemiderm Local Control&#8217;i otse plekile, kasutades selleks t\u00e4pset aplikaatorit. Kasutage vastavalt vajadusele, tavaliselt \u00fcks v\u00f5i kaks korda p\u00e4evas, s\u00f5ltuvalt plekist ja teie naha taluvusest.<\/p>\n","protected":false},"excerpt":{"rendered":"<p>Mesoestetic Blemiderm Local Control on kiire toimega korrektor sihip\u00e4rastele plekkidele, mis on v\u00f5imeline v\u00e4hendama laike ja mustpead.<\/p>\n","protected":false},"featured_media":46139,"template":"","meta":{"_seopress_robots_primary_cat":"none","_seopress_titles_title":"","_seopress_titles_desc":"","_seopress_robots_index":""},"item":[],"product_cat":[1813,363,1910,1931,1849,1850,1857,1859],"product_tag":[1876,1903,1897],"class_list":{"0":"post-46146","1":"product","2":"type-product","3":"status-publish","4":"has-post-thumbnail","6":"product_cat-otstarve","7":"product_cat-seerum-et","8":"product_cat-nahahooldus","9":"product_cat-seerum-et-prof","10":"product_cat-nahahooldus-nahatuubi-jargi","11":"product_cat-akne-post-akne","12":"product_cat-pigmendilaigud","13":"product_cat-laienenud-poorid-ja-mustpead","14":"product_tag-akne-post-akne","15":"product_tag-laienenud-poorid-ja-mustpead","16":"product_tag-pigmendilaigud","18":"first","19":"instock","20":"taxable","21":"shipping-taxable","22":"purchasable","23":"product-type-simple"},"_links":{"self":[{"href":"https:\/\/cutismedical.shop\/et\/wp-json\/wp\/v2\/product\/46146","targetHints":{"allow":["GET"]}}],"collection":[{"href":"https:\/\/cutismedical.shop\/et\/wp-json\/wp\/v2\/product"}],"about":[{"href":"https:\/\/cutismedical.shop\/et\/wp-json\/wp\/v2\/types\/product"}],"wp:featuredmedia":[{"embeddable":true,"href":"https:\/\/cutismedical.shop\/et\/wp-json\/wp\/v2\/media\/46139"}],"wp:attachment":[{"href":"https:\/\/cutismedical.shop\/et\/wp-json\/wp\/v2\/media?parent=46146"}],"wp:term":[{"taxonomy":"item","embeddable":true,"href":"https:\/\/cutismedical.shop\/et\/wp-json\/wp\/v2\/item?post=46146"},{"taxonomy":"product_cat","embeddable":true,"href":"https:\/\/cutismedical.shop\/et\/wp-json\/wp\/v2\/product_cat?post=46146"},{"taxonomy":"product_tag","embeddable":true,"href":"https:\/\/cutismedical.shop\/et\/wp-json\/wp\/v2\/product_tag?post=46146"}],"curies":[{"name":"wp","href":"https:\/\/api.w.org\/{rel}","templated":true}]}}