{"id":45968,"date":"2025-01-24T15:09:18","date_gmt":"2025-01-24T13:09:18","guid":{"rendered":"https:\/\/cutismedical.com\/shop\/maaratlemata\/aptos-visage-excellence-method-soft-ha-10-pcs\/"},"modified":"2025-01-24T15:09:18","modified_gmt":"2025-01-24T13:09:18","slug":"aptos-visage-excellence-method-soft-ha-10-pcs","status":"publish","type":"product","link":"https:\/\/cutismedical.shop\/et\/shop-es\/mesoniidid-et\/aptos-visage-excellence-method-soft-ha-10-pcs\/","title":{"rendered":"Aptos. Visage Excellence Method Soft HA (10 tk.)"},"content":{"rendered":"<p>See ainulaadne omadus suurendab koe kinnipidamise j\u00f5udu. Mitmesuunalised ogad v\u00f5ivad jaotada, pingestada ja hoida pehmeid kudesid tugevamalt p\u00e4rast sisestamist. Visage Excellence&#8217;i saab kasutada n\u00e4o ja kaela subdermaalsete kudede fikseerimiseks. Visage Excellence&#8217;i t\u00f5hus disain \u00fchtlustab kogu ravipiirkonna lihtsa ja mitteinvasiivse protseduuri abil. Keermed sisestatakse atraumaatilise \u00fcmmarguse otsaga kan\u00fc\u00fcli kaudu, v\u00e4ltides seega t\u00e4iendavat verejooksu ja turset p\u00e4rast protseduuri. Meetod on lihtne ja kiire ning vajab patsiendi jaoks minimaalset seisakuaega.<\/p>\n","protected":false},"excerpt":{"rendered":"<p>Visage Excellence on universaalne resorbeeruv kirurgiline niit, millel on mitmesuunalised, spetsiaalselt disainitud piikid.<\/p>\n","protected":false},"featured_media":45965,"template":"","meta":{"_seopress_robots_primary_cat":"","_seopress_titles_title":"","_seopress_titles_desc":"","_seopress_robots_index":""},"item":[2020],"product_cat":[156],"product_tag":[],"class_list":{"0":"post-45968","1":"product","2":"type-product","3":"status-publish","4":"has-post-thumbnail","6":"item-aptos-et","7":"product_cat-mesoniidid-et","9":"first","10":"instock","11":"taxable","12":"shipping-taxable","13":"purchasable","14":"product-type-simple"},"_links":{"self":[{"href":"https:\/\/cutismedical.shop\/et\/wp-json\/wp\/v2\/product\/45968","targetHints":{"allow":["GET"]}}],"collection":[{"href":"https:\/\/cutismedical.shop\/et\/wp-json\/wp\/v2\/product"}],"about":[{"href":"https:\/\/cutismedical.shop\/et\/wp-json\/wp\/v2\/types\/product"}],"wp:featuredmedia":[{"embeddable":true,"href":"https:\/\/cutismedical.shop\/et\/wp-json\/wp\/v2\/media\/45965"}],"wp:attachment":[{"href":"https:\/\/cutismedical.shop\/et\/wp-json\/wp\/v2\/media?parent=45968"}],"wp:term":[{"taxonomy":"item","embeddable":true,"href":"https:\/\/cutismedical.shop\/et\/wp-json\/wp\/v2\/item?post=45968"},{"taxonomy":"product_cat","embeddable":true,"href":"https:\/\/cutismedical.shop\/et\/wp-json\/wp\/v2\/product_cat?post=45968"},{"taxonomy":"product_tag","embeddable":true,"href":"https:\/\/cutismedical.shop\/et\/wp-json\/wp\/v2\/product_tag?post=45968"}],"curies":[{"name":"wp","href":"https:\/\/api.w.org\/{rel}","templated":true}]}}