{"id":45951,"date":"2025-01-24T12:47:53","date_gmt":"2025-01-24T10:47:53","guid":{"rendered":"https:\/\/cutismedical.com\/shop\/maaratlemata\/aptos-nano-excellence-method-ha-10-pcs\/"},"modified":"2025-01-24T12:47:53","modified_gmt":"2025-01-24T10:47:53","slug":"aptos-nano-excellence-method-ha-10-pcs","status":"publish","type":"product","link":"https:\/\/cutismedical.shop\/et\/shop-es\/mesoniidid-et\/aptos-nano-excellence-method-ha-10-pcs\/","title":{"rendered":"Aptos. Nano Excellence Method HA (10 tk.)"},"content":{"rendered":"<p>Kui Nano Excellence on sisestatud pehmetesse kudedesse, stimuleerib see uue kollageeni kasvu, mis tekitab uut tervislikku nahka. Nano Excellence&#8217;i saab kasutada n\u00e4o, kaela ja keha erinevate osade soomustamiseks ja noorendamiseks. Nano Excellence&#8217;i t\u00f5hus disain pinguldab nahka kogu ravipiirkonnas. Niidid sisestatakse atraumaatilise t\u00fcmpsukan\u00fc\u00fcli kaudu, v\u00e4ltides seel\u00e4bi t\u00e4iendavat verejooksu ja turset p\u00e4rast protseduuri. Meetodit on lihtne ja kiire kasutada ning see ei vaja patsiendi jaoks praktiliselt mingit seisakuaega.<\/p>\n","protected":false},"excerpt":{"rendered":"<p>Nano Excellence on universaalne resorbeeruv niit, millel on mitmesuunalised, spetsiaalselt projekteeritud varrastused soomustamiseks ja taaselustamiseks.<\/p>\n","protected":false},"featured_media":45947,"template":"","meta":{"_seopress_robots_primary_cat":"","_seopress_titles_title":"","_seopress_titles_desc":"","_seopress_robots_index":""},"item":[2020],"product_cat":[156],"product_tag":[],"class_list":{"0":"post-45951","1":"product","2":"type-product","3":"status-publish","4":"has-post-thumbnail","6":"item-aptos-et","7":"product_cat-mesoniidid-et","9":"first","10":"instock","11":"taxable","12":"shipping-taxable","13":"purchasable","14":"product-type-simple"},"_links":{"self":[{"href":"https:\/\/cutismedical.shop\/et\/wp-json\/wp\/v2\/product\/45951","targetHints":{"allow":["GET"]}}],"collection":[{"href":"https:\/\/cutismedical.shop\/et\/wp-json\/wp\/v2\/product"}],"about":[{"href":"https:\/\/cutismedical.shop\/et\/wp-json\/wp\/v2\/types\/product"}],"wp:featuredmedia":[{"embeddable":true,"href":"https:\/\/cutismedical.shop\/et\/wp-json\/wp\/v2\/media\/45947"}],"wp:attachment":[{"href":"https:\/\/cutismedical.shop\/et\/wp-json\/wp\/v2\/media?parent=45951"}],"wp:term":[{"taxonomy":"item","embeddable":true,"href":"https:\/\/cutismedical.shop\/et\/wp-json\/wp\/v2\/item?post=45951"},{"taxonomy":"product_cat","embeddable":true,"href":"https:\/\/cutismedical.shop\/et\/wp-json\/wp\/v2\/product_cat?post=45951"},{"taxonomy":"product_tag","embeddable":true,"href":"https:\/\/cutismedical.shop\/et\/wp-json\/wp\/v2\/product_tag?post=45951"}],"curies":[{"name":"wp","href":"https:\/\/api.w.org\/{rel}","templated":true}]}}