{"id":45941,"date":"2025-01-23T13:23:48","date_gmt":"2025-01-23T11:23:48","guid":{"rendered":"https:\/\/cutismedical.com\/shop\/maaratlemata\/aptos-nano-excellence-method-ha-namica-10pcs\/"},"modified":"2025-01-23T13:23:48","modified_gmt":"2025-01-23T11:23:48","slug":"aptos-nano-excellence-method-ha-namica-10pcs","status":"publish","type":"product","link":"https:\/\/cutismedical.shop\/et\/shop-es\/mesoniidid-et\/aptos-nano-excellence-method-ha-namica-10pcs\/","title":{"rendered":"Aptos. Nano Excellence Method HA NAMICA (10tk.)"},"content":{"rendered":"<p>Aptose poolt v\u00e4lja t\u00f6\u00f6tatud NAMICA tehnoloogia eesm\u00e4rk on suurendada h\u00fcaluroonhappe (HA) manustamist ja t\u00f5husust molekulide kapseldamise abil. \u00dcks peamisi v\u00e4ljakutseid on olnud HA t\u00e4pne toimetamine sihtpiirkonda, ilma et molekulid kaotaksid t\u00f5husust v\u00f5i laguneksid liiga kiiresti. NAMICA tehnoloogia, mida n\u00fc\u00fcd kasutatakse 4. p\u00f5lvkonna Aptose niitide osana, on selle probleemi edukalt lahendanud, avades t\u00e4ielikult HA potentsiaali.<\/p>\n","protected":false},"excerpt":{"rendered":"<p>Nano Excellence on universaalne resorbeeruv niit, millel on mitmesuunalised, spetsiaalselt projekteeritud varrastused soomustamiseks ja taaselustamiseks.<\/p>\n","protected":false},"featured_media":45938,"template":"","meta":{"_seopress_robots_primary_cat":"","_seopress_titles_title":"","_seopress_titles_desc":"","_seopress_robots_index":""},"item":[2020],"product_cat":[156],"product_tag":[],"class_list":{"0":"post-45941","1":"product","2":"type-product","3":"status-publish","4":"has-post-thumbnail","6":"item-aptos-et","7":"product_cat-mesoniidid-et","9":"first","10":"instock","11":"taxable","12":"shipping-taxable","13":"purchasable","14":"product-type-simple"},"_links":{"self":[{"href":"https:\/\/cutismedical.shop\/et\/wp-json\/wp\/v2\/product\/45941","targetHints":{"allow":["GET"]}}],"collection":[{"href":"https:\/\/cutismedical.shop\/et\/wp-json\/wp\/v2\/product"}],"about":[{"href":"https:\/\/cutismedical.shop\/et\/wp-json\/wp\/v2\/types\/product"}],"wp:featuredmedia":[{"embeddable":true,"href":"https:\/\/cutismedical.shop\/et\/wp-json\/wp\/v2\/media\/45938"}],"wp:attachment":[{"href":"https:\/\/cutismedical.shop\/et\/wp-json\/wp\/v2\/media?parent=45941"}],"wp:term":[{"taxonomy":"item","embeddable":true,"href":"https:\/\/cutismedical.shop\/et\/wp-json\/wp\/v2\/item?post=45941"},{"taxonomy":"product_cat","embeddable":true,"href":"https:\/\/cutismedical.shop\/et\/wp-json\/wp\/v2\/product_cat?post=45941"},{"taxonomy":"product_tag","embeddable":true,"href":"https:\/\/cutismedical.shop\/et\/wp-json\/wp\/v2\/product_tag?post=45941"}],"curies":[{"name":"wp","href":"https:\/\/api.w.org\/{rel}","templated":true}]}}