{"id":45859,"date":"2025-01-08T14:41:46","date_gmt":"2025-01-08T12:41:46","guid":{"rendered":"https:\/\/cutismedical.com\/shop\/maaratlemata\/fillmed-skin-perfusion-perfecting-solution-100ml\/"},"modified":"2025-01-08T14:41:46","modified_gmt":"2025-01-08T12:41:46","slug":"fillmed-skin-perfusion-perfecting-solution-100ml","status":"publish","type":"product","link":"https:\/\/cutismedical.shop\/et\/shop-es\/keemilised-piilingud-et\/fillmed-skin-perfusion-perfecting-solution-100ml\/","title":{"rendered":"Fillmed | Skin Perfusion Perfecting Solution 100ml."},"content":{"rendered":"<p><strong>Pakett koosneb j\u00e4rgmistest osadest:<\/strong><\/p>\n<p>1 pudel x 100ml<\/p>\n<p><strong>Fillmed Skin Perfusion Perfecting Solution 100ml eelised:<\/strong><\/p>\n<ul>\n<li>Efektiivne koorimine<\/li>\n<li>Puhastab ja \u00fchtlustab naha tekstuuri<\/li>\n<li>J\u00e4tab naha siledaks ja puhtaks<\/li>\n<li>Sobib k\u00f5ikidele nahat\u00fc\u00fcpidele<\/li>\n<\/ul>\n<p><strong>Kuidas toodet kasutada:<\/strong><\/p>\n<p>Kandke Fillmed Perfecting Solution&#8217;i kaks korda p\u00e4evas s\u00f5ltuvalt nahast, enne niisutava kreemi kasutamist.<\/p>\n","protected":false},"excerpt":{"rendered":"<p>Fillmed Skin Perfusion Perfecting Solution on t\u00f5hus keemiline koorimine kodus kasutamiseks. Perfecting Solution puhastab ja \u00fchtlustab naha tekstuuri. Kasutage Fillmed Perfecting Solution&#8217;i surnud naharakkude koorimiseks ning pooride ja ebatasasuste v\u00e4hendamiseks ja tekstuuri t\u00e4psustamiseks. See Fillmedi toode j\u00e4tab nahale t\u00e4iuslikult sileda ja puhta tunde.<\/p>\n","protected":false},"featured_media":45854,"template":"","meta":{"_seopress_robots_primary_cat":"","_seopress_titles_title":"","_seopress_titles_desc":"","_seopress_robots_index":""},"item":[1257],"product_cat":[153],"product_tag":[],"class_list":{"0":"post-45859","1":"product","2":"type-product","3":"status-publish","4":"has-post-thumbnail","6":"item-fillmed-et-2","7":"product_cat-keemilised-piilingud-et","8":"pa_register_only-register_price","9":"pa_register_only-new_regular_price","11":"first","12":"instock","13":"taxable","14":"shipping-taxable","15":"purchasable","16":"product-type-simple"},"_links":{"self":[{"href":"https:\/\/cutismedical.shop\/et\/wp-json\/wp\/v2\/product\/45859","targetHints":{"allow":["GET"]}}],"collection":[{"href":"https:\/\/cutismedical.shop\/et\/wp-json\/wp\/v2\/product"}],"about":[{"href":"https:\/\/cutismedical.shop\/et\/wp-json\/wp\/v2\/types\/product"}],"wp:featuredmedia":[{"embeddable":true,"href":"https:\/\/cutismedical.shop\/et\/wp-json\/wp\/v2\/media\/45854"}],"wp:attachment":[{"href":"https:\/\/cutismedical.shop\/et\/wp-json\/wp\/v2\/media?parent=45859"}],"wp:term":[{"taxonomy":"item","embeddable":true,"href":"https:\/\/cutismedical.shop\/et\/wp-json\/wp\/v2\/item?post=45859"},{"taxonomy":"product_cat","embeddable":true,"href":"https:\/\/cutismedical.shop\/et\/wp-json\/wp\/v2\/product_cat?post=45859"},{"taxonomy":"product_tag","embeddable":true,"href":"https:\/\/cutismedical.shop\/et\/wp-json\/wp\/v2\/product_tag?post=45859"}],"curies":[{"name":"wp","href":"https:\/\/api.w.org\/{rel}","templated":true}]}}