{"id":45810,"date":"2025-01-06T16:36:50","date_gmt":"2025-01-06T14:36:50","guid":{"rendered":"https:\/\/cutismedical.com\/shop\/maaratlemata\/suisselle-cellbooster-glow-6-vials-3ml\/"},"modified":"2025-01-06T17:01:06","modified_gmt":"2025-01-06T15:01:06","slug":"suisselle-cellbooster-glow-6-vials-3ml","status":"publish","type":"product","link":"https:\/\/cutismedical.shop\/et\/shop-es\/mesoteraapia-et\/nagu-et\/suisselle-cellbooster-glow-6-vials-3ml\/","title":{"rendered":"Suisselle. Cellbooster Glow (6 viaali \u00d7 3ml.)"},"content":{"rendered":"<p>Tegemist on selge, v\u00e4rvitu, steriilse, \u00fchekordseks kasutamiseks m\u00f5eldud s\u00fcstelahusega, mis on esitatud 6 \u00d7 3 ml viaalide karbis.<\/p>\n<p><strong>N\u00e4idustused<\/strong><\/p>\n<p>&#8211; Seade on resorbeeruv s\u00fcstitav implantaat, mida kasutatakse epidermisesse v\u00f5i dermisse mikrotsirkulatsiooni ja tropismi parandamiseks ning naha struktuuri taastamiseks.<\/p>\n<p>&#8211; V\u00e4hendab kuivust ja h\u00fcperkeratoosi ning annab v\u00e4ljendunud niisutava toime.<\/p>\n<p>&#8211; Seade on efektiivne ravi naha fotovananemise, h\u00fcperpigmenteerunud laikude, nagu melasma, kloasma, vastu.<\/p>\n<p>&#8211; Kaitseb naharakke vabade radikaalide kahjustuste eest, ennetab oks\u00fcdatiivset stressi, normaliseerib rasu sekretsiooni, pakub p\u00f5letikuvastast toimet, vananemisvastast toimet ja parandab naha toonust.<\/p>\n<p><strong>Hoolduspiirkond \/ programm<\/strong><\/p>\n<p>Seade tuleb s\u00fcstida epidermisesse v\u00f5i dermisse n\u00e4o, kaela, dekoltee piirkonnas, k\u00e4eseljal, k\u00e4te sisek\u00fcljel v\u00f5i kehal vastavalt mesoteraapia tehnikale.<\/p>\n<p><strong>Ravi kestus<\/strong><\/p>\n<p>Intensiivkursus: 3 protseduuri 2-3 n\u00e4dala vahega;<\/p>\n<p>Toetuskursus: 1 ravi kuus.<\/p>\n<p><a href=\"https:\/\/cutismedical.com\/wp-content\/uploads\/2025\/01\/shape-glow-lift-protocol.png\"><img loading=\"lazy\" decoding=\"async\" class=\"alignnone size-full wp-image-45789\" src=\"https:\/\/cutismedical.com\/wp-content\/uploads\/2025\/01\/shape-glow-lift-protocol.png\" alt=\"suisselle. cellbooster shape (6 vials \u00d7 3ml.)\" width=\"4689\" height=\"1967\" \/><\/a><\/p>\n<p><strong>Koostis<\/strong><\/p>\n<p><em>Iga viaal (3ml) sisaldab:<\/em><\/p>\n<p>&#8211; Naatriumh\u00fcaluronaat 18 mg (6 mg\/ml);<\/p>\n<p>&#8211; Aminohapped: ts\u00fcsteiin, glutatioon, gl\u00fctsiin, l\u00fcsiin, proliin, valiin;<\/p>\n<p>&#8211; Vitamiinid: Vitamiinid: naatriumaskorb\u00fc\u00fclfosfaat (C), biotiin (B7);<\/p>\n<p>&#8211; Fosfaatpuhver pH 6,8-7,6 q.s.<\/p>\n","protected":false},"excerpt":{"rendered":"<p>H\u00fcaluroonhappe revitaliseeriv kompleks on toodetud patenteeritud CHAC-tehnoloogia abil. See koosneb stabiliseeritud h\u00fcaluroonhappest 18mg (6mg\/ml) koos aminohapete ja vitamiinidega.<\/p>\n<p>Seade on m\u00f5eldud toitmiseks, niisutamiseks ja s\u00fcgavniisutamiseks, mis v\u00e4hendab h\u00fcperpigmentatsiooni ja v\u00f5itleb oks\u00fcdatiivse stressi vastu. Taastab naha struktuurse terviklikkuse, neutraliseerib vabad radikaalid ja v\u00e4hendab keratoosi m\u00f5ju.<\/p>\n","protected":false},"featured_media":45808,"template":"","meta":{"_seopress_robots_primary_cat":"none","_seopress_titles_title":"","_seopress_titles_desc":"","_seopress_robots_index":""},"item":[2347],"product_cat":[155,1188,1865,1869,1870],"product_tag":[],"class_list":{"0":"post-45810","1":"product","2":"type-product","3":"status-publish","4":"has-post-thumbnail","6":"item-suisselle-et","7":"product_cat-mesoteraapia-et","8":"product_cat-nagu-et","9":"product_cat-tugevdamine-naha-pinguldamine","10":"product_cat-naha-taastamine","11":"product_cat-pigmentatsioon","13":"first","14":"instock","15":"taxable","16":"shipping-taxable","17":"purchasable","18":"product-type-simple"},"_links":{"self":[{"href":"https:\/\/cutismedical.shop\/et\/wp-json\/wp\/v2\/product\/45810","targetHints":{"allow":["GET"]}}],"collection":[{"href":"https:\/\/cutismedical.shop\/et\/wp-json\/wp\/v2\/product"}],"about":[{"href":"https:\/\/cutismedical.shop\/et\/wp-json\/wp\/v2\/types\/product"}],"wp:featuredmedia":[{"embeddable":true,"href":"https:\/\/cutismedical.shop\/et\/wp-json\/wp\/v2\/media\/45808"}],"wp:attachment":[{"href":"https:\/\/cutismedical.shop\/et\/wp-json\/wp\/v2\/media?parent=45810"}],"wp:term":[{"taxonomy":"item","embeddable":true,"href":"https:\/\/cutismedical.shop\/et\/wp-json\/wp\/v2\/item?post=45810"},{"taxonomy":"product_cat","embeddable":true,"href":"https:\/\/cutismedical.shop\/et\/wp-json\/wp\/v2\/product_cat?post=45810"},{"taxonomy":"product_tag","embeddable":true,"href":"https:\/\/cutismedical.shop\/et\/wp-json\/wp\/v2\/product_tag?post=45810"}],"curies":[{"name":"wp","href":"https:\/\/api.w.org\/{rel}","templated":true}]}}