{"id":45679,"date":"2024-12-20T19:30:47","date_gmt":"2024-12-20T17:30:47","guid":{"rendered":"https:\/\/cutismedical.com\/shop\/maaratlemata\/radiesse-1-1-5-ml\/"},"modified":"2024-12-20T19:47:20","modified_gmt":"2024-12-20T17:47:20","slug":"radiesse-1-1-5-ml","status":"publish","type":"product","link":"https:\/\/cutismedical.shop\/et\/shop-es\/biorevitalisant-et\/radiesse-1-1-5-ml\/","title":{"rendered":"Radiesse (1 s\u00fcstal \u0445 1,5 ml.)"},"content":{"rendered":"<div>Ravimite n\u00e4idustused:<\/div>\n<div><\/div>\n<div>&#8211; N\u00e4o ovaalsuse kadumine (h\u00e4gune ovaalsus).<\/div>\n<div>&#8211; Alaluu joone modelleerimine<\/div>\n<div>&#8211; L\u00f5tvunud nahk n\u00e4o kesk- ja alumistel tasanditel<\/div>\n<div>&#8211; Ninaluu voldid<\/div>\n<div>&#8211; Marionettjooned (huule- ja l\u00f5ualuude kortsud)<\/div>\n<div>&#8211; Lame profiil<\/div>\n<div>&#8211; Vajunud p\u00f5sed<\/div>\n<div>&#8211; Jalaluude \u00fcmber oleva n\u00e4o r\u00f5hutamine<\/div>\n<div>&#8211; S\u00fcvenenud kalju t\u00e4itmine<\/div>\n<div>&#8211; L\u00f5ua kuju modelleerimine<\/div>\n<div>&#8211; Lame l\u00f5ug<\/div>\n<div>&#8211; Nina mittekirurgiline modelleerimine<\/div>\n<div>&#8211; Viltused k\u00f5rvatropid<\/div>\n<div>&#8211; K\u00e4eseljade noorendamine<\/div>\n","protected":false},"excerpt":{"rendered":"<p>Radiesse\u00ae on uue p\u00f5lvkonna n\u00e4o t\u00e4iteaine, mis \u00fchendab vol\u00fc\u00fcmi suurendava toime ja kaotatud kollageeni taastumise tugeva stimuleerimise. Radiesse\u00ae unikaalne koostis parandab kohe n\u00e4ojooni, mis on v\u00f5rreldav teiste t\u00e4iteainetega.<\/p>\n","protected":false},"featured_media":45676,"template":"","meta":{"_seopress_robots_primary_cat":"none","_seopress_titles_title":"","_seopress_titles_desc":"","_seopress_robots_index":""},"item":[2341],"product_cat":[315],"product_tag":[],"class_list":{"0":"post-45679","1":"product","2":"type-product","3":"status-publish","4":"has-post-thumbnail","6":"item-radiesse-et","7":"product_cat-biorevitalisant-et","9":"first","10":"instock","11":"taxable","12":"shipping-taxable","13":"purchasable","14":"product-type-simple"},"_links":{"self":[{"href":"https:\/\/cutismedical.shop\/et\/wp-json\/wp\/v2\/product\/45679","targetHints":{"allow":["GET"]}}],"collection":[{"href":"https:\/\/cutismedical.shop\/et\/wp-json\/wp\/v2\/product"}],"about":[{"href":"https:\/\/cutismedical.shop\/et\/wp-json\/wp\/v2\/types\/product"}],"wp:featuredmedia":[{"embeddable":true,"href":"https:\/\/cutismedical.shop\/et\/wp-json\/wp\/v2\/media\/45676"}],"wp:attachment":[{"href":"https:\/\/cutismedical.shop\/et\/wp-json\/wp\/v2\/media?parent=45679"}],"wp:term":[{"taxonomy":"item","embeddable":true,"href":"https:\/\/cutismedical.shop\/et\/wp-json\/wp\/v2\/item?post=45679"},{"taxonomy":"product_cat","embeddable":true,"href":"https:\/\/cutismedical.shop\/et\/wp-json\/wp\/v2\/product_cat?post=45679"},{"taxonomy":"product_tag","embeddable":true,"href":"https:\/\/cutismedical.shop\/et\/wp-json\/wp\/v2\/product_tag?post=45679"}],"curies":[{"name":"wp","href":"https:\/\/api.w.org\/{rel}","templated":true}]}}