{"id":45572,"date":"2024-12-04T19:25:45","date_gmt":"2024-12-04T17:25:45","guid":{"rendered":"https:\/\/cutismedical.com\/shop\/maaratlemata\/exoprime-exo-face-5-vials-x-5ml-exosomes\/"},"modified":"2025-09-01T14:43:23","modified_gmt":"2025-09-01T12:43:23","slug":"exoprime-exo-face-5-vials-x-5ml-exosomes","status":"publish","type":"product","link":"https:\/\/cutismedical.shop\/et\/shop-es\/mesoteraapia-et\/eksosoomid\/exoprime-exo-face-5-vials-x-5ml-exosomes\/","title":{"rendered":"ExoPrime. EXOGLOW | Exo Face (5 viaali x 5ml.) \/ Eksosoomid"},"content":{"rendered":"<div>\n<p>J\u00e4\u00e4ge h\u00fcvasti peente joonte ja kortsudega, sest meie v\u00f5imas koostis suurendab kollageeni tootmist ja suurendab niiskustaset, et muuta jume t\u00e4idlaseks ja niisutatuks.<\/p>\n<p><strong>Koostisosad:\u00a0<\/strong><\/p>\n<p>Aqua\/Vesi, naatriumh\u00fcaluronaat HMW, naatriumh\u00fcaluronaat LMW, gl\u00fctseriin, entapeptiid-18, kapr\u00fc\u00fclgl\u00fckool, ekstratsellulaarne veskiikli EV&#8217;d, tetrasoodiumglutamaat diatsetaat, naatriumh\u00fcdrokloriid, naatriumdeh\u00fcdroatsetaat, kaaliumsorbaat.<\/p>\n<\/div>\n","protected":false},"excerpt":{"rendered":"<div>EXO FACE on parim lahendus noorusliku ja s\u00e4rava naha saavutamiseks.<\/div>\n<div><\/div>\n<div>See on spetsiaalselt loodud selleks, et aidata kaasa uue kollageeni tootmisele ning luua t\u00f5stev ja pinguldav efekt.<\/div>\n","protected":false},"featured_media":45570,"template":"","meta":{"_seopress_robots_primary_cat":"none","_seopress_titles_title":"","_seopress_titles_desc":"","_seopress_robots_index":""},"item":[2338],"product_cat":[155,2297],"product_tag":[],"class_list":{"0":"post-45572","1":"product","2":"type-product","3":"status-publish","4":"has-post-thumbnail","6":"item-exoprime-et","7":"product_cat-mesoteraapia-et","8":"product_cat-eksosoomid","10":"first","11":"instock","12":"taxable","13":"shipping-taxable","14":"purchasable","15":"product-type-simple"},"_links":{"self":[{"href":"https:\/\/cutismedical.shop\/et\/wp-json\/wp\/v2\/product\/45572","targetHints":{"allow":["GET"]}}],"collection":[{"href":"https:\/\/cutismedical.shop\/et\/wp-json\/wp\/v2\/product"}],"about":[{"href":"https:\/\/cutismedical.shop\/et\/wp-json\/wp\/v2\/types\/product"}],"wp:featuredmedia":[{"embeddable":true,"href":"https:\/\/cutismedical.shop\/et\/wp-json\/wp\/v2\/media\/45570"}],"wp:attachment":[{"href":"https:\/\/cutismedical.shop\/et\/wp-json\/wp\/v2\/media?parent=45572"}],"wp:term":[{"taxonomy":"item","embeddable":true,"href":"https:\/\/cutismedical.shop\/et\/wp-json\/wp\/v2\/item?post=45572"},{"taxonomy":"product_cat","embeddable":true,"href":"https:\/\/cutismedical.shop\/et\/wp-json\/wp\/v2\/product_cat?post=45572"},{"taxonomy":"product_tag","embeddable":true,"href":"https:\/\/cutismedical.shop\/et\/wp-json\/wp\/v2\/product_tag?post=45572"}],"curies":[{"name":"wp","href":"https:\/\/api.w.org\/{rel}","templated":true}]}}