{"id":45546,"date":"2024-12-02T17:23:41","date_gmt":"2024-12-02T15:23:41","guid":{"rendered":"https:\/\/cutismedical.com\/shop\/maaratlemata\/mc-resveratrol-5-vials-h-10ml\/"},"modified":"2024-12-02T17:33:39","modified_gmt":"2024-12-02T15:33:39","slug":"mc-resveratrol-5-vials-h-10ml","status":"publish","type":"product","link":"https:\/\/cutismedical.shop\/et\/shop-es\/supplement-prof\/mc-resveratrol-5-vials-h-10ml\/","title":{"rendered":"MC Resveratrol (5 viaalid \u0445 10ml.)"},"content":{"rendered":"<div><strong>Kasutage:<\/strong><\/div>\n<div>Lahjendage \u00fcks viaal (10ml) klaasis veega.<\/div>\n<div><\/div>\n<div><strong>Tarbimine:\u00a0<\/strong><\/div>\n<div>Kaks korda p\u00e4evas.<\/div>\n<div><\/div>\n<div><strong>Ettevaatusabin\u00f5ud:<\/strong><\/div>\n<div>\u00c4rge \u00fcletage soovitatud p\u00e4evast annust.<\/div>\n<div>Seda ei tohi kasutada tasakaalustatud toitumise asendajana.<\/div>\n<div>Hoida toode lastele k\u00e4ttesaamatus kohas.<\/div>\n","protected":false},"excerpt":{"rendered":"<p>Resveratrool on vedel toidulisand.<br \/>\nSellel on v\u00f5imsad antioks\u00fcdantsed omadused, mis aitavad kehal v\u00e4hendada vananemise m\u00e4rke, kaitstes rakke.<\/p>\n","protected":false},"featured_media":45540,"template":"","meta":{"_seopress_robots_primary_cat":"none","_seopress_titles_title":"","_seopress_titles_desc":"","_seopress_robots_index":""},"item":[1149],"product_cat":[1984],"product_tag":[],"class_list":{"0":"post-45546","1":"product","2":"type-product","3":"status-publish","4":"has-post-thumbnail","6":"item-mccosmetics-et","7":"product_cat-supplement-prof","9":"first","10":"instock","11":"taxable","12":"shipping-taxable","13":"purchasable","14":"product-type-simple"},"_links":{"self":[{"href":"https:\/\/cutismedical.shop\/et\/wp-json\/wp\/v2\/product\/45546","targetHints":{"allow":["GET"]}}],"collection":[{"href":"https:\/\/cutismedical.shop\/et\/wp-json\/wp\/v2\/product"}],"about":[{"href":"https:\/\/cutismedical.shop\/et\/wp-json\/wp\/v2\/types\/product"}],"wp:featuredmedia":[{"embeddable":true,"href":"https:\/\/cutismedical.shop\/et\/wp-json\/wp\/v2\/media\/45540"}],"wp:attachment":[{"href":"https:\/\/cutismedical.shop\/et\/wp-json\/wp\/v2\/media?parent=45546"}],"wp:term":[{"taxonomy":"item","embeddable":true,"href":"https:\/\/cutismedical.shop\/et\/wp-json\/wp\/v2\/item?post=45546"},{"taxonomy":"product_cat","embeddable":true,"href":"https:\/\/cutismedical.shop\/et\/wp-json\/wp\/v2\/product_cat?post=45546"},{"taxonomy":"product_tag","embeddable":true,"href":"https:\/\/cutismedical.shop\/et\/wp-json\/wp\/v2\/product_tag?post=45546"}],"curies":[{"name":"wp","href":"https:\/\/api.w.org\/{rel}","templated":true}]}}