{"id":45501,"date":"2024-11-27T20:15:38","date_gmt":"2024-11-27T18:15:38","guid":{"rendered":"https:\/\/cutismedical.com\/shop\/maaratlemata\/ami-tone-up-5-vials-h-5ml-exosomes-pdrn-polynucleotides\/"},"modified":"2025-09-09T17:02:38","modified_gmt":"2025-09-09T15:02:38","slug":"ami-tone-up-5-vials-h-5ml-exosomes-pdrn-polynucleotides","status":"publish","type":"product","link":"https:\/\/cutismedical.shop\/et\/shop-es\/mesoteraapia-et\/nagu-et\/ami-tone-up-5-vials-h-5ml-exosomes-pdrn-polynucleotides\/","title":{"rendered":"Ami Tone Up (6 viaalid x 5ml.) Eksosoomid | PDRN | Pol\u00fcnukleotiidid"},"content":{"rendered":"<p><strong>N\u00e4idustus:<\/strong><\/p>\n<p>&#8211; Vananemisvastane<\/p>\n<p>&#8211; Eemaldab peened jooned ja kortsud<\/p>\n<p>&#8211; Parandada aknearmid ja suured poorid<\/p>\n<p>&#8211; Parandada naha elastsust<\/p>\n<p>&#8211; Heledam ja noorem nahk<\/p>\n<p><strong>Koostisosad: Aktiivsed koostisained:<\/strong> Glutatioon, PN (naatrium- DNA), vegan eksosoomid, niatsiinamiid, traneksaamhape<\/p>\n<p>Soovitatav kasutada: Kuni 3 hooldust iga 15 p\u00e4eva tagant + 2 seanssi, mis toimuvad 1 kuu tagant.<\/p>\n","protected":false},"excerpt":{"rendered":"<p>Ami Tone Up on esmaklassiline nahav\u00e4rskendaja n\u00e4onahale, millel on suurem pol\u00fc-nukleotiidide sisaldus (2,5mg.\/1ml.) ja lisatud taimne eksosoom, mis maksimeerib kahjustatud naha taastumist ja stimuleerib naha loomulikku energiat.<\/p>\n","protected":false},"featured_media":45499,"template":"","meta":{"_seopress_robots_primary_cat":"none","_seopress_titles_title":"","_seopress_titles_desc":"","_seopress_robots_index":""},"item":[2332],"product_cat":[155,2297,1188,315],"product_tag":[],"class_list":{"0":"post-45501","1":"product","2":"type-product","3":"status-publish","4":"has-post-thumbnail","6":"item-ami-tone-up-et","7":"product_cat-mesoteraapia-et","8":"product_cat-eksosoomid","9":"product_cat-nagu-et","10":"product_cat-biorevitalisant-et","12":"first","13":"instock","14":"taxable","15":"shipping-taxable","16":"purchasable","17":"product-type-simple"},"_links":{"self":[{"href":"https:\/\/cutismedical.shop\/et\/wp-json\/wp\/v2\/product\/45501","targetHints":{"allow":["GET"]}}],"collection":[{"href":"https:\/\/cutismedical.shop\/et\/wp-json\/wp\/v2\/product"}],"about":[{"href":"https:\/\/cutismedical.shop\/et\/wp-json\/wp\/v2\/types\/product"}],"wp:featuredmedia":[{"embeddable":true,"href":"https:\/\/cutismedical.shop\/et\/wp-json\/wp\/v2\/media\/45499"}],"wp:attachment":[{"href":"https:\/\/cutismedical.shop\/et\/wp-json\/wp\/v2\/media?parent=45501"}],"wp:term":[{"taxonomy":"item","embeddable":true,"href":"https:\/\/cutismedical.shop\/et\/wp-json\/wp\/v2\/item?post=45501"},{"taxonomy":"product_cat","embeddable":true,"href":"https:\/\/cutismedical.shop\/et\/wp-json\/wp\/v2\/product_cat?post=45501"},{"taxonomy":"product_tag","embeddable":true,"href":"https:\/\/cutismedical.shop\/et\/wp-json\/wp\/v2\/product_tag?post=45501"}],"curies":[{"name":"wp","href":"https:\/\/api.w.org\/{rel}","templated":true}]}}