{"id":45467,"date":"2024-11-25T18:16:11","date_gmt":"2024-11-25T16:16:11","guid":{"rendered":"https:\/\/cutismedical.com\/shop\/maaratlemata\/regenovue-fine-plus-1-syringe-h-1-1-ml\/"},"modified":"2024-11-25T18:16:11","modified_gmt":"2024-11-25T16:16:11","slug":"regenovue-fine-plus-1-syringe-h-1-1-ml","status":"publish","type":"product","link":"https:\/\/cutismedical.shop\/et\/shop-es\/fillerid-et\/regenovue-fine-plus-1-syringe-h-1-1-ml\/","title":{"rendered":"Regenovue. Fine Plus (1 s\u00fcstal \u0445 1,1 ml.)"},"content":{"rendered":"<p><strong>Toote koostis:<\/strong><\/p>\n<p>HA: 24mg\/ml<\/p>\n<p>Lid: 0.3%<\/p>\n<p><strong>Kasu: Eelised:<\/strong><\/p>\n<p>See t\u00e4iustatud dermaalne t\u00e4iteaine annab loomuliku v\u00e4limusega tulemusi minimaalse ebamugavustundega. T\u00e4nu optimaalsele viskoossusele ja sidususele v\u00f5imaldab Regenovue Fine Plus sujuvat ja t\u00e4pset pealekandmist, tagades \u00fchtlase jaotumise ja pikaajalise tulemuse. Regenovue Fine Plus on pikaajaliste tulemustega. Keskmiselt kestavad selle nahaplasti tulemused 8-12 kuud.<\/p>\n<p><strong>Kasutamine:<\/strong><\/p>\n<p>Pinnalised kortsud, periorbitalliniidid, glabellajooned, kaelavoldid.<\/p>\n","protected":false},"excerpt":{"rendered":"<p>Regenovue Fine Plus on erakordne nahaplasti, mis on m\u00f5eldud vastama esteetilise meditsiini kvalifitseeritud praktikute k\u00f5rgetele standarditele. See toode, mis on valmistatud t\u00e4pselt ja uuenduslikult, pakub ideaalset lahendust n\u00e4o sihip\u00e4raseks t\u00e4iustamiseks ja noorendamiseks.<\/p>\n","protected":false},"featured_media":45465,"template":"","meta":{"_seopress_robots_primary_cat":"none","_seopress_titles_title":"","_seopress_titles_desc":"","_seopress_robots_index":""},"item":[2326],"product_cat":[154],"product_tag":[],"class_list":{"0":"post-45467","1":"product","2":"type-product","3":"status-publish","4":"has-post-thumbnail","6":"item-regenovue-et","7":"product_cat-fillerid-et","9":"first","10":"instock","11":"taxable","12":"shipping-taxable","13":"purchasable","14":"product-type-simple"},"_links":{"self":[{"href":"https:\/\/cutismedical.shop\/et\/wp-json\/wp\/v2\/product\/45467","targetHints":{"allow":["GET"]}}],"collection":[{"href":"https:\/\/cutismedical.shop\/et\/wp-json\/wp\/v2\/product"}],"about":[{"href":"https:\/\/cutismedical.shop\/et\/wp-json\/wp\/v2\/types\/product"}],"wp:featuredmedia":[{"embeddable":true,"href":"https:\/\/cutismedical.shop\/et\/wp-json\/wp\/v2\/media\/45465"}],"wp:attachment":[{"href":"https:\/\/cutismedical.shop\/et\/wp-json\/wp\/v2\/media?parent=45467"}],"wp:term":[{"taxonomy":"item","embeddable":true,"href":"https:\/\/cutismedical.shop\/et\/wp-json\/wp\/v2\/item?post=45467"},{"taxonomy":"product_cat","embeddable":true,"href":"https:\/\/cutismedical.shop\/et\/wp-json\/wp\/v2\/product_cat?post=45467"},{"taxonomy":"product_tag","embeddable":true,"href":"https:\/\/cutismedical.shop\/et\/wp-json\/wp\/v2\/product_tag?post=45467"}],"curies":[{"name":"wp","href":"https:\/\/api.w.org\/{rel}","templated":true}]}}