{"id":45459,"date":"2024-11-25T13:39:57","date_gmt":"2024-11-25T11:39:57","guid":{"rendered":"https:\/\/cutismedical.com\/shop\/maaratlemata\/regenovue-sub-q-lid-1-syringe-h-1-1-ml\/"},"modified":"2024-11-25T13:53:39","modified_gmt":"2024-11-25T11:53:39","slug":"regenovue-sub-q-lid-1-syringe-h-1-1-ml","status":"publish","type":"product","link":"https:\/\/cutismedical.shop\/et\/shop-es\/fillerid-et\/regenovue-sub-q-lid-1-syringe-h-1-1-ml\/","title":{"rendered":"Regenovue. SUB-Q lid (1 s\u00fcstal \u0445 1,1 ml.)"},"content":{"rendered":"<p><strong>N\u00e4idustused:<\/strong><\/p>\n<p>Keskmised kuni s\u00fcgavad nasolaabiaalvoldid<\/p>\n<ul>\n<li>L\u00f5ua korrigeerimine<\/li>\n<li>Nina korrigeerimine<\/li>\n<li>Rindade suurendamine<\/li>\n<li>Tulemuste kestus:<\/li>\n<\/ul>\n<p><em>12-18 kuud<\/em><\/p>\n<p><strong>Koostis<\/strong>:<\/p>\n<ul>\n<li>Ristseotud h\u00fcaluroonhape (24mg)<\/li>\n<li>Lid (3mg )<\/li>\n<li>Madal endotoksiinide tase &#8211; alla 0,1 EU<\/li>\n<\/ul>\n<p><strong>Vorming:<\/strong><\/p>\n<ul>\n<li>1 s\u00fcstal 1,1 ml<\/li>\n<li>1 n\u00f5el 25G<\/li>\n<li>1 n\u00f5el 27G<\/li>\n<\/ul>\n","protected":false},"excerpt":{"rendered":"<p>Regenovue Sub-Q+ Lid on parima kvaliteediga ristseotud h\u00fcaluroonhape, mis on m\u00f5eldud s\u00fcgavate kortsude korrigeerimiseks. Stabiilne ja korrap\u00e4rane monofaasiline struktuur tagab loomuliku vol\u00fc\u00fcmi ja pikaajalise tulemuse. Vaevalt j\u00e4lgitav BDDE j\u00e4\u00e4kide ja endotoksiinide tase muudab selle kliendi jaoks ohutuks.<\/p>\n","protected":false},"featured_media":45457,"template":"","meta":{"_seopress_robots_primary_cat":"none","_seopress_titles_title":"","_seopress_titles_desc":"","_seopress_robots_index":""},"item":[2326],"product_cat":[154],"product_tag":[],"class_list":{"0":"post-45459","1":"product","2":"type-product","3":"status-publish","4":"has-post-thumbnail","6":"item-regenovue-et","7":"product_cat-fillerid-et","9":"first","10":"instock","11":"taxable","12":"shipping-taxable","13":"purchasable","14":"product-type-simple"},"_links":{"self":[{"href":"https:\/\/cutismedical.shop\/et\/wp-json\/wp\/v2\/product\/45459","targetHints":{"allow":["GET"]}}],"collection":[{"href":"https:\/\/cutismedical.shop\/et\/wp-json\/wp\/v2\/product"}],"about":[{"href":"https:\/\/cutismedical.shop\/et\/wp-json\/wp\/v2\/types\/product"}],"wp:featuredmedia":[{"embeddable":true,"href":"https:\/\/cutismedical.shop\/et\/wp-json\/wp\/v2\/media\/45457"}],"wp:attachment":[{"href":"https:\/\/cutismedical.shop\/et\/wp-json\/wp\/v2\/media?parent=45459"}],"wp:term":[{"taxonomy":"item","embeddable":true,"href":"https:\/\/cutismedical.shop\/et\/wp-json\/wp\/v2\/item?post=45459"},{"taxonomy":"product_cat","embeddable":true,"href":"https:\/\/cutismedical.shop\/et\/wp-json\/wp\/v2\/product_cat?post=45459"},{"taxonomy":"product_tag","embeddable":true,"href":"https:\/\/cutismedical.shop\/et\/wp-json\/wp\/v2\/product_tag?post=45459"}],"curies":[{"name":"wp","href":"https:\/\/api.w.org\/{rel}","templated":true}]}}