{"id":45436,"date":"2024-11-22T17:58:29","date_gmt":"2024-11-22T15:58:29","guid":{"rendered":"https:\/\/cutismedical.com\/shop\/maaratlemata\/pure-pro-1-syringe-x-2ml-pdrn-polynucleotides\/"},"modified":"2024-11-22T18:03:23","modified_gmt":"2024-11-22T16:03:23","slug":"pure-pro-1-syringe-x-2ml-pdrn-polynucleotides","status":"publish","type":"product","link":"https:\/\/cutismedical.shop\/et\/shop-es\/biorevitalisant-et\/pure-pro-1-syringe-x-2ml-pdrn-polynucleotides\/","title":{"rendered":"Pure Pro (1 s\u00fcstal x 2ml.) | PDRN | Pol\u00fcnukleotiidid"},"content":{"rendered":"<p>See uuenduslik toode \u00fchendab h\u00fcaluroonhappe ja PN-i eelised, suurendades rakkude l\u00e4bilaskvust ja soodustades HA-geeli j\u00e4rkj\u00e4rgulist vabanemist. Aeglane vabanemine pikendab PN-i aktiivset aega, pikendades seel\u00e4bi toote \u00fcldist t\u00f5husust.<\/p>\n<p><strong>Pure Pro protseduurid<\/strong><\/p>\n<ul>\n<li>Meetod: mikrotipptehnika<\/li>\n<li>N\u00f5ela suurus: 32G 4mm<\/li>\n<li>Kan\u00fc\u00fcli suurus: 22\/23g &#8211; 50-70mm<\/li>\n<\/ul>\n<p><strong>S\u00fcsti piirkonnad:<\/strong><\/p>\n<ul>\n<li>Otsa<\/li>\n<li>Varesejalad<\/li>\n<li>p\u00f5sed<\/li>\n<li>Kael<\/li>\n<li>K\u00e4eseljad<\/li>\n<li>P\u00f5lvepiirkonnad<\/li>\n<\/ul>\n<p><strong>Kuidas kasutada:<\/strong><\/p>\n<ul>\n<li>1 cm tagant s\u00fcstige 0,025 ml kuni 0,05 ml punkti kohta.<\/li>\n<li>Kogu protseduuripiirkonda s\u00fcstida kokku 2 ml.<\/li>\n<\/ul>\n<p><strong>Soovitatavad seansid:<\/strong> 3 seanssi (2 &#8211; 3 n\u00e4dala tagant)<\/p>\n<p><strong>Kui kaua kestab:<\/strong> 6 kuud<\/p>\n<p><strong>Kiire toime<\/strong><\/p>\n<p>3~5 p\u00e4eva p\u00e4rast esimest protseduuri on naha \u00f5li- ja veetasakaal kontrollitud ning n\u00e4onaha tekstuur muutub pehmeks ja selgeks.<\/p>\n<p><em>Pikaajaline &#8211; kestev toime<\/em><\/p>\n<p>Pure Pro poolt loodud efekt kestab \u00fcle 6 kuu ja aja jooksul stimuleerivad koostisosad kollageeni taastumist, mis suurendab naha elastsust.<\/p>\n<p><em>Loomulik tulemus<\/em><\/p>\n<p>See soodustab kollageeni tootmist organismis, mis viib j\u00e4rkj\u00e4rguliste ja looduslike muutusteni ilma kunstlike ainete lisamiseta.<\/p>\n<p><strong>Peptiidid:<\/strong><\/p>\n<ul>\n<li>Atset\u00fc\u00fclheksapeptiid-8 : Neurotransmitterit inhibeeriv peptiid<\/li>\n<\/ul>\n<p>mis v\u00e4hendab t\u00f5husalt kortse, toimides naha pinnakihis.<\/p>\n<ul>\n<li>Oktapeptiid-4 : Kaitseb nahka vananemist p\u00f5hjustavate vabade radikaalide eest,<\/li>\n<\/ul>\n<p>aitab v\u00e4ltida oks\u00fcdatiivseid kahjustusi ja soodustab eluj\u00f5ulisemat jume.<\/p>\n<ul>\n<li>Palmito\u00fc\u00fclpentapeptiid-4 : Stimuleerib kollageeni tootmist, elastseid kiude,<\/li>\n<\/ul>\n<p>ja h\u00fcaluroonhapet, parandades naha niiskusesisaldust ja -pidavust. Samuti<\/p>\n<p>suurendab naha paksust ja v\u00e4hendab peeneid jooni.<\/p>\n<p><strong>Aminohapped:<\/strong><\/p>\n<p>PURE PRO sisaldab olulisi aminohappeid, mis suurendavad kollageeni s\u00fcnteesi.<\/p>\n","protected":false},"excerpt":{"rendered":"<p>Tipptasemel PN (Polynucleotide) nahav\u00f5imendi, paistab silma kui t\u00e4helepanuv\u00e4\u00e4rne v\u00f5imalus biov\u00e4rskendusteenuste jaoks.<\/p>\n","protected":false},"featured_media":45428,"template":"","meta":{"_seopress_robots_primary_cat":"none","_seopress_titles_title":"","_seopress_titles_desc":"","_seopress_robots_index":""},"item":[2323],"product_cat":[315],"product_tag":[],"class_list":{"0":"post-45436","1":"product","2":"type-product","3":"status-publish","4":"has-post-thumbnail","6":"item-pure-pro-et","7":"product_cat-biorevitalisant-et","9":"first","10":"instock","11":"taxable","12":"shipping-taxable","13":"purchasable","14":"product-type-simple"},"_links":{"self":[{"href":"https:\/\/cutismedical.shop\/et\/wp-json\/wp\/v2\/product\/45436","targetHints":{"allow":["GET"]}}],"collection":[{"href":"https:\/\/cutismedical.shop\/et\/wp-json\/wp\/v2\/product"}],"about":[{"href":"https:\/\/cutismedical.shop\/et\/wp-json\/wp\/v2\/types\/product"}],"wp:featuredmedia":[{"embeddable":true,"href":"https:\/\/cutismedical.shop\/et\/wp-json\/wp\/v2\/media\/45428"}],"wp:attachment":[{"href":"https:\/\/cutismedical.shop\/et\/wp-json\/wp\/v2\/media?parent=45436"}],"wp:term":[{"taxonomy":"item","embeddable":true,"href":"https:\/\/cutismedical.shop\/et\/wp-json\/wp\/v2\/item?post=45436"},{"taxonomy":"product_cat","embeddable":true,"href":"https:\/\/cutismedical.shop\/et\/wp-json\/wp\/v2\/product_cat?post=45436"},{"taxonomy":"product_tag","embeddable":true,"href":"https:\/\/cutismedical.shop\/et\/wp-json\/wp\/v2\/product_tag?post=45436"}],"curies":[{"name":"wp","href":"https:\/\/api.w.org\/{rel}","templated":true}]}}