{"id":45268,"date":"2024-11-12T20:39:15","date_gmt":"2024-11-12T18:39:15","guid":{"rendered":"https:\/\/cutismedical.com\/shop\/maaratlemata\/mastelli-ialest-1-syringe-x-2ml\/"},"modified":"2024-11-12T20:39:15","modified_gmt":"2024-11-12T18:39:15","slug":"mastelli-ialest-1-syringe-x-2ml","status":"publish","type":"product","link":"https:\/\/cutismedical.shop\/et\/shop-es\/biorevitalisant-et\/mastelli-ialest-1-syringe-x-2ml\/","title":{"rendered":"Mastelli. Ialest (1 s\u00fcstal x 2ml.)"},"content":{"rendered":"<p>Mastelli Srl&#8217;i hinnatud niisutava sarja osana v\u00e4lja t\u00f6\u00f6tatud toode sisaldab kontsentreeritud koostisega h\u00fcaluroonhapet, mis on tuntud oma erakordsete niiskuses\u00e4ilitavate omaduste poolest. Ialest 2ml on loodud intensiivse niisutuse tagamiseks, silub t\u00f5husalt peened jooned ja suurendab naha elastsust, ravides samal ajal ka kuivust, deh\u00fcdratsiooni ja naha v\u00e4henenud turgorit. Ialest 2ml on ideaalne k\u00f5ikidele nahat\u00fc\u00fcpidele, kuna see ei paku mitte ainult kohest niisutamist, vaid stimuleerib ka naha enda kollageeni ja elastiini tootmist, et saavutada pikaajaline paranemine.<\/p>\n<p><strong>Pakend koosneb j\u00e4rgmistest osadest:<\/strong><\/p>\n<ul>\n<li>1 x 2ml eelt\u00e4idetud s\u00fcstal<\/li>\n<li>2 x n\u00f5elad 30G \u00bd<\/li>\n<\/ul>\n<p><strong>Peamised koostisosad:<\/strong><\/p>\n<ul>\n<li>40mg\/2ml h\u00fcaluroonhape (mittekristalliseerunud).<\/li>\n<\/ul>\n<p><strong>Ialest 2ml eelised:<\/strong><\/p>\n<ul>\n<li>Loob intensiivse niisutuse<\/li>\n<li>Ideaalne naha v\u00e4henenud turgori ja kuivuse raviks<\/li>\n<li>V\u00f5ib siluda peened jooned ja kortsud<\/li>\n<li>Parandab naha eba\u00fchtlast tekstuuri<\/li>\n<\/ul>\n<p><strong>Hoolduspiirkonnad:<\/strong><\/p>\n<ul>\n<li>N\u00e4gu (perioraalne ja periorbitaalne piirkond)<\/li>\n<li>Dekoltee<\/li>\n<li>Kael<\/li>\n<li>K\u00e4eseljad<\/li>\n<\/ul>\n<p><strong>Kui kaua kestab tulemus?<\/strong><\/p>\n<p>Ialest 2ml tulemused v\u00f5ivad erineda s\u00f5ltuvalt individuaalsest nahat\u00fc\u00fcbist ja seisundist.<\/p>\n","protected":false},"excerpt":{"rendered":"<p>Ialest 2ml on suure j\u00f5udlusega nahav\u00e4rskendaja, mis on m\u00f5eldud naha niisutamiseks ja noorendamiseks.<\/p>\n","protected":false},"featured_media":45266,"template":"","meta":{"_seopress_robots_primary_cat":"","_seopress_titles_title":"","_seopress_titles_desc":"","_seopress_robots_index":""},"item":[2017],"product_cat":[315],"product_tag":[],"class_list":{"0":"post-45268","1":"product","2":"type-product","3":"status-publish","4":"has-post-thumbnail","6":"item-mastelli-aesthetic-et","7":"product_cat-biorevitalisant-et","9":"first","10":"instock","11":"taxable","12":"shipping-taxable","13":"purchasable","14":"product-type-simple"},"_links":{"self":[{"href":"https:\/\/cutismedical.shop\/et\/wp-json\/wp\/v2\/product\/45268","targetHints":{"allow":["GET"]}}],"collection":[{"href":"https:\/\/cutismedical.shop\/et\/wp-json\/wp\/v2\/product"}],"about":[{"href":"https:\/\/cutismedical.shop\/et\/wp-json\/wp\/v2\/types\/product"}],"wp:featuredmedia":[{"embeddable":true,"href":"https:\/\/cutismedical.shop\/et\/wp-json\/wp\/v2\/media\/45266"}],"wp:attachment":[{"href":"https:\/\/cutismedical.shop\/et\/wp-json\/wp\/v2\/media?parent=45268"}],"wp:term":[{"taxonomy":"item","embeddable":true,"href":"https:\/\/cutismedical.shop\/et\/wp-json\/wp\/v2\/item?post=45268"},{"taxonomy":"product_cat","embeddable":true,"href":"https:\/\/cutismedical.shop\/et\/wp-json\/wp\/v2\/product_cat?post=45268"},{"taxonomy":"product_tag","embeddable":true,"href":"https:\/\/cutismedical.shop\/et\/wp-json\/wp\/v2\/product_tag?post=45268"}],"curies":[{"name":"wp","href":"https:\/\/api.w.org\/{rel}","templated":true}]}}