{"id":45178,"date":"2024-11-11T22:06:45","date_gmt":"2024-11-11T20:06:45","guid":{"rendered":"https:\/\/cutismedical.com\/shop\/maaratlemata\/mastelli-plinest-fast-1-syringe-x-2ml-pdrn-polynucleotides\/"},"modified":"2024-11-11T22:06:45","modified_gmt":"2024-11-11T20:06:45","slug":"mastelli-plinest-fast-1-syringe-x-2ml-pdrn-polynucleotides","status":"publish","type":"product","link":"https:\/\/cutismedical.shop\/et\/shop-es\/mesoteraapia-et\/nagu-et\/mastelli-plinest-fast-1-syringe-x-2ml-pdrn-polynucleotides\/","title":{"rendered":"Mastelli. Plinest Fast (1 Syringe x 2ml.) | PDRN | Pol\u00fcnukleotiidid"},"content":{"rendered":"<p>Plinest Fast sisaldab t\u00e4iustatud pol\u00fcnukleotiide, mis stimuleerivad rakkude regenereerimist, suurendavad kollageeni tootmist ja parandavad naha niisutust, mille tulemuseks on v\u00e4rskendatud ja nooruslik v\u00e4limus.<\/p>\n<p>Plinest Fast&#8217;i kiire toime muudab selle ideaalseks neile, kes otsivad koheseid tulemusi minimaalse seisakuga. Seda mitmek\u00fclgset hooldust saab rakendada n\u00e4ole, kaelale ja dekolteele, keskendudes konkreetsetele piirkondadele, et parandada naha \u00fcldist tekstuuri ja toonust.<\/p>\n<p><strong>Pakend koosneb j\u00e4rgmistest osadest:<\/strong><\/p>\n<ul>\n<li>1 x 2ml eelt\u00e4idetud s\u00fcstel<\/li>\n<li>2 x 30G \u00bd n\u00f5ela<\/li>\n<\/ul>\n<p><strong>P\u00f5hikoostisosad:<\/strong><\/p>\n<ul>\n<li>15 mg pol\u00fcnukleotiide (7,5 mg\/ml).<\/li>\n<\/ul>\n<p><strong>Plinest Fast 2ml eelised:<\/strong><\/p>\n<ul>\n<li>Parandab naha turgatisust, elastsust ja toonust.<\/li>\n<li>V\u00e4hendab peeneid jooni ja kortse<\/li>\n<li>Suurendab kollageeni tootmist, et nahk oleks tugevam.<\/li>\n<li>soodustab naha \u00fchtlast toonust ja tekstuuri<\/li>\n<li>Koostatud pol\u00fcnukleotiididega<\/li>\n<\/ul>\n<p><strong>Hoolduspiirkonnad:<\/strong><\/p>\n<ul>\n<li>N\u00e4gu<\/li>\n<li>Kael<\/li>\n<li>Dekoltee<\/li>\n<\/ul>\n<p><strong>Kui kaua kestab tulemus?<\/strong><\/p>\n<p>Plinest Fast 2ml tulemused kestavad tavaliselt 4-6 kuud, s\u00f5ltuvalt individuaalsest nahat\u00fc\u00fcbist, elustiilist ja muudest teguritest.<\/p>\n","protected":false},"excerpt":{"rendered":"<p>Plinest Fast 2ml on uusim revolutsiooniline vahend regeneratiivses meditsiinis, mis on m\u00f5eldud erinevate nahaprobleemide, sealhulgas peente joonte, deh\u00fcdratsiooni ja elastsuse kadumise vastu.<\/p>\n","protected":false},"featured_media":45172,"template":"","meta":{"_seopress_robots_primary_cat":"","_seopress_titles_title":"","_seopress_titles_desc":"","_seopress_robots_index":""},"item":[2017],"product_cat":[155,1188],"product_tag":[],"class_list":{"0":"post-45178","1":"product","2":"type-product","3":"status-publish","4":"has-post-thumbnail","6":"item-mastelli-aesthetic-et","7":"product_cat-mesoteraapia-et","8":"product_cat-nagu-et","10":"first","11":"instock","12":"taxable","13":"shipping-taxable","14":"purchasable","15":"product-type-simple"},"_links":{"self":[{"href":"https:\/\/cutismedical.shop\/et\/wp-json\/wp\/v2\/product\/45178","targetHints":{"allow":["GET"]}}],"collection":[{"href":"https:\/\/cutismedical.shop\/et\/wp-json\/wp\/v2\/product"}],"about":[{"href":"https:\/\/cutismedical.shop\/et\/wp-json\/wp\/v2\/types\/product"}],"wp:featuredmedia":[{"embeddable":true,"href":"https:\/\/cutismedical.shop\/et\/wp-json\/wp\/v2\/media\/45172"}],"wp:attachment":[{"href":"https:\/\/cutismedical.shop\/et\/wp-json\/wp\/v2\/media?parent=45178"}],"wp:term":[{"taxonomy":"item","embeddable":true,"href":"https:\/\/cutismedical.shop\/et\/wp-json\/wp\/v2\/item?post=45178"},{"taxonomy":"product_cat","embeddable":true,"href":"https:\/\/cutismedical.shop\/et\/wp-json\/wp\/v2\/product_cat?post=45178"},{"taxonomy":"product_tag","embeddable":true,"href":"https:\/\/cutismedical.shop\/et\/wp-json\/wp\/v2\/product_tag?post=45178"}],"curies":[{"name":"wp","href":"https:\/\/api.w.org\/{rel}","templated":true}]}}