{"id":44968,"date":"2024-10-31T09:28:57","date_gmt":"2024-10-31T07:28:57","guid":{"rendered":"https:\/\/cutismedical.com\/shop\/maaratlemata\/promoitalia-light-eyes-ultra-1-ampoule-x-5ml-2-ampoules-in-box\/"},"modified":"2025-02-17T17:20:40","modified_gmt":"2025-02-17T15:20:40","slug":"promoitalia-light-eyes-ultra-1-ampoule-x-5ml-2-ampoules-in-box","status":"publish","type":"product","link":"https:\/\/cutismedical.shop\/et\/shop-es\/mesoteraapia-et\/mesotherapy-for-eyes-et\/promoitalia-light-eyes-ultra-1-ampoule-x-5ml-2-ampoules-in-box\/","title":{"rendered":"Promoitalia. Light EYES Ultra 1 ampull x 5ml. (2 ampulli karbis)"},"content":{"rendered":"<p><b><strong>Light Eyes Ultra<\/strong><\/b>\u00a0on\u00a0<b><strong>Platinum Collection<\/strong><\/b>\u00a0kaubam\u00e4rgi mesoteraapiline preparaat, mis on loodud silmade \u00fcmbruse \u00f5rna naha \u00f5rnaks hoolduseks ja aktiivseks noorendamiseks ilma radikaalsete meetoditeta. Tegemist on t\u00e4ielikult kasutusvalmis kokteiliga, mis on tasakaalustatud koostisega toimeainete, sealhulgas h\u00fcaluroonhappe, v\u00f5imsa antioks\u00fcdantide kompleksi, C-vitamiini, puuviljaens\u00fc\u00fcmide ja looduslike taimeekstraktide koostisega.<\/p>\n<p><b><strong>N\u00e4idustused:<\/strong><\/b><\/p>\n<ul>\n<li>Kortsud, nahatooni kadumine silmade \u00fcmbruses.<\/li>\n<li>pastoosne periorbitaalpiirkond<\/li>\n<li>Pahaloomulised kotid<\/li>\n<li>Tumedad ringid silmade all.<\/li>\n<\/ul>\n<p><b><strong>Toime:<\/strong><\/b><\/p>\n<ul>\n<li>Mikrotsirkulatsiooni parandamine (venotooniseeriv toime, venoosse staa\u017ei v\u00e4hendamine) periorbitaalpiirkonnas.<\/li>\n<li>Naha niisutamine<\/li>\n<li>Naha regenereerimise parandamine<\/li>\n<li>kortsude tugevuse v\u00e4hendamine<\/li>\n<li>Antioks\u00fcdantne toime.<\/li>\n<\/ul>\n<p><b><strong>Mesokokteili koostis sisaldab:<\/strong><\/b><\/p>\n<ul>\n<li>Atset\u00fc\u00fclheksapeptiid-8, mis blokeerib lihaskontraktsioone ja aitab siluda n\u00e4o kortsusid<\/li>\n<li>H\u00fcaluroonhapet, millel on niisutav ja kerge kirgastav toime.<\/li>\n<li>Gammalellis ekstrakt, mis pehmendab nahka, tugevdab veresooni ja omab l\u00fcmfidrenaa\u017eiefekti.<\/li>\n<li>Puuvilja ens\u00fc\u00fcmid, mis kiirendavad rakkude regenereerimist.<\/li>\n<\/ul>\n<p><b><strong>Kasutamise tulemus:<\/strong><\/b><\/p>\n<ul>\n<li>Mikrotsirkulatsiooni paranemine, venoosse staa\u017ei korrigeerimine.<\/li>\n<li>Periorbitaalpiirkonna naha elastsuse suurendamine<\/li>\n<li>Kortsude v\u00e4hendamine<\/li>\n<li>\u201eTumedate ringide\u201c v\u00e4henemine periorbitaalses piirkonnas.<\/li>\n<li>Pastoossuse ja turse k\u00f5rvaldamine.<\/li>\n<\/ul>\n<p><b><strong>Toote koostis:<\/strong><\/b><\/p>\n<ul>\n<li>H\u00fcaluroonhape<\/li>\n<li>Kofeiin<\/li>\n<li>C-vitamiin<\/li>\n<li>N\u00f5gesmarja ekstrakt<\/li>\n<li>Rosmariini ekstrakt<\/li>\n<li>Mustika ekstrakt<\/li>\n<li>Atset\u00fc\u00fclheksapeptiid<\/li>\n<li>Superoksiiddismutaas<\/li>\n<li>Puuvilja ens\u00fc\u00fcmid<\/li>\n<\/ul>\n<p><b><strong>Kuidas kasutada:<\/strong><\/b><\/p>\n<p>Kokteili s\u00fcstid aitavad vabaneda Botoxi s\u00fcstidest p\u00f5hjustatud l\u00fcmfistaadist. Paljud kosmetoloogid kasutavad segu n\u00e4o ja dekolteede kupeeriidi k\u00f5rvaldamiseks ja ennetamiseks.<\/p>\n<p>K\u00f5ige tugevama m\u00f5ju saavutamiseks on soovitatav l\u00e4bi viia 4-6 seanssi 15-p\u00e4evase intervalliga. Edaspidi on vaja igakuiseid hooldusprotseduure. Ravimit manustatakse papulaarselt.<\/p>\n<p>Maht \u00fche tsooni kohta:<\/p>\n<ul>\n<li><em>1 \u2013 1,5 ml periorbitaalpiirkonna korrigeerimiseks.<\/em><\/li>\n<\/ul>\n<p><b><strong>Vastun\u00e4idustused:<\/strong><\/b><\/p>\n<p>Mesoteraapia protseduurid ei ole soovitatav teismelistele; antikoagulante v\u00f5tvatele inimestele, kes kannatavad vere h\u00fc\u00fcbimisprobleemide all; onkoloogiliste, infektsiooni-, autoimmuun- ja endokriinsete haigustega naistele ja meestele.<\/p>\n","protected":false},"excerpt":{"rendered":"<p>Spetsiaalne kokteil periorbitaalsele piirkonnale. H\u00fcaluroonhape, akupunktuuri ekstrakt, C-vitamiin ja antioks\u00fcdandid parandavad mikrotsirkulatsiooni, v\u00f5itlevad vanusemuutuste ja tumedate ringide vastu, muudavad naha siledaks ja elastseks.<\/p>\n","protected":false},"featured_media":44965,"template":"","meta":{"_seopress_robots_primary_cat":"none","_seopress_titles_title":"","_seopress_titles_desc":"","_seopress_robots_index":""},"item":[1194],"product_cat":[155,1122],"product_tag":[],"class_list":{"0":"post-44968","1":"product","2":"type-product","3":"status-publish","4":"has-post-thumbnail","6":"item-promoitalia-et-2","7":"product_cat-mesoteraapia-et","8":"product_cat-mesotherapy-for-eyes-et","10":"first","11":"instock","12":"taxable","13":"shipping-taxable","14":"purchasable","15":"product-type-simple"},"_links":{"self":[{"href":"https:\/\/cutismedical.shop\/et\/wp-json\/wp\/v2\/product\/44968","targetHints":{"allow":["GET"]}}],"collection":[{"href":"https:\/\/cutismedical.shop\/et\/wp-json\/wp\/v2\/product"}],"about":[{"href":"https:\/\/cutismedical.shop\/et\/wp-json\/wp\/v2\/types\/product"}],"wp:featuredmedia":[{"embeddable":true,"href":"https:\/\/cutismedical.shop\/et\/wp-json\/wp\/v2\/media\/44965"}],"wp:attachment":[{"href":"https:\/\/cutismedical.shop\/et\/wp-json\/wp\/v2\/media?parent=44968"}],"wp:term":[{"taxonomy":"item","embeddable":true,"href":"https:\/\/cutismedical.shop\/et\/wp-json\/wp\/v2\/item?post=44968"},{"taxonomy":"product_cat","embeddable":true,"href":"https:\/\/cutismedical.shop\/et\/wp-json\/wp\/v2\/product_cat?post=44968"},{"taxonomy":"product_tag","embeddable":true,"href":"https:\/\/cutismedical.shop\/et\/wp-json\/wp\/v2\/product_tag?post=44968"}],"curies":[{"name":"wp","href":"https:\/\/api.w.org\/{rel}","templated":true}]}}