{"id":44806,"date":"2024-10-22T10:13:39","date_gmt":"2024-10-22T08:13:39","guid":{"rendered":"https:\/\/cutismedical.com\/shop\/maaratlemata\/promoitalia-nucleonix-dna-1-ampoule-x-10ml-anti-aging-antioxidant\/"},"modified":"2024-12-25T12:54:44","modified_gmt":"2024-12-25T10:54:44","slug":"promoitalia-nucleonix-dna-1-ampoule-x-10ml-anti-aging-antioxidant","status":"publish","type":"product","link":"https:\/\/cutismedical.shop\/et\/shop-es\/mesoteraapia-et\/nagu-et\/promoitalia-nucleonix-dna-1-ampoule-x-10ml-anti-aging-antioxidant\/","title":{"rendered":"Promoitalia. Nucleonix DNA (1 ampull x 10ml.) \/ Vananemisvastane \/ Antioks\u00fcdant"},"content":{"rendered":"<p><strong>N\u00e4idustused:<\/strong><\/p>\n<ul>\n<li>(UV-kiirguse poolt p\u00f5hjustatud kahjustused).<\/li>\n<li>armid ja kahjustused (aknej\u00e4rgsed)<\/li>\n<li>fotovananemine<\/li>\n<li>stressis olev ja k\u00fcps nahk<\/li>\n<li>menopausieelne ja -j\u00e4rgne nahk.<\/li>\n<\/ul>\n<p><strong>Hoolduste sagedus:<\/strong><\/p>\n<p>Hoolduste arv s\u00f5ltub naha t\u00fc\u00fcbist. Tulemused on n\u00e4htavad p\u00e4rast esimest seanssi.<\/p>\n<p><strong>Koostis:<\/strong><\/p>\n<p>Toode, steriilne kosmeetiline lahus professionaalseks kasutamiseks, on 10 ml viaalis, mida saab kasutada kuni 5 seansi jaoks.<\/p>\n<p><strong>S\u00e4ilitamine:<\/strong><\/p>\n<p>Toodet tuleb s\u00e4ilitada temperatuuril alla 25\u00b0C. \u00c4rge pange toodet otsese p\u00e4ikesevalguse k\u00e4tte.<\/p>\n<p><em><strong>DNA-NUKLEOTIIDID:<\/strong><\/em><\/p>\n<p>Need on p\u00f5hikomponendid k\u00f5igis rakuprotsessides, mis aitavad kaasa nukleiinhapete moodustumisele.<\/p>\n<p>&#8211; Suurendavad valkude s\u00fcnteesi<\/p>\n<p>&#8211; Parandavad raku ainevahetust<\/p>\n<p>&#8211; Suurendavad rakkude paljunemise soodsat arengut<\/p>\n<p>&#8211; Soodustavad rakkude uuenemist<\/p>\n<p><em><strong>ROHELISE TEE EKSTRAKTID:<\/strong><\/em><\/p>\n<p>Roheline tee on aine, mis sisaldab v\u00f5imsaid koostisosi, nagu pol\u00fcfenool ja tokoferool, aine, millel on tugev antioks\u00fcdantne j\u00f5ud vabade radikaalide vastu.<\/p>\n<p><em><strong>SPIRULINA:<\/strong><\/em><\/p>\n<p>Sinine ainurakseline vetikas, mis sisaldab rohkelt klorof\u00fclli, valke, olulisi aminohappeid ja lipiide. Sisaldab ka A-C-E vitamiinikompleksi ja tokoferooli, mis on v\u00f5imeline kaitsma nahka oks\u00fcdatsiooni eest.<\/p>\n<p><em><strong>H\u00dcALUROONHAPET:<\/strong><\/em><\/p>\n<p>\u00dcks peamisi komponente sidekoes, mis vastutab naha niisutuse ja elastsuse eest.<\/p>\n","protected":false},"excerpt":{"rendered":"<h4><span style=\"color: #ed1c24;\"><strong>Ei ole mu\u0308u\u0308giks ELis!<\/strong><\/span><\/h4>\n<p>Taastav kokteil, mis sisaldab DNA nukleotiide, rohelist teed, spiruliini ja h\u00fcaluroonhapet, mis toimivad s\u00fcnergiliselt, et stimuleerida rakkude uuenemist.<\/p>\n","protected":false},"featured_media":44804,"template":"","meta":{"_seopress_robots_primary_cat":"none","_seopress_titles_title":"","_seopress_titles_desc":"","_seopress_robots_index":""},"item":[1194],"product_cat":[155,1188],"product_tag":[1885,1900],"class_list":{"0":"post-44806","1":"product","2":"type-product","3":"status-publish","4":"has-post-thumbnail","6":"item-promoitalia-et-2","7":"product_cat-mesoteraapia-et","8":"product_cat-nagu-et","9":"product_tag-kortsud","10":"product_tag-lotvunud-nahk","12":"first","13":"instock","14":"taxable","15":"shipping-taxable","16":"purchasable","17":"product-type-simple"},"_links":{"self":[{"href":"https:\/\/cutismedical.shop\/et\/wp-json\/wp\/v2\/product\/44806","targetHints":{"allow":["GET"]}}],"collection":[{"href":"https:\/\/cutismedical.shop\/et\/wp-json\/wp\/v2\/product"}],"about":[{"href":"https:\/\/cutismedical.shop\/et\/wp-json\/wp\/v2\/types\/product"}],"wp:featuredmedia":[{"embeddable":true,"href":"https:\/\/cutismedical.shop\/et\/wp-json\/wp\/v2\/media\/44804"}],"wp:attachment":[{"href":"https:\/\/cutismedical.shop\/et\/wp-json\/wp\/v2\/media?parent=44806"}],"wp:term":[{"taxonomy":"item","embeddable":true,"href":"https:\/\/cutismedical.shop\/et\/wp-json\/wp\/v2\/item?post=44806"},{"taxonomy":"product_cat","embeddable":true,"href":"https:\/\/cutismedical.shop\/et\/wp-json\/wp\/v2\/product_cat?post=44806"},{"taxonomy":"product_tag","embeddable":true,"href":"https:\/\/cutismedical.shop\/et\/wp-json\/wp\/v2\/product_tag?post=44806"}],"curies":[{"name":"wp","href":"https:\/\/api.w.org\/{rel}","templated":true}]}}