{"id":44395,"date":"2024-09-19T15:27:21","date_gmt":"2024-09-19T13:27:21","guid":{"rendered":"https:\/\/cutismedical.com\/shop\/maaratlemata\/mastelli-plinest-hair-1-syringe-x-2ml-pdrn-polynucleotides\/"},"modified":"2024-10-17T19:16:58","modified_gmt":"2024-10-17T17:16:58","slug":"mastelli-plinest-hair-1-syringe-x-2ml-pdrn-polynucleotides","status":"publish","type":"product","link":"https:\/\/cutismedical.shop\/et\/shop-es\/mesoteraapia-et\/hair-et\/mastelli-plinest-hair-1-syringe-x-2ml-pdrn-polynucleotides\/","title":{"rendered":"Mastelli. Plinest Hair (1 s\u00fcstal x 2 ml) | PDRN | Pol\u00fcnukleotiidid"},"content":{"rendered":"<p><strong>Omadused:<\/strong> Mastelli k\u00f5rgelt puhastatud pol\u00fcnukleotiidtehnoloogia \u2013 PN-HPT\u00ae (7,5 mg\/ml \u2013 2 ml s\u00fcstlad)<\/p>\n<ul>\n<li aria-level=\"1\">K\u00f5rgelt puhastatud pol\u00fcnukleotiidid (PN-HPT\u00ae) 7,5 mg\/ml<\/li>\n<li aria-level=\"1\">Saadaval 2 ml s\u00fcstaldes<\/li>\n<li aria-level=\"1\">Kaasas kaks 30G \u00bd n\u00f5ela<\/li>\n<\/ul>\n","protected":false},"excerpt":{"rendered":"<p><span style=\"color: #ed1c24;\"><strong>Ei ole mu\u0308u\u0308giks ELis!<\/strong><\/span><\/p>\n<p>Androgeense alopeetsia ravi meestel ja naistel, hormonaalse ja vanusega seotud alopeetsia, hajusa ja fokaalse alopeetsia, juuste kasvu h\u00e4ired p\u00e4rast trikoloogilist operatsiooni, juuste tiheduse v\u00e4henemine.<\/p>\n","protected":false},"featured_media":44393,"template":"","meta":{"_seopress_robots_primary_cat":"none","_seopress_titles_title":"","_seopress_titles_desc":"","_seopress_robots_index":""},"item":[2017],"product_cat":[155,1190],"product_tag":[],"class_list":{"0":"post-44395","1":"product","2":"type-product","3":"status-publish","4":"has-post-thumbnail","6":"item-mastelli-aesthetic-et","7":"product_cat-mesoteraapia-et","8":"product_cat-hair-et","10":"first","11":"instock","12":"taxable","13":"shipping-taxable","14":"purchasable","15":"product-type-simple"},"_links":{"self":[{"href":"https:\/\/cutismedical.shop\/et\/wp-json\/wp\/v2\/product\/44395","targetHints":{"allow":["GET"]}}],"collection":[{"href":"https:\/\/cutismedical.shop\/et\/wp-json\/wp\/v2\/product"}],"about":[{"href":"https:\/\/cutismedical.shop\/et\/wp-json\/wp\/v2\/types\/product"}],"wp:featuredmedia":[{"embeddable":true,"href":"https:\/\/cutismedical.shop\/et\/wp-json\/wp\/v2\/media\/44393"}],"wp:attachment":[{"href":"https:\/\/cutismedical.shop\/et\/wp-json\/wp\/v2\/media?parent=44395"}],"wp:term":[{"taxonomy":"item","embeddable":true,"href":"https:\/\/cutismedical.shop\/et\/wp-json\/wp\/v2\/item?post=44395"},{"taxonomy":"product_cat","embeddable":true,"href":"https:\/\/cutismedical.shop\/et\/wp-json\/wp\/v2\/product_cat?post=44395"},{"taxonomy":"product_tag","embeddable":true,"href":"https:\/\/cutismedical.shop\/et\/wp-json\/wp\/v2\/product_tag?post=44395"}],"curies":[{"name":"wp","href":"https:\/\/api.w.org\/{rel}","templated":true}]}}