{"id":44386,"date":"2024-09-18T15:09:37","date_gmt":"2024-09-18T13:09:37","guid":{"rendered":"https:\/\/cutismedical.com\/shop\/maaratlemata\/croma-philart-next-1-syringe-x-2ml-pdrn-polynucleotides\/"},"modified":"2024-10-17T19:25:42","modified_gmt":"2024-10-17T17:25:42","slug":"croma-philart-next-1-syringe-x-2ml-pdrn-polynucleotides","status":"publish","type":"product","link":"https:\/\/cutismedical.shop\/et\/shop-es\/mesoteraapia-et\/nagu-et\/croma-philart-next-1-syringe-x-2ml-pdrn-polynucleotides\/","title":{"rendered":"Croma | PhilArt Next (1 s\u00fcstal x 2 ml) | PDRN | Pol\u00fcnukleotiidid"},"content":{"rendered":"<p><strong>Kasutuspiirkonnad: <\/strong>p\u00f5sed, l\u00f5ug, kael, dekoltee, k\u00e4ed.<\/p>\n<p><strong>Pakend sisaldab:<\/strong><\/p>\n<ul>\n<li>1 s\u00fcstal mahuga 2 ml<\/li>\n<li>2 n\u00f5ela 30G*13 mm<\/li>\n<\/ul>\n<p><strong>Toote koostis:<\/strong><\/p>\n<ul>\n<li>20 mg\/ml pol\u00fcnukleotiide<\/li>\n<li>20 mg\/ml ristseostamata h\u00fcaluroonhapet<\/li>\n<\/ul>\n<hr \/>\n<p><em>Croma-Pharma on pereettev\u00f5te, mis keskendub inimeste heaolu parandamisele, arendades ja levitades uuenduslikke tooteid esteetilise dermatoloogia valdkonnas. Croma-Pharma toodab Saypha t\u00e4iteaineid, mis p\u00f5hinevad h\u00fcaluroonhappel. Need s\u00fcstitavad preparaadid on v\u00e4lja t\u00f6\u00f6tatud erinevate kosmeetiliste n\u00e4idustuste raviks ning on t\u00f5estanud oma t\u00f5husust kortsude, voltide ja armide korrigeerimisel, n\u00e4o mahu taastamisel, huulte suurendamisel, samuti naha niisutamisel ja noorendamisel.<\/em><\/p>\n","protected":false},"excerpt":{"rendered":"<h4><span style=\"color: #ed1c24;\"><strong>Ei ole mu\u0308u\u0308giks ELis!<\/strong><\/span><\/h4>\n<p>Stimuleerib fibroblastirakke kollageeni tootmiseks.<br \/>\nTagab naha s\u00fcgava niisutamise.<br \/>\nPinguldab ja niisutab nahka.<br \/>\nSobib ideaalselt k\u00fcpsele nahale.<\/p>\n","protected":false},"featured_media":44382,"template":"","meta":{"_seopress_robots_primary_cat":"none","_seopress_titles_title":"","_seopress_titles_desc":"","_seopress_robots_index":""},"item":[2111],"product_cat":[155,1188],"product_tag":[],"class_list":{"0":"post-44386","1":"product","2":"type-product","3":"status-publish","4":"has-post-thumbnail","6":"item-croma-et","7":"product_cat-mesoteraapia-et","8":"product_cat-nagu-et","10":"first","11":"instock","12":"taxable","13":"shipping-taxable","14":"purchasable","15":"product-type-simple"},"_links":{"self":[{"href":"https:\/\/cutismedical.shop\/et\/wp-json\/wp\/v2\/product\/44386","targetHints":{"allow":["GET"]}}],"collection":[{"href":"https:\/\/cutismedical.shop\/et\/wp-json\/wp\/v2\/product"}],"about":[{"href":"https:\/\/cutismedical.shop\/et\/wp-json\/wp\/v2\/types\/product"}],"wp:featuredmedia":[{"embeddable":true,"href":"https:\/\/cutismedical.shop\/et\/wp-json\/wp\/v2\/media\/44382"}],"wp:attachment":[{"href":"https:\/\/cutismedical.shop\/et\/wp-json\/wp\/v2\/media?parent=44386"}],"wp:term":[{"taxonomy":"item","embeddable":true,"href":"https:\/\/cutismedical.shop\/et\/wp-json\/wp\/v2\/item?post=44386"},{"taxonomy":"product_cat","embeddable":true,"href":"https:\/\/cutismedical.shop\/et\/wp-json\/wp\/v2\/product_cat?post=44386"},{"taxonomy":"product_tag","embeddable":true,"href":"https:\/\/cutismedical.shop\/et\/wp-json\/wp\/v2\/product_tag?post=44386"}],"curies":[{"name":"wp","href":"https:\/\/api.w.org\/{rel}","templated":true}]}}