{"id":44376,"date":"2024-09-18T14:54:15","date_gmt":"2024-09-18T12:54:15","guid":{"rendered":"https:\/\/cutismedical.com\/shop\/maaratlemata\/croma-philart-hair-1-syringe-x-2ml-pdrn-polynucleotides\/"},"modified":"2024-10-17T19:29:43","modified_gmt":"2024-10-17T17:29:43","slug":"croma-philart-hair-1-syringe-x-2ml-pdrn-polynucleotides","status":"publish","type":"product","link":"https:\/\/cutismedical.shop\/et\/shop-es\/mesoteraapia-et\/hair-et\/croma-philart-hair-1-syringe-x-2ml-pdrn-polynucleotides\/","title":{"rendered":"Croma | PhilArt Hair (1 s\u00fcstal x 2 ml) | PDRN | Pol\u00fcnukleotiidid"},"content":{"rendered":"<p>See toode toidab peanahka ja stimuleerib juuste kasvu, parandades juuste \u00fcldist v\u00e4limust. See v\u00e4hendab juuste v\u00e4ljalangemist ja taastab nende elastsuse ja tooni. T\u00e4nu PN-HPT-tehnoloogiale (k\u00f5rgelt puhastatud pol\u00fcnukleotiidid) aitab PhilArt Hair rakkude taastumise ja parandamisega ning taastab niiskustasakaalu. Tulemusena paraneb m\u00e4rkimisv\u00e4\u00e4rselt juuste ja peanaha v\u00e4limus, kvaliteet ja tekstuur.<\/p>\n<p><strong>Pakend sisaldab:<\/strong><\/p>\n<ul>\n<li>1 s\u00fcstal mahuga 2 ml<\/li>\n<li>2 n\u00f5ela 30G*13 mm<\/li>\n<\/ul>\n<p><strong>Toote koostis:<\/strong><\/p>\n<ul>\n<li>15 mg\/ml pol\u00fcnukleotiide<\/li>\n<\/ul>\n<p><strong>PhilArt Hair 2 ml eelised:<\/strong><\/p>\n<ul>\n<li>Stimuleerib juuste kasvu kulmukaartel ja peanahal<\/li>\n<li>Toetab juuste kasvu hormonaalsest juuste v\u00e4ljalangemisest tingitud juhtudel<\/li>\n<li>Sobib naistele, kellel on tundlik nahk ja juuste v\u00e4ljalangemine naiste hormonaalse alopeetsia t\u00f5ttu<\/li>\n<\/ul>\n<p><strong>Kasutuspiirkonnad: peanahk, kulmud<\/strong><\/p>\n<p>Croma-Pharma on pereettev\u00f5te, mis keskendub inimeste heaolu parandamisele, arendades ja levitades uuenduslikke tooteid esteetilise dermatoloogia valdkonnas. Croma-Pharma toodab Saypha t\u00e4iteaineid, mis p\u00f5hinevad h\u00fcaluroonhappel. Need s\u00fcstitavad preparaadid on v\u00e4lja t\u00f6\u00f6tatud erinevate kosmeetiliste n\u00e4idustuste raviks ning on t\u00f5estanud oma t\u00f5husust kortsude, voltide ja armide korrigeerimisel, n\u00e4o mahu taastamisel, huulte suurendamisel, samuti naha niisutamisel ja noorendamisel.<\/p>\n","protected":false},"excerpt":{"rendered":"<h4><span style=\"color: #ed1c24;\"><strong>Ei ole mu\u0308u\u0308giks ELis!<\/strong><\/span><\/h4>\n<p>PhilArt Hair on innovatiivne juukseid stimuleeriv biostimulaator Croma-Pharmast. See on loodud juuste tugevdamiseks ja kasvu stimuleerimiseks.<\/p>\n","protected":false},"featured_media":44374,"template":"","meta":{"_seopress_robots_primary_cat":"none","_seopress_titles_title":"","_seopress_titles_desc":"","_seopress_robots_index":""},"item":[2111],"product_cat":[155,1190],"product_tag":[],"class_list":{"0":"post-44376","1":"product","2":"type-product","3":"status-publish","4":"has-post-thumbnail","6":"item-croma-et","7":"product_cat-mesoteraapia-et","8":"product_cat-hair-et","10":"first","11":"instock","12":"taxable","13":"shipping-taxable","14":"purchasable","15":"product-type-simple"},"_links":{"self":[{"href":"https:\/\/cutismedical.shop\/et\/wp-json\/wp\/v2\/product\/44376","targetHints":{"allow":["GET"]}}],"collection":[{"href":"https:\/\/cutismedical.shop\/et\/wp-json\/wp\/v2\/product"}],"about":[{"href":"https:\/\/cutismedical.shop\/et\/wp-json\/wp\/v2\/types\/product"}],"wp:featuredmedia":[{"embeddable":true,"href":"https:\/\/cutismedical.shop\/et\/wp-json\/wp\/v2\/media\/44374"}],"wp:attachment":[{"href":"https:\/\/cutismedical.shop\/et\/wp-json\/wp\/v2\/media?parent=44376"}],"wp:term":[{"taxonomy":"item","embeddable":true,"href":"https:\/\/cutismedical.shop\/et\/wp-json\/wp\/v2\/item?post=44376"},{"taxonomy":"product_cat","embeddable":true,"href":"https:\/\/cutismedical.shop\/et\/wp-json\/wp\/v2\/product_cat?post=44376"},{"taxonomy":"product_tag","embeddable":true,"href":"https:\/\/cutismedical.shop\/et\/wp-json\/wp\/v2\/product_tag?post=44376"}],"curies":[{"name":"wp","href":"https:\/\/api.w.org\/{rel}","templated":true}]}}